{"id":9741,"date":"2025-01-20T12:16:56","date_gmt":"2025-01-20T12:16:56","guid":{"rendered":"https:\/\/baterii-stivuitor.ro\/?post_type=product&#038;p=9741"},"modified":"2025-01-21T10:01:16","modified_gmt":"2025-01-21T10:01:16","slug":"electrostivuitor-still-r60-40","status":"publish","type":"product","link":"https:\/\/baterii-stivuitor.ro\/en\/product\/electrostivuitor-still-r60-40\/","title":{"rendered":"Electrostivuitor Still R60-40"},"content":{"rendered":"<p>Capacitate: 4000 kg<\/p>\n<p>Electric<\/p>\n<p>An fabrica\u021bie 2005<\/p>\n<p>Ore \u00eenregistrate 10491<\/p>\n<p>Catarg : Triplex<\/p>\n<p>\u00cen\u0103l\u021bime de ridicare 4.3 m<\/p>\n<p>\u00cen\u0103l\u021bime constructiv\u0103 m<\/p>\n<p>Loca\u021bie stivuitor: Olanda<\/p>\n<p>Se aduce la comand\u0103<\/p>\n<p>Pre\u021bul \u00a0include transportul<\/p>\n<p>Posibilitate de factur\u0103 extern\u0103 f\u0103r\u0103 TVA<\/p>\n<p>Posibilitate de achizi\u021bie \u00een rate, \u00eencep\u00e2nd cu\u00a0 lei rata lunar\u0103.<\/p>\n<p>Revizie GRATUITA la achizi\u021bie<\/p>\n<p>Garan\u021bie 6 luni sau 300 ore de func\u021bionare<\/p>","protected":false},"excerpt":{"rendered":"<p>Electrostivuitor Still R60-40<\/p>","protected":false},"featured_media":9742,"comment_status":"open","ping_status":"closed","template":"","meta":[],"product_cat":[169],"product_tag":[],"class_list":{"0":"post-9741","1":"product","2":"type-product","3":"status-publish","4":"has-post-thumbnail","6":"product_cat-motostivuitor","7":"product_brand-still","9":"first","10":"onbackorder","11":"shipping-taxable","12":"purchasable","13":"product-type-simple"},"yoast_head":"<!-- This site is optimized with the Yoast SEO plugin v24.7 - https:\/\/yoast.com\/wordpress\/plugins\/seo\/ -->\n<title>Electrostivuitor Still R60-40 - Baterii stivuitor<\/title>\n<meta name=\"robots\" content=\"index, follow, max-snippet:-1, max-image-preview:large, max-video-preview:-1\" \/>\n<link rel=\"canonical\" href=\"https:\/\/baterii-stivuitor.ro\/en\/product\/electrostivuitor-still-r60-40\/\" \/>\n<meta property=\"og:locale\" content=\"en_US\" \/>\n<meta property=\"og:type\" content=\"article\" \/>\n<meta property=\"og:title\" content=\"Electrostivuitor Still R60-40 - Baterii stivuitor\" \/>\n<meta property=\"og:description\" content=\"Electrostivuitor Still R60-40\" \/>\n<meta property=\"og:url\" content=\"https:\/\/baterii-stivuitor.ro\/en\/product\/electrostivuitor-still-r60-40\/\" \/>\n<meta property=\"og:site_name\" content=\"Baterii stivuitor\" \/>\n<meta property=\"article:modified_time\" content=\"2025-01-21T10:01:16+00:00\" \/>\n<meta property=\"og:image\" content=\"https:\/\/baterii-stivuitor.ro\/wp-content\/uploads\/2025\/01\/IMG_5306-scaled-1.jpeg\" \/>\n\t<meta property=\"og:image:width\" content=\"2560\" \/>\n\t<meta property=\"og:image:height\" content=\"1920\" \/>\n\t<meta property=\"og:image:type\" content=\"image\/jpeg\" \/>\n<meta name=\"twitter:card\" content=\"summary_large_image\" \/>\n<meta name=\"twitter:label1\" content=\"Est. reading time\" \/>\n\t<meta name=\"twitter:data1\" content=\"1 minute\" \/>\n<script type=\"application\/ld+json\" class=\"yoast-schema-graph\">{\"@context\":\"https:\/\/schema.org\",\"@graph\":[{\"@type\":\"WebPage\",\"@id\":\"https:\/\/baterii-stivuitor.ro\/produs\/electrostivuitor-still-r60-40\/\",\"url\":\"https:\/\/baterii-stivuitor.ro\/produs\/electrostivuitor-still-r60-40\/\",\"name\":\"Electrostivuitor Still R60-40 - Baterii stivuitor\",\"isPartOf\":{\"@id\":\"https:\/\/baterii-stivuitor.ro\/#website\"},\"primaryImageOfPage\":{\"@id\":\"https:\/\/baterii-stivuitor.ro\/produs\/electrostivuitor-still-r60-40\/#primaryimage\"},\"image\":{\"@id\":\"https:\/\/baterii-stivuitor.ro\/produs\/electrostivuitor-still-r60-40\/#primaryimage\"},\"thumbnailUrl\":\"https:\/\/baterii-stivuitor.ro\/wp-content\/uploads\/2025\/01\/IMG_5306-scaled-1.jpeg\",\"datePublished\":\"2025-01-20T12:16:56+00:00\",\"dateModified\":\"2025-01-21T10:01:16+00:00\",\"breadcrumb\":{\"@id\":\"https:\/\/baterii-stivuitor.ro\/produs\/electrostivuitor-still-r60-40\/#breadcrumb\"},\"inLanguage\":\"en-US\",\"potentialAction\":[{\"@type\":\"ReadAction\",\"target\":[\"https:\/\/baterii-stivuitor.ro\/produs\/electrostivuitor-still-r60-40\/\"]}]},{\"@type\":\"ImageObject\",\"inLanguage\":\"en-US\",\"@id\":\"https:\/\/baterii-stivuitor.ro\/produs\/electrostivuitor-still-r60-40\/#primaryimage\",\"url\":\"https:\/\/baterii-stivuitor.ro\/wp-content\/uploads\/2025\/01\/IMG_5306-scaled-1.jpeg\",\"contentUrl\":\"https:\/\/baterii-stivuitor.ro\/wp-content\/uploads\/2025\/01\/IMG_5306-scaled-1.jpeg\",\"width\":2560,\"height\":1920},{\"@type\":\"BreadcrumbList\",\"@id\":\"https:\/\/baterii-stivuitor.ro\/produs\/electrostivuitor-still-r60-40\/#breadcrumb\",\"itemListElement\":[{\"@type\":\"ListItem\",\"position\":1,\"name\":\"Prima pagin\u0103\",\"item\":\"https:\/\/baterii-stivuitor.ro\/\"},{\"@type\":\"ListItem\",\"position\":2,\"name\":\"Magazin\",\"item\":\"https:\/\/baterii-stivuitor.ro\/shop\/\"},{\"@type\":\"ListItem\",\"position\":3,\"name\":\"Electrostivuitor Still R60-40\"}]},{\"@type\":\"WebSite\",\"@id\":\"https:\/\/baterii-stivuitor.ro\/#website\",\"url\":\"https:\/\/baterii-stivuitor.ro\/\",\"name\":\"Baterii stivuitor\",\"description\":\"\",\"potentialAction\":[{\"@type\":\"SearchAction\",\"target\":{\"@type\":\"EntryPoint\",\"urlTemplate\":\"https:\/\/baterii-stivuitor.ro\/?s={search_term_string}\"},\"query-input\":{\"@type\":\"PropertyValueSpecification\",\"valueRequired\":true,\"valueName\":\"search_term_string\"}}],\"inLanguage\":\"en-US\"}]}<\/script>\n<!-- \/ Yoast SEO plugin. -->","yoast_head_json":{"title":"Electrostivuitor Still R60-40 - Baterii stivuitor","robots":{"index":"index","follow":"follow","max-snippet":"max-snippet:-1","max-image-preview":"max-image-preview:large","max-video-preview":"max-video-preview:-1"},"canonical":"https:\/\/baterii-stivuitor.ro\/en\/product\/electrostivuitor-still-r60-40\/","og_locale":"en_US","og_type":"article","og_title":"Electrostivuitor Still R60-40 - Baterii stivuitor","og_description":"Electrostivuitor Still R60-40","og_url":"https:\/\/baterii-stivuitor.ro\/en\/product\/electrostivuitor-still-r60-40\/","og_site_name":"Baterii stivuitor","article_modified_time":"2025-01-21T10:01:16+00:00","og_image":[{"width":2560,"height":1920,"url":"https:\/\/baterii-stivuitor.ro\/wp-content\/uploads\/2025\/01\/IMG_5306-scaled-1.jpeg","type":"image\/jpeg"}],"twitter_card":"summary_large_image","twitter_misc":{"Est. reading time":"1 minute"},"schema":{"@context":"https:\/\/schema.org","@graph":[{"@type":"WebPage","@id":"https:\/\/baterii-stivuitor.ro\/produs\/electrostivuitor-still-r60-40\/","url":"https:\/\/baterii-stivuitor.ro\/produs\/electrostivuitor-still-r60-40\/","name":"Electrostivuitor Still R60-40 - Baterii stivuitor","isPartOf":{"@id":"https:\/\/baterii-stivuitor.ro\/#website"},"primaryImageOfPage":{"@id":"https:\/\/baterii-stivuitor.ro\/produs\/electrostivuitor-still-r60-40\/#primaryimage"},"image":{"@id":"https:\/\/baterii-stivuitor.ro\/produs\/electrostivuitor-still-r60-40\/#primaryimage"},"thumbnailUrl":"https:\/\/baterii-stivuitor.ro\/wp-content\/uploads\/2025\/01\/IMG_5306-scaled-1.jpeg","datePublished":"2025-01-20T12:16:56+00:00","dateModified":"2025-01-21T10:01:16+00:00","breadcrumb":{"@id":"https:\/\/baterii-stivuitor.ro\/produs\/electrostivuitor-still-r60-40\/#breadcrumb"},"inLanguage":"en-US","potentialAction":[{"@type":"ReadAction","target":["https:\/\/baterii-stivuitor.ro\/produs\/electrostivuitor-still-r60-40\/"]}]},{"@type":"ImageObject","inLanguage":"en-US","@id":"https:\/\/baterii-stivuitor.ro\/produs\/electrostivuitor-still-r60-40\/#primaryimage","url":"https:\/\/baterii-stivuitor.ro\/wp-content\/uploads\/2025\/01\/IMG_5306-scaled-1.jpeg","contentUrl":"https:\/\/baterii-stivuitor.ro\/wp-content\/uploads\/2025\/01\/IMG_5306-scaled-1.jpeg","width":2560,"height":1920},{"@type":"BreadcrumbList","@id":"https:\/\/baterii-stivuitor.ro\/produs\/electrostivuitor-still-r60-40\/#breadcrumb","itemListElement":[{"@type":"ListItem","position":1,"name":"Prima pagin\u0103","item":"https:\/\/baterii-stivuitor.ro\/"},{"@type":"ListItem","position":2,"name":"Magazin","item":"https:\/\/baterii-stivuitor.ro\/shop\/"},{"@type":"ListItem","position":3,"name":"Electrostivuitor Still R60-40"}]},{"@type":"WebSite","@id":"https:\/\/baterii-stivuitor.ro\/#website","url":"https:\/\/baterii-stivuitor.ro\/","name":"Baterii stivuitor","description":"","potentialAction":[{"@type":"SearchAction","target":{"@type":"EntryPoint","urlTemplate":"https:\/\/baterii-stivuitor.ro\/?s={search_term_string}"},"query-input":{"@type":"PropertyValueSpecification","valueRequired":true,"valueName":"search_term_string"}}],"inLanguage":"en-US"}]}},"_links":{"self":[{"href":"https:\/\/baterii-stivuitor.ro\/en\/wp-json\/wp\/v2\/product\/9741","targetHints":{"allow":["GET"]}}],"collection":[{"href":"https:\/\/baterii-stivuitor.ro\/en\/wp-json\/wp\/v2\/product"}],"about":[{"href":"https:\/\/baterii-stivuitor.ro\/en\/wp-json\/wp\/v2\/types\/product"}],"replies":[{"embeddable":true,"href":"https:\/\/baterii-stivuitor.ro\/en\/wp-json\/wp\/v2\/comments?post=9741"}],"wp:featuredmedia":[{"embeddable":true,"href":"https:\/\/baterii-stivuitor.ro\/en\/wp-json\/wp\/v2\/media\/9742"}],"wp:attachment":[{"href":"https:\/\/baterii-stivuitor.ro\/en\/wp-json\/wp\/v2\/media?parent=9741"}],"wp:term":[{"taxonomy":"product_cat","embeddable":true,"href":"https:\/\/baterii-stivuitor.ro\/en\/wp-json\/wp\/v2\/product_cat?post=9741"},{"taxonomy":"product_tag","embeddable":true,"href":"https:\/\/baterii-stivuitor.ro\/en\/wp-json\/wp\/v2\/product_tag?post=9741"}],"curies":[{"name":"wp","href":"https:\/\/api.w.org\/{rel}","templated":true}]}}