{"id":9720,"date":"2025-01-16T17:00:07","date_gmt":"2025-01-16T17:00:07","guid":{"rendered":"https:\/\/baterii-stivuitor.ro\/produs\/motostivuitor-toyota-8-fg-45-n\/"},"modified":"2025-01-16T17:00:08","modified_gmt":"2025-01-16T17:00:08","slug":"motostivuitor-toyota-8-fg-45-n","status":"publish","type":"product","link":"https:\/\/baterii-stivuitor.ro\/en\/product\/motostivuitor-toyota-8-fg-45-n\/","title":{"rendered":"Motostivuitor TOYOTA 8-FG-45-N"},"content":{"rendered":"<p style=\"margin: 0px 0px 1.5rem;font-weight: 300;font-family: Roboto;font-size: 13.72px;font-style: normal;line-height: 1.86;letter-spacing: normal;text-transform: none;text-align: left;text-indent: 0px;text-decoration: none\">Capacitate: 4500 kg<\/p>\n<p style=\"margin: 0px 0px 1.5rem;font-weight: 300;font-family: Roboto;font-size: 13.72px;font-style: normal;line-height: 1.86;letter-spacing: normal;text-transform: none;text-align: left;text-indent: 0px;text-decoration: none\">GPL<\/p>\n<p style=\"margin: 0px 0px 1.5rem;font-weight: 300;font-family: Roboto;font-size: 13.72px;font-style: normal;line-height: 1.86;letter-spacing: normal;text-transform: none;text-align: left;text-indent: 0px;text-decoration: none\">An fabrica\u021bie 2015<\/p>\n<p style=\"margin: 0px 0px 1.5rem;font-weight: 300;font-family: Roboto;font-size: 13.72px;font-style: normal;line-height: 1.86;letter-spacing: normal;text-transform: none;text-align: left;text-indent: 0px;text-decoration: none\">Ore \u00eenregistrate 14.725<\/p>\n<p style=\"margin: 0px 0px 1.5rem;font-weight: 300;font-family: Roboto;font-size: 13.72px;font-style: normal;line-height: 1.86;letter-spacing: normal;text-transform: none;text-align: left;text-indent: 0px;text-decoration: none\">Catarg duplex<\/p>\n<p style=\"margin: 0px 0px 1.5rem;font-weight: 300;font-family: Roboto;font-size: 13.72px;font-style: normal;line-height: 1.86;letter-spacing: normal;text-transform: none;text-align: left;text-indent: 0px;text-decoration: none\">\u00cen\u0103l\u021bime de ridicare 5 m<\/p>\n<p style=\"margin: 0px 0px 1.5rem;font-weight: 300;font-family: Roboto;font-size: 13.72px;font-style: normal;line-height: 1.86;letter-spacing: normal;text-transform: none;text-align: left;text-indent: 0px;text-decoration: none\">\u00cen\u0103l\u021bime constructiv\u0103 3.3 m<\/p>\n<p style=\"margin: 0px 0px 1.5rem;font-weight: 300;font-family: Roboto;font-size: 13.72px;font-style: normal;line-height: 1.86;letter-spacing: normal;text-transform: none;text-align: left;text-indent: 0px;text-decoration: none\">Loca\u021bie stivuitor: Olanda<\/p>\n<p style=\"margin: 0px 0px 1.5rem;font-weight: 300;font-family: Roboto;font-size: 13.72px;font-style: normal;line-height: 1.86;letter-spacing: normal;text-transform: none;text-align: left;text-indent: 0px;text-decoration: none\">Se aduce la comand\u0103<\/p>\n<p style=\"margin: 0px 0px 1.5rem;font-weight: 300;font-family: Roboto;font-size: 13.72px;font-style: normal;line-height: 1.86;letter-spacing: normal;text-transform: none;text-align: left;text-indent: 0px;text-decoration: none\">Pre\u021bul nu include transportul<\/p>\n<p style=\"margin: 0px 0px 1.5rem;font-weight: 300;font-family: Roboto;font-size: 13.72px;font-style: normal;line-height: 1.86;letter-spacing: normal;text-transform: none;text-align: left;text-indent: 0px;text-decoration: none\">Posibilitate de factur\u0103 extern\u0103 f\u0103r\u0103 TVA<\/p>\n<p style=\"margin: 0px;font-weight: 300;font-family: Roboto;font-size: 13.72px;font-style: normal;line-height: 1.86;letter-spacing: normal;text-transform: none;text-align: left;text-indent: 0px;text-decoration: none\">Posibilitate de achizi\u021bie \u00een rate, \u00eencep\u00e2nd cu 1629 lei rata lunar\u0103.<\/p>","protected":false},"excerpt":{"rendered":"<p>Capacitate: 4500 kg GPL An fabrica\u021bie 2015 Ore \u00eenregistrate 14.725 Catarg duplex \u00cen\u0103l\u021bime de ridicare 5 m \u00cen\u0103l\u021bime constructiv\u0103 3.3 m Loca\u021bie stivuitor: Olanda Se aduce la comand\u0103 Pre\u021bul nu include transportul Posibilitate de factur\u0103 extern\u0103 f\u0103r\u0103 TVA Posibilitate de achizi\u021bie \u00een rate, \u00eencep\u00e2nd cu 1629 lei rata lunar\u0103.<\/p>","protected":false},"featured_media":9717,"comment_status":"open","ping_status":"closed","template":"","meta":[],"product_cat":[169],"product_tag":[],"class_list":{"0":"post-9720","1":"product","2":"type-product","3":"status-publish","4":"has-post-thumbnail","6":"product_cat-motostivuitor","8":"first","9":"instock","10":"shipping-taxable","11":"purchasable","12":"product-type-simple"},"yoast_head":"<!-- This site is optimized with the Yoast SEO plugin v24.7 - https:\/\/yoast.com\/wordpress\/plugins\/seo\/ -->\n<title>Motostivuitor TOYOTA 8-FG-45-N - Baterii stivuitor<\/title>\n<meta name=\"robots\" content=\"index, follow, max-snippet:-1, max-image-preview:large, max-video-preview:-1\" \/>\n<link rel=\"canonical\" href=\"https:\/\/baterii-stivuitor.ro\/en\/product\/motostivuitor-toyota-8-fg-45-n\/\" \/>\n<meta property=\"og:locale\" content=\"en_US\" \/>\n<meta property=\"og:type\" content=\"article\" \/>\n<meta property=\"og:title\" content=\"Motostivuitor TOYOTA 8-FG-45-N - Baterii stivuitor\" \/>\n<meta property=\"og:description\" content=\"Capacitate: 4500 kg GPL An fabrica\u021bie 2015 Ore \u00eenregistrate 14.725 Catarg duplex \u00cen\u0103l\u021bime de ridicare 5 m \u00cen\u0103l\u021bime constructiv\u0103 3.3 m Loca\u021bie stivuitor: Olanda Se aduce la comand\u0103 Pre\u021bul nu include transportul Posibilitate de factur\u0103 extern\u0103 f\u0103r\u0103 TVA Posibilitate de achizi\u021bie \u00een rate, \u00eencep\u00e2nd cu 1629 lei rata lunar\u0103.\" \/>\n<meta property=\"og:url\" content=\"https:\/\/baterii-stivuitor.ro\/en\/product\/motostivuitor-toyota-8-fg-45-n\/\" \/>\n<meta property=\"og:site_name\" content=\"Baterii stivuitor\" \/>\n<meta property=\"article:modified_time\" content=\"2025-01-16T17:00:08+00:00\" \/>\n<meta name=\"twitter:card\" content=\"summary_large_image\" \/>\n<script type=\"application\/ld+json\" class=\"yoast-schema-graph\">{\"@context\":\"https:\/\/schema.org\",\"@graph\":[{\"@type\":\"WebPage\",\"@id\":\"https:\/\/baterii-stivuitor.ro\/produs\/motostivuitor-toyota-8-fg-45-n\/\",\"url\":\"https:\/\/baterii-stivuitor.ro\/produs\/motostivuitor-toyota-8-fg-45-n\/\",\"name\":\"Motostivuitor TOYOTA 8-FG-45-N - Baterii stivuitor\",\"isPartOf\":{\"@id\":\"https:\/\/baterii-stivuitor.ro\/#website\"},\"primaryImageOfPage\":{\"@id\":\"https:\/\/baterii-stivuitor.ro\/produs\/motostivuitor-toyota-8-fg-45-n\/#primaryimage\"},\"image\":{\"@id\":\"https:\/\/baterii-stivuitor.ro\/produs\/motostivuitor-toyota-8-fg-45-n\/#primaryimage\"},\"thumbnailUrl\":\"https:\/\/baterii-stivuitor.ro\/wp-content\/uploads\/2025\/01\/img_6326-scaled.jpeg\",\"datePublished\":\"2025-01-16T17:00:07+00:00\",\"dateModified\":\"2025-01-16T17:00:08+00:00\",\"breadcrumb\":{\"@id\":\"https:\/\/baterii-stivuitor.ro\/produs\/motostivuitor-toyota-8-fg-45-n\/#breadcrumb\"},\"inLanguage\":\"en-US\",\"potentialAction\":[{\"@type\":\"ReadAction\",\"target\":[\"https:\/\/baterii-stivuitor.ro\/produs\/motostivuitor-toyota-8-fg-45-n\/\"]}]},{\"@type\":\"ImageObject\",\"inLanguage\":\"en-US\",\"@id\":\"https:\/\/baterii-stivuitor.ro\/produs\/motostivuitor-toyota-8-fg-45-n\/#primaryimage\",\"url\":\"https:\/\/baterii-stivuitor.ro\/wp-content\/uploads\/2025\/01\/img_6326-scaled.jpeg\",\"contentUrl\":\"https:\/\/baterii-stivuitor.ro\/wp-content\/uploads\/2025\/01\/img_6326-scaled.jpeg\",\"width\":2560,\"height\":1707},{\"@type\":\"BreadcrumbList\",\"@id\":\"https:\/\/baterii-stivuitor.ro\/produs\/motostivuitor-toyota-8-fg-45-n\/#breadcrumb\",\"itemListElement\":[{\"@type\":\"ListItem\",\"position\":1,\"name\":\"Prima pagin\u0103\",\"item\":\"https:\/\/baterii-stivuitor.ro\/\"},{\"@type\":\"ListItem\",\"position\":2,\"name\":\"Magazin\",\"item\":\"https:\/\/baterii-stivuitor.ro\/shop\/\"},{\"@type\":\"ListItem\",\"position\":3,\"name\":\"Motostivuitor TOYOTA 8-FG-45-N\"}]},{\"@type\":\"WebSite\",\"@id\":\"https:\/\/baterii-stivuitor.ro\/#website\",\"url\":\"https:\/\/baterii-stivuitor.ro\/\",\"name\":\"Baterii stivuitor\",\"description\":\"\",\"potentialAction\":[{\"@type\":\"SearchAction\",\"target\":{\"@type\":\"EntryPoint\",\"urlTemplate\":\"https:\/\/baterii-stivuitor.ro\/?s={search_term_string}\"},\"query-input\":{\"@type\":\"PropertyValueSpecification\",\"valueRequired\":true,\"valueName\":\"search_term_string\"}}],\"inLanguage\":\"en-US\"}]}<\/script>\n<!-- \/ Yoast SEO plugin. -->","yoast_head_json":{"title":"Motostivuitor TOYOTA 8-FG-45-N - Baterii stivuitor","robots":{"index":"index","follow":"follow","max-snippet":"max-snippet:-1","max-image-preview":"max-image-preview:large","max-video-preview":"max-video-preview:-1"},"canonical":"https:\/\/baterii-stivuitor.ro\/en\/product\/motostivuitor-toyota-8-fg-45-n\/","og_locale":"en_US","og_type":"article","og_title":"Motostivuitor TOYOTA 8-FG-45-N - Baterii stivuitor","og_description":"Capacitate: 4500 kg GPL An fabrica\u021bie 2015 Ore \u00eenregistrate 14.725 Catarg duplex \u00cen\u0103l\u021bime de ridicare 5 m \u00cen\u0103l\u021bime constructiv\u0103 3.3 m Loca\u021bie stivuitor: Olanda Se aduce la comand\u0103 Pre\u021bul nu include transportul Posibilitate de factur\u0103 extern\u0103 f\u0103r\u0103 TVA Posibilitate de achizi\u021bie \u00een rate, \u00eencep\u00e2nd cu 1629 lei rata lunar\u0103.","og_url":"https:\/\/baterii-stivuitor.ro\/en\/product\/motostivuitor-toyota-8-fg-45-n\/","og_site_name":"Baterii stivuitor","article_modified_time":"2025-01-16T17:00:08+00:00","twitter_card":"summary_large_image","schema":{"@context":"https:\/\/schema.org","@graph":[{"@type":"WebPage","@id":"https:\/\/baterii-stivuitor.ro\/produs\/motostivuitor-toyota-8-fg-45-n\/","url":"https:\/\/baterii-stivuitor.ro\/produs\/motostivuitor-toyota-8-fg-45-n\/","name":"Motostivuitor TOYOTA 8-FG-45-N - Baterii stivuitor","isPartOf":{"@id":"https:\/\/baterii-stivuitor.ro\/#website"},"primaryImageOfPage":{"@id":"https:\/\/baterii-stivuitor.ro\/produs\/motostivuitor-toyota-8-fg-45-n\/#primaryimage"},"image":{"@id":"https:\/\/baterii-stivuitor.ro\/produs\/motostivuitor-toyota-8-fg-45-n\/#primaryimage"},"thumbnailUrl":"https:\/\/baterii-stivuitor.ro\/wp-content\/uploads\/2025\/01\/img_6326-scaled.jpeg","datePublished":"2025-01-16T17:00:07+00:00","dateModified":"2025-01-16T17:00:08+00:00","breadcrumb":{"@id":"https:\/\/baterii-stivuitor.ro\/produs\/motostivuitor-toyota-8-fg-45-n\/#breadcrumb"},"inLanguage":"en-US","potentialAction":[{"@type":"ReadAction","target":["https:\/\/baterii-stivuitor.ro\/produs\/motostivuitor-toyota-8-fg-45-n\/"]}]},{"@type":"ImageObject","inLanguage":"en-US","@id":"https:\/\/baterii-stivuitor.ro\/produs\/motostivuitor-toyota-8-fg-45-n\/#primaryimage","url":"https:\/\/baterii-stivuitor.ro\/wp-content\/uploads\/2025\/01\/img_6326-scaled.jpeg","contentUrl":"https:\/\/baterii-stivuitor.ro\/wp-content\/uploads\/2025\/01\/img_6326-scaled.jpeg","width":2560,"height":1707},{"@type":"BreadcrumbList","@id":"https:\/\/baterii-stivuitor.ro\/produs\/motostivuitor-toyota-8-fg-45-n\/#breadcrumb","itemListElement":[{"@type":"ListItem","position":1,"name":"Prima pagin\u0103","item":"https:\/\/baterii-stivuitor.ro\/"},{"@type":"ListItem","position":2,"name":"Magazin","item":"https:\/\/baterii-stivuitor.ro\/shop\/"},{"@type":"ListItem","position":3,"name":"Motostivuitor TOYOTA 8-FG-45-N"}]},{"@type":"WebSite","@id":"https:\/\/baterii-stivuitor.ro\/#website","url":"https:\/\/baterii-stivuitor.ro\/","name":"Baterii stivuitor","description":"","potentialAction":[{"@type":"SearchAction","target":{"@type":"EntryPoint","urlTemplate":"https:\/\/baterii-stivuitor.ro\/?s={search_term_string}"},"query-input":{"@type":"PropertyValueSpecification","valueRequired":true,"valueName":"search_term_string"}}],"inLanguage":"en-US"}]}},"_links":{"self":[{"href":"https:\/\/baterii-stivuitor.ro\/en\/wp-json\/wp\/v2\/product\/9720","targetHints":{"allow":["GET"]}}],"collection":[{"href":"https:\/\/baterii-stivuitor.ro\/en\/wp-json\/wp\/v2\/product"}],"about":[{"href":"https:\/\/baterii-stivuitor.ro\/en\/wp-json\/wp\/v2\/types\/product"}],"replies":[{"embeddable":true,"href":"https:\/\/baterii-stivuitor.ro\/en\/wp-json\/wp\/v2\/comments?post=9720"}],"wp:featuredmedia":[{"embeddable":true,"href":"https:\/\/baterii-stivuitor.ro\/en\/wp-json\/wp\/v2\/media\/9717"}],"wp:attachment":[{"href":"https:\/\/baterii-stivuitor.ro\/en\/wp-json\/wp\/v2\/media?parent=9720"}],"wp:term":[{"taxonomy":"product_cat","embeddable":true,"href":"https:\/\/baterii-stivuitor.ro\/en\/wp-json\/wp\/v2\/product_cat?post=9720"},{"taxonomy":"product_tag","embeddable":true,"href":"https:\/\/baterii-stivuitor.ro\/en\/wp-json\/wp\/v2\/product_tag?post=9720"}],"curies":[{"name":"wp","href":"https:\/\/api.w.org\/{rel}","templated":true}]}}