{"id":9317,"date":"2024-10-11T09:28:56","date_gmt":"2024-10-11T09:28:56","guid":{"rendered":"https:\/\/baterii-stivuitor.ro\/?post_type=product&#038;p=9317"},"modified":"2026-02-16T07:37:01","modified_gmt":"2026-02-16T07:37:01","slug":"carburator-lpg-jungheinrich-tfg-30-bk-lpg","status":"publish","type":"product","link":"https:\/\/baterii-stivuitor.ro\/en\/product\/carburator-lpg-jungheinrich-tfg-30-bk-lpg\/","title":{"rendered":"Carburator LPG Jungheinrich TFG 30 BK LPG"},"content":{"rendered":"<p>Carburatorul LPG CA100M39 este esen\u021bial pentru func\u021bionarea optim\u0103 a stivuitorului Jungheinrich TFG 30 BK LPG. Acest dispozitiv gestioneaz\u0103 amestecul de aer \u0219i combustibil pentru motorul stivuitorului, asigur\u00e2nd eficien\u021ba \u0219i performan\u021ba corespunz\u0103toare.<\/p>\n<h3>Rolul unui carburator pe un stivuitor GPL:<\/h3>\n<ol>\n<li><strong>Amestec combustibil-aer:<\/strong>\u00a0Carburatorul regleaz\u0103 propor\u021bia de aer \u0219i gaz petrol lichefiat (GPL) pentru a asigura o ardere eficient\u0103 \u00een motor.<\/li>\n<li><strong>Controlul aliment\u0103rii:<\/strong>\u00a0Asigur\u0103 furnizarea constant\u0103 \u0219i uniform\u0103 a amestecului combustibil pentru motor, optimiz\u00e2nd performan\u021ba \u0219i reduc\u00e2nd consumul de combustibil.<\/li>\n<li><strong>Stabilitate func\u021bionare:<\/strong>\u00a0Ajut\u0103 la men\u021binerea stabilit\u0103\u021bii motorului \u00een diferite condi\u021bii de operare, de la ralanti p\u00e2n\u0103 la sarcin\u0103 maxim\u0103.<\/li>\n<\/ol>\n<p>Termen de livrare 5-6 zile<\/p>","protected":false},"excerpt":{"rendered":"<p class=\"product-summary__heading\">Carburator LPG Jungheinrich TFG 30<\/p>","protected":false},"featured_media":9318,"comment_status":"open","ping_status":"closed","template":"","meta":[],"product_cat":[119,125,85],"product_tag":[],"class_list":{"0":"post-9317","1":"product","2":"type-product","3":"status-publish","4":"has-post-thumbnail","6":"product_cat-piese-alimentare","7":"product_cat-carburator","8":"product_cat-piese-stivuitor","10":"first","11":"onbackorder","12":"shipping-taxable","13":"purchasable","14":"product-type-simple"},"yoast_head":"<!-- This site is optimized with the Yoast SEO plugin v24.7 - https:\/\/yoast.com\/wordpress\/plugins\/seo\/ -->\n<title>Carburator LPG Jungheinrich TFG 30 BK LPG - Baterii stivuitor<\/title>\n<meta name=\"robots\" content=\"index, follow, max-snippet:-1, max-image-preview:large, max-video-preview:-1\" \/>\n<link rel=\"canonical\" href=\"https:\/\/baterii-stivuitor.ro\/en\/product\/carburator-lpg-jungheinrich-tfg-30-bk-lpg\/\" \/>\n<meta property=\"og:locale\" content=\"en_US\" \/>\n<meta property=\"og:type\" content=\"article\" \/>\n<meta property=\"og:title\" content=\"Carburator LPG Jungheinrich TFG 30 BK LPG - Baterii stivuitor\" \/>\n<meta property=\"og:description\" content=\"Carburator LPG Jungheinrich TFG 30\" \/>\n<meta property=\"og:url\" content=\"https:\/\/baterii-stivuitor.ro\/en\/product\/carburator-lpg-jungheinrich-tfg-30-bk-lpg\/\" \/>\n<meta property=\"og:site_name\" content=\"Baterii stivuitor\" \/>\n<meta property=\"article:modified_time\" content=\"2026-02-16T07:37:01+00:00\" \/>\n<meta property=\"og:image\" content=\"https:\/\/baterii-stivuitor.ro\/wp-content\/uploads\/2024\/10\/carburator-lpg-jungheinrich-tfg-30-bk-lpg-cod-ca100m3930443.jpg\" \/>\n\t<meta property=\"og:image:width\" content=\"300\" \/>\n\t<meta property=\"og:image:height\" content=\"225\" \/>\n\t<meta property=\"og:image:type\" content=\"image\/jpeg\" \/>\n<meta name=\"twitter:card\" content=\"summary_large_image\" \/>\n<meta name=\"twitter:label1\" content=\"Est. reading time\" \/>\n\t<meta name=\"twitter:data1\" content=\"1 minute\" \/>\n<script type=\"application\/ld+json\" class=\"yoast-schema-graph\">{\"@context\":\"https:\/\/schema.org\",\"@graph\":[{\"@type\":\"WebPage\",\"@id\":\"https:\/\/baterii-stivuitor.ro\/produs\/carburator-lpg-jungheinrich-tfg-30-bk-lpg\/\",\"url\":\"https:\/\/baterii-stivuitor.ro\/produs\/carburator-lpg-jungheinrich-tfg-30-bk-lpg\/\",\"name\":\"Carburator LPG Jungheinrich TFG 30 BK LPG - Baterii stivuitor\",\"isPartOf\":{\"@id\":\"https:\/\/baterii-stivuitor.ro\/#website\"},\"primaryImageOfPage\":{\"@id\":\"https:\/\/baterii-stivuitor.ro\/produs\/carburator-lpg-jungheinrich-tfg-30-bk-lpg\/#primaryimage\"},\"image\":{\"@id\":\"https:\/\/baterii-stivuitor.ro\/produs\/carburator-lpg-jungheinrich-tfg-30-bk-lpg\/#primaryimage\"},\"thumbnailUrl\":\"https:\/\/baterii-stivuitor.ro\/wp-content\/uploads\/2024\/10\/carburator-lpg-jungheinrich-tfg-30-bk-lpg-cod-ca100m3930443.jpg\",\"datePublished\":\"2024-10-11T09:28:56+00:00\",\"dateModified\":\"2026-02-16T07:37:01+00:00\",\"breadcrumb\":{\"@id\":\"https:\/\/baterii-stivuitor.ro\/produs\/carburator-lpg-jungheinrich-tfg-30-bk-lpg\/#breadcrumb\"},\"inLanguage\":\"en-US\",\"potentialAction\":[{\"@type\":\"ReadAction\",\"target\":[\"https:\/\/baterii-stivuitor.ro\/produs\/carburator-lpg-jungheinrich-tfg-30-bk-lpg\/\"]}]},{\"@type\":\"ImageObject\",\"inLanguage\":\"en-US\",\"@id\":\"https:\/\/baterii-stivuitor.ro\/produs\/carburator-lpg-jungheinrich-tfg-30-bk-lpg\/#primaryimage\",\"url\":\"https:\/\/baterii-stivuitor.ro\/wp-content\/uploads\/2024\/10\/carburator-lpg-jungheinrich-tfg-30-bk-lpg-cod-ca100m3930443.jpg\",\"contentUrl\":\"https:\/\/baterii-stivuitor.ro\/wp-content\/uploads\/2024\/10\/carburator-lpg-jungheinrich-tfg-30-bk-lpg-cod-ca100m3930443.jpg\",\"width\":300,\"height\":225},{\"@type\":\"BreadcrumbList\",\"@id\":\"https:\/\/baterii-stivuitor.ro\/produs\/carburator-lpg-jungheinrich-tfg-30-bk-lpg\/#breadcrumb\",\"itemListElement\":[{\"@type\":\"ListItem\",\"position\":1,\"name\":\"Prima pagin\u0103\",\"item\":\"https:\/\/baterii-stivuitor.ro\/\"},{\"@type\":\"ListItem\",\"position\":2,\"name\":\"Magazin\",\"item\":\"https:\/\/baterii-stivuitor.ro\/shop\/\"},{\"@type\":\"ListItem\",\"position\":3,\"name\":\"Carburator LPG Jungheinrich TFG 30 BK LPG\"}]},{\"@type\":\"WebSite\",\"@id\":\"https:\/\/baterii-stivuitor.ro\/#website\",\"url\":\"https:\/\/baterii-stivuitor.ro\/\",\"name\":\"Baterii stivuitor\",\"description\":\"\",\"potentialAction\":[{\"@type\":\"SearchAction\",\"target\":{\"@type\":\"EntryPoint\",\"urlTemplate\":\"https:\/\/baterii-stivuitor.ro\/?s={search_term_string}\"},\"query-input\":{\"@type\":\"PropertyValueSpecification\",\"valueRequired\":true,\"valueName\":\"search_term_string\"}}],\"inLanguage\":\"en-US\"}]}<\/script>\n<!-- \/ Yoast SEO plugin. -->","yoast_head_json":{"title":"Carburator LPG Jungheinrich TFG 30 BK LPG - Baterii stivuitor","robots":{"index":"index","follow":"follow","max-snippet":"max-snippet:-1","max-image-preview":"max-image-preview:large","max-video-preview":"max-video-preview:-1"},"canonical":"https:\/\/baterii-stivuitor.ro\/en\/product\/carburator-lpg-jungheinrich-tfg-30-bk-lpg\/","og_locale":"en_US","og_type":"article","og_title":"Carburator LPG Jungheinrich TFG 30 BK LPG - Baterii stivuitor","og_description":"Carburator LPG Jungheinrich TFG 30","og_url":"https:\/\/baterii-stivuitor.ro\/en\/product\/carburator-lpg-jungheinrich-tfg-30-bk-lpg\/","og_site_name":"Baterii stivuitor","article_modified_time":"2026-02-16T07:37:01+00:00","og_image":[{"width":300,"height":225,"url":"https:\/\/baterii-stivuitor.ro\/wp-content\/uploads\/2024\/10\/carburator-lpg-jungheinrich-tfg-30-bk-lpg-cod-ca100m3930443.jpg","type":"image\/jpeg"}],"twitter_card":"summary_large_image","twitter_misc":{"Est. reading time":"1 minute"},"schema":{"@context":"https:\/\/schema.org","@graph":[{"@type":"WebPage","@id":"https:\/\/baterii-stivuitor.ro\/produs\/carburator-lpg-jungheinrich-tfg-30-bk-lpg\/","url":"https:\/\/baterii-stivuitor.ro\/produs\/carburator-lpg-jungheinrich-tfg-30-bk-lpg\/","name":"Carburator LPG Jungheinrich TFG 30 BK LPG - Baterii stivuitor","isPartOf":{"@id":"https:\/\/baterii-stivuitor.ro\/#website"},"primaryImageOfPage":{"@id":"https:\/\/baterii-stivuitor.ro\/produs\/carburator-lpg-jungheinrich-tfg-30-bk-lpg\/#primaryimage"},"image":{"@id":"https:\/\/baterii-stivuitor.ro\/produs\/carburator-lpg-jungheinrich-tfg-30-bk-lpg\/#primaryimage"},"thumbnailUrl":"https:\/\/baterii-stivuitor.ro\/wp-content\/uploads\/2024\/10\/carburator-lpg-jungheinrich-tfg-30-bk-lpg-cod-ca100m3930443.jpg","datePublished":"2024-10-11T09:28:56+00:00","dateModified":"2026-02-16T07:37:01+00:00","breadcrumb":{"@id":"https:\/\/baterii-stivuitor.ro\/produs\/carburator-lpg-jungheinrich-tfg-30-bk-lpg\/#breadcrumb"},"inLanguage":"en-US","potentialAction":[{"@type":"ReadAction","target":["https:\/\/baterii-stivuitor.ro\/produs\/carburator-lpg-jungheinrich-tfg-30-bk-lpg\/"]}]},{"@type":"ImageObject","inLanguage":"en-US","@id":"https:\/\/baterii-stivuitor.ro\/produs\/carburator-lpg-jungheinrich-tfg-30-bk-lpg\/#primaryimage","url":"https:\/\/baterii-stivuitor.ro\/wp-content\/uploads\/2024\/10\/carburator-lpg-jungheinrich-tfg-30-bk-lpg-cod-ca100m3930443.jpg","contentUrl":"https:\/\/baterii-stivuitor.ro\/wp-content\/uploads\/2024\/10\/carburator-lpg-jungheinrich-tfg-30-bk-lpg-cod-ca100m3930443.jpg","width":300,"height":225},{"@type":"BreadcrumbList","@id":"https:\/\/baterii-stivuitor.ro\/produs\/carburator-lpg-jungheinrich-tfg-30-bk-lpg\/#breadcrumb","itemListElement":[{"@type":"ListItem","position":1,"name":"Prima pagin\u0103","item":"https:\/\/baterii-stivuitor.ro\/"},{"@type":"ListItem","position":2,"name":"Magazin","item":"https:\/\/baterii-stivuitor.ro\/shop\/"},{"@type":"ListItem","position":3,"name":"Carburator LPG Jungheinrich TFG 30 BK LPG"}]},{"@type":"WebSite","@id":"https:\/\/baterii-stivuitor.ro\/#website","url":"https:\/\/baterii-stivuitor.ro\/","name":"Baterii stivuitor","description":"","potentialAction":[{"@type":"SearchAction","target":{"@type":"EntryPoint","urlTemplate":"https:\/\/baterii-stivuitor.ro\/?s={search_term_string}"},"query-input":{"@type":"PropertyValueSpecification","valueRequired":true,"valueName":"search_term_string"}}],"inLanguage":"en-US"}]}},"_links":{"self":[{"href":"https:\/\/baterii-stivuitor.ro\/en\/wp-json\/wp\/v2\/product\/9317","targetHints":{"allow":["GET"]}}],"collection":[{"href":"https:\/\/baterii-stivuitor.ro\/en\/wp-json\/wp\/v2\/product"}],"about":[{"href":"https:\/\/baterii-stivuitor.ro\/en\/wp-json\/wp\/v2\/types\/product"}],"replies":[{"embeddable":true,"href":"https:\/\/baterii-stivuitor.ro\/en\/wp-json\/wp\/v2\/comments?post=9317"}],"wp:featuredmedia":[{"embeddable":true,"href":"https:\/\/baterii-stivuitor.ro\/en\/wp-json\/wp\/v2\/media\/9318"}],"wp:attachment":[{"href":"https:\/\/baterii-stivuitor.ro\/en\/wp-json\/wp\/v2\/media?parent=9317"}],"wp:term":[{"taxonomy":"product_cat","embeddable":true,"href":"https:\/\/baterii-stivuitor.ro\/en\/wp-json\/wp\/v2\/product_cat?post=9317"},{"taxonomy":"product_tag","embeddable":true,"href":"https:\/\/baterii-stivuitor.ro\/en\/wp-json\/wp\/v2\/product_tag?post=9317"}],"curies":[{"name":"wp","href":"https:\/\/api.w.org\/{rel}","templated":true}]}}