{"id":9315,"date":"2024-10-11T09:24:38","date_gmt":"2024-10-11T09:24:38","guid":{"rendered":"https:\/\/baterii-stivuitor.ro\/?post_type=product&#038;p=9315"},"modified":"2026-02-16T07:37:35","modified_gmt":"2026-02-16T07:37:35","slug":"pompa-alimentare-stivuitor-hangcha","status":"publish","type":"product","link":"https:\/\/baterii-stivuitor.ro\/en\/product\/pompa-alimentare-stivuitor-hangcha\/","title":{"rendered":"Pompa alimentare stivuitor Hangcha"},"content":{"rendered":"<p><strong>Pompa de alimentare Hangcha SI\/H2204<\/strong>\u00a0este un component esen\u021bial pentru utilajele de manipulare a m\u0103rfurilor, cum ar fi stivuitoarele. Aceasta este responsabil\u0103 de transferul combustibilului c\u0103tre motor, asigur\u00e2nd func\u021bionarea corect\u0103 \u0219i eficient\u0103 a acestuia. Pompa SI\/H2204 este compatibil\u0103 cu mai multe modele de motoare, inclusiv\u00a0<strong>HANGCHA 280, 495 \u0219i 2105<\/strong>. Aceasta este fabricat\u0103 din o\u021bel de \u00eenalt\u0103 vitez\u0103, oferind durabilitate \u0219i fiabilitate \u00een condi\u021bii de lucru grele .<\/p>","protected":false},"excerpt":{"rendered":"<p class=\"product-summary__heading\">Hangcha SI\/H2204<\/p>","protected":false},"featured_media":9316,"comment_status":"open","ping_status":"closed","template":"","meta":[],"product_cat":[119,85,120],"product_tag":[],"class_list":{"0":"post-9315","1":"product","2":"type-product","3":"status-publish","4":"has-post-thumbnail","6":"product_cat-piese-alimentare","7":"product_cat-piese-stivuitor","8":"product_cat-pompa-alimentare","10":"first","11":"onbackorder","12":"shipping-taxable","13":"purchasable","14":"product-type-simple"},"yoast_head":"<!-- This site is optimized with the Yoast SEO plugin v24.7 - https:\/\/yoast.com\/wordpress\/plugins\/seo\/ -->\n<title>Pompa alimentare stivuitor Hangcha - Baterii stivuitor<\/title>\n<meta name=\"robots\" content=\"index, follow, max-snippet:-1, max-image-preview:large, max-video-preview:-1\" \/>\n<link rel=\"canonical\" href=\"https:\/\/baterii-stivuitor.ro\/en\/product\/pompa-alimentare-stivuitor-hangcha\/\" \/>\n<meta property=\"og:locale\" content=\"en_US\" \/>\n<meta property=\"og:type\" content=\"article\" \/>\n<meta property=\"og:title\" content=\"Pompa alimentare stivuitor Hangcha - Baterii stivuitor\" \/>\n<meta property=\"og:description\" content=\"Hangcha SI\/H2204\" \/>\n<meta property=\"og:url\" content=\"https:\/\/baterii-stivuitor.ro\/en\/product\/pompa-alimentare-stivuitor-hangcha\/\" \/>\n<meta property=\"og:site_name\" content=\"Baterii stivuitor\" \/>\n<meta property=\"article:modified_time\" content=\"2026-02-16T07:37:35+00:00\" \/>\n<meta property=\"og:image\" content=\"https:\/\/baterii-stivuitor.ro\/wp-content\/uploads\/2024\/10\/pompa-alimentare-stivuitor-hangcha-si-h220431091.jpg\" \/>\n\t<meta property=\"og:image:width\" content=\"510\" \/>\n\t<meta property=\"og:image:height\" content=\"661\" \/>\n\t<meta property=\"og:image:type\" content=\"image\/jpeg\" \/>\n<meta name=\"twitter:card\" content=\"summary_large_image\" \/>\n<meta name=\"twitter:label1\" content=\"Est. reading time\" \/>\n\t<meta name=\"twitter:data1\" content=\"1 minute\" \/>\n<script type=\"application\/ld+json\" class=\"yoast-schema-graph\">{\"@context\":\"https:\/\/schema.org\",\"@graph\":[{\"@type\":\"WebPage\",\"@id\":\"https:\/\/baterii-stivuitor.ro\/produs\/pompa-alimentare-stivuitor-hangcha\/\",\"url\":\"https:\/\/baterii-stivuitor.ro\/produs\/pompa-alimentare-stivuitor-hangcha\/\",\"name\":\"Pompa alimentare stivuitor Hangcha - Baterii stivuitor\",\"isPartOf\":{\"@id\":\"https:\/\/baterii-stivuitor.ro\/#website\"},\"primaryImageOfPage\":{\"@id\":\"https:\/\/baterii-stivuitor.ro\/produs\/pompa-alimentare-stivuitor-hangcha\/#primaryimage\"},\"image\":{\"@id\":\"https:\/\/baterii-stivuitor.ro\/produs\/pompa-alimentare-stivuitor-hangcha\/#primaryimage\"},\"thumbnailUrl\":\"https:\/\/baterii-stivuitor.ro\/wp-content\/uploads\/2024\/10\/pompa-alimentare-stivuitor-hangcha-si-h220431091.jpg\",\"datePublished\":\"2024-10-11T09:24:38+00:00\",\"dateModified\":\"2026-02-16T07:37:35+00:00\",\"breadcrumb\":{\"@id\":\"https:\/\/baterii-stivuitor.ro\/produs\/pompa-alimentare-stivuitor-hangcha\/#breadcrumb\"},\"inLanguage\":\"en-US\",\"potentialAction\":[{\"@type\":\"ReadAction\",\"target\":[\"https:\/\/baterii-stivuitor.ro\/produs\/pompa-alimentare-stivuitor-hangcha\/\"]}]},{\"@type\":\"ImageObject\",\"inLanguage\":\"en-US\",\"@id\":\"https:\/\/baterii-stivuitor.ro\/produs\/pompa-alimentare-stivuitor-hangcha\/#primaryimage\",\"url\":\"https:\/\/baterii-stivuitor.ro\/wp-content\/uploads\/2024\/10\/pompa-alimentare-stivuitor-hangcha-si-h220431091.jpg\",\"contentUrl\":\"https:\/\/baterii-stivuitor.ro\/wp-content\/uploads\/2024\/10\/pompa-alimentare-stivuitor-hangcha-si-h220431091.jpg\",\"width\":510,\"height\":661},{\"@type\":\"BreadcrumbList\",\"@id\":\"https:\/\/baterii-stivuitor.ro\/produs\/pompa-alimentare-stivuitor-hangcha\/#breadcrumb\",\"itemListElement\":[{\"@type\":\"ListItem\",\"position\":1,\"name\":\"Prima pagin\u0103\",\"item\":\"https:\/\/baterii-stivuitor.ro\/\"},{\"@type\":\"ListItem\",\"position\":2,\"name\":\"Magazin\",\"item\":\"https:\/\/baterii-stivuitor.ro\/shop\/\"},{\"@type\":\"ListItem\",\"position\":3,\"name\":\"Pompa alimentare stivuitor Hangcha\"}]},{\"@type\":\"WebSite\",\"@id\":\"https:\/\/baterii-stivuitor.ro\/#website\",\"url\":\"https:\/\/baterii-stivuitor.ro\/\",\"name\":\"Baterii stivuitor\",\"description\":\"\",\"potentialAction\":[{\"@type\":\"SearchAction\",\"target\":{\"@type\":\"EntryPoint\",\"urlTemplate\":\"https:\/\/baterii-stivuitor.ro\/?s={search_term_string}\"},\"query-input\":{\"@type\":\"PropertyValueSpecification\",\"valueRequired\":true,\"valueName\":\"search_term_string\"}}],\"inLanguage\":\"en-US\"}]}<\/script>\n<!-- \/ Yoast SEO plugin. -->","yoast_head_json":{"title":"Pompa alimentare stivuitor Hangcha - Baterii stivuitor","robots":{"index":"index","follow":"follow","max-snippet":"max-snippet:-1","max-image-preview":"max-image-preview:large","max-video-preview":"max-video-preview:-1"},"canonical":"https:\/\/baterii-stivuitor.ro\/en\/product\/pompa-alimentare-stivuitor-hangcha\/","og_locale":"en_US","og_type":"article","og_title":"Pompa alimentare stivuitor Hangcha - Baterii stivuitor","og_description":"Hangcha SI\/H2204","og_url":"https:\/\/baterii-stivuitor.ro\/en\/product\/pompa-alimentare-stivuitor-hangcha\/","og_site_name":"Baterii stivuitor","article_modified_time":"2026-02-16T07:37:35+00:00","og_image":[{"width":510,"height":661,"url":"https:\/\/baterii-stivuitor.ro\/wp-content\/uploads\/2024\/10\/pompa-alimentare-stivuitor-hangcha-si-h220431091.jpg","type":"image\/jpeg"}],"twitter_card":"summary_large_image","twitter_misc":{"Est. reading time":"1 minute"},"schema":{"@context":"https:\/\/schema.org","@graph":[{"@type":"WebPage","@id":"https:\/\/baterii-stivuitor.ro\/produs\/pompa-alimentare-stivuitor-hangcha\/","url":"https:\/\/baterii-stivuitor.ro\/produs\/pompa-alimentare-stivuitor-hangcha\/","name":"Pompa alimentare stivuitor Hangcha - Baterii stivuitor","isPartOf":{"@id":"https:\/\/baterii-stivuitor.ro\/#website"},"primaryImageOfPage":{"@id":"https:\/\/baterii-stivuitor.ro\/produs\/pompa-alimentare-stivuitor-hangcha\/#primaryimage"},"image":{"@id":"https:\/\/baterii-stivuitor.ro\/produs\/pompa-alimentare-stivuitor-hangcha\/#primaryimage"},"thumbnailUrl":"https:\/\/baterii-stivuitor.ro\/wp-content\/uploads\/2024\/10\/pompa-alimentare-stivuitor-hangcha-si-h220431091.jpg","datePublished":"2024-10-11T09:24:38+00:00","dateModified":"2026-02-16T07:37:35+00:00","breadcrumb":{"@id":"https:\/\/baterii-stivuitor.ro\/produs\/pompa-alimentare-stivuitor-hangcha\/#breadcrumb"},"inLanguage":"en-US","potentialAction":[{"@type":"ReadAction","target":["https:\/\/baterii-stivuitor.ro\/produs\/pompa-alimentare-stivuitor-hangcha\/"]}]},{"@type":"ImageObject","inLanguage":"en-US","@id":"https:\/\/baterii-stivuitor.ro\/produs\/pompa-alimentare-stivuitor-hangcha\/#primaryimage","url":"https:\/\/baterii-stivuitor.ro\/wp-content\/uploads\/2024\/10\/pompa-alimentare-stivuitor-hangcha-si-h220431091.jpg","contentUrl":"https:\/\/baterii-stivuitor.ro\/wp-content\/uploads\/2024\/10\/pompa-alimentare-stivuitor-hangcha-si-h220431091.jpg","width":510,"height":661},{"@type":"BreadcrumbList","@id":"https:\/\/baterii-stivuitor.ro\/produs\/pompa-alimentare-stivuitor-hangcha\/#breadcrumb","itemListElement":[{"@type":"ListItem","position":1,"name":"Prima pagin\u0103","item":"https:\/\/baterii-stivuitor.ro\/"},{"@type":"ListItem","position":2,"name":"Magazin","item":"https:\/\/baterii-stivuitor.ro\/shop\/"},{"@type":"ListItem","position":3,"name":"Pompa alimentare stivuitor Hangcha"}]},{"@type":"WebSite","@id":"https:\/\/baterii-stivuitor.ro\/#website","url":"https:\/\/baterii-stivuitor.ro\/","name":"Baterii stivuitor","description":"","potentialAction":[{"@type":"SearchAction","target":{"@type":"EntryPoint","urlTemplate":"https:\/\/baterii-stivuitor.ro\/?s={search_term_string}"},"query-input":{"@type":"PropertyValueSpecification","valueRequired":true,"valueName":"search_term_string"}}],"inLanguage":"en-US"}]}},"_links":{"self":[{"href":"https:\/\/baterii-stivuitor.ro\/en\/wp-json\/wp\/v2\/product\/9315","targetHints":{"allow":["GET"]}}],"collection":[{"href":"https:\/\/baterii-stivuitor.ro\/en\/wp-json\/wp\/v2\/product"}],"about":[{"href":"https:\/\/baterii-stivuitor.ro\/en\/wp-json\/wp\/v2\/types\/product"}],"replies":[{"embeddable":true,"href":"https:\/\/baterii-stivuitor.ro\/en\/wp-json\/wp\/v2\/comments?post=9315"}],"wp:featuredmedia":[{"embeddable":true,"href":"https:\/\/baterii-stivuitor.ro\/en\/wp-json\/wp\/v2\/media\/9316"}],"wp:attachment":[{"href":"https:\/\/baterii-stivuitor.ro\/en\/wp-json\/wp\/v2\/media?parent=9315"}],"wp:term":[{"taxonomy":"product_cat","embeddable":true,"href":"https:\/\/baterii-stivuitor.ro\/en\/wp-json\/wp\/v2\/product_cat?post=9315"},{"taxonomy":"product_tag","embeddable":true,"href":"https:\/\/baterii-stivuitor.ro\/en\/wp-json\/wp\/v2\/product_tag?post=9315"}],"curies":[{"name":"wp","href":"https:\/\/api.w.org\/{rel}","templated":true}]}}