{"id":8969,"date":"2024-08-12T04:43:08","date_gmt":"2024-08-12T04:43:08","guid":{"rendered":"https:\/\/baterii-stivuitor.ro\/?post_type=product&#038;p=8969"},"modified":"2024-08-12T04:43:09","modified_gmt":"2024-08-12T04:43:09","slug":"baterie-varta-promotive-black-m12-180ah-en-1400a","status":"publish","type":"product","link":"https:\/\/baterii-stivuitor.ro\/en\/product\/baterie-varta-promotive-black-m12-180ah-en-1400a\/","title":{"rendered":"Baterie VARTA PROMOTIVE BLACK M12 180Ah EN 1400A"},"content":{"rendered":"<p>ProMotive Heavy Duty este proiectat\u0103 pentru vehiculele comerciale \u0219i din domeniul agricol cu cerin\u021be de putere de pornire fiabil\u0103. Are calitatea unui echipament original (OE) \u0219i v\u0103 ajut\u0103 flota de vehicule s\u0103-\u0219i \u00eendeplineasc\u0103 rolul \u00een mod fiabil,.minimiz\u00e2nd \u00een acela\u0219i timp perioadele de nefunc\u021bionare.<\/p>\n<p>Conform legii (HG 1132\/2008), pretul acumulatorului este cu bateria veche\/uzuata la schimb. Daca nu oferiti bateria veche\/uzata la schimb, va trebui sa platiti o taxa, pentru \u201edepozitul de mediu\u201d, in valoare de 10% din pretul acumulatorului. Suma poate fi recuperata in termen de 30 de zile, de la data cumpararii bateriei noi, daca ne returnati bateria veche\/uzata, pe baza chitantei emise. In caz contrar, aceasta taxa, intra intr-un fond special.<\/p>\n<p>Bateria uzata se poate preda curierului, fara alte costuri.<\/p>\n<table class=\"woocommerce-product-attributes shop_attributes\">\n<tbody>\n<tr class=\"woocommerce-product-attributes-item woocommerce-product-attributes-item--weight\">\n<th class=\"woocommerce-product-attributes-item__label\">Greutate<\/th>\n<td class=\"woocommerce-product-attributes-item__value\">47 kg<\/td>\n<\/tr>\n<tr class=\"woocommerce-product-attributes-item woocommerce-product-attributes-item--attribute_tensiune-v\">\n<th class=\"woocommerce-product-attributes-item__label\">Tensiune (V)<\/th>\n<td class=\"woocommerce-product-attributes-item__value\">12<\/td>\n<\/tr>\n<tr class=\"woocommerce-product-attributes-item woocommerce-product-attributes-item--attribute_capacitate-ah\">\n<th class=\"woocommerce-product-attributes-item__label\">Capacitate (Ah)<\/th>\n<td class=\"woocommerce-product-attributes-item__value\">180<\/td>\n<\/tr>\n<tr class=\"woocommerce-product-attributes-item woocommerce-product-attributes-item--attribute_curent-de-pornire-en\">\n<th class=\"woocommerce-product-attributes-item__label\">Curent de pornire (EN)<\/th>\n<td class=\"woocommerce-product-attributes-item__value\">1400<\/td>\n<\/tr>\n<tr class=\"woocommerce-product-attributes-item woocommerce-product-attributes-item--attribute_polaritate\">\n<th class=\"woocommerce-product-attributes-item__label\">Polaritate<\/th>\n<td class=\"woocommerce-product-attributes-item__value\">+\/-<\/td>\n<\/tr>\n<tr class=\"woocommerce-product-attributes-item woocommerce-product-attributes-item--attribute_lungime-mm\">\n<th class=\"woocommerce-product-attributes-item__label\">Lungime (mm)<\/th>\n<td class=\"woocommerce-product-attributes-item__value\">513<\/td>\n<\/tr>\n<tr class=\"woocommerce-product-attributes-item woocommerce-product-attributes-item--attribute_latime-mm\">\n<th class=\"woocommerce-product-attributes-item__label\">Latime (mm)<\/th>\n<td class=\"woocommerce-product-attributes-item__value\">223<\/td>\n<\/tr>\n<tr class=\"woocommerce-product-attributes-item woocommerce-product-attributes-item--attribute_inaltime-mm\">\n<th class=\"woocommerce-product-attributes-item__label\">Inaltime (mm)<\/th>\n<td class=\"woocommerce-product-attributes-item__value\">223<\/td>\n<\/tr>\n<tr class=\"woocommerce-product-attributes-item woocommerce-product-attributes-item--attribute_pa_capacitate\">\n<th class=\"woocommerce-product-attributes-item__label\">Capacitate<\/th>\n<td class=\"woocommerce-product-attributes-item__value\">151-235 Ah<\/td>\n<\/tr>\n<tr class=\"woocommerce-product-attributes-item woocommerce-product-attributes-item--attribute_pa_producator\">\n<th class=\"woocommerce-product-attributes-item__label\">Producator<\/th>\n<td class=\"woocommerce-product-attributes-item__value\">VARTA<\/td>\n<\/tr>\n<\/tbody>\n<\/table>","protected":false},"excerpt":{"rendered":"<p>VARTA PROMOTIVE BLACK M12 180Ah EN 1400A<\/p>","protected":false},"featured_media":8970,"comment_status":"open","ping_status":"closed","template":"","meta":[],"product_cat":[168,212],"product_tag":[],"class_list":{"0":"post-8969","1":"product","2":"type-product","3":"status-publish","4":"has-post-thumbnail","6":"product_cat-baterii-stivuitor","7":"product_cat-baterii-auto-si-tractoare","8":"product_brand-varta","10":"first","11":"instock","12":"shipping-taxable","13":"purchasable","14":"product-type-simple"},"yoast_head":"<!-- This site is optimized with the Yoast SEO plugin v24.7 - https:\/\/yoast.com\/wordpress\/plugins\/seo\/ -->\n<title>Baterie VARTA PROMOTIVE BLACK M12 180Ah EN 1400A - Baterii stivuitor<\/title>\n<meta name=\"robots\" content=\"index, follow, max-snippet:-1, max-image-preview:large, max-video-preview:-1\" \/>\n<link rel=\"canonical\" href=\"https:\/\/baterii-stivuitor.ro\/en\/product\/baterie-varta-promotive-black-m12-180ah-en-1400a\/\" \/>\n<meta property=\"og:locale\" content=\"en_US\" \/>\n<meta property=\"og:type\" content=\"article\" \/>\n<meta property=\"og:title\" content=\"Baterie VARTA PROMOTIVE BLACK M12 180Ah EN 1400A - Baterii stivuitor\" \/>\n<meta property=\"og:description\" content=\"VARTA PROMOTIVE BLACK M12 180Ah EN 1400A\" \/>\n<meta property=\"og:url\" content=\"https:\/\/baterii-stivuitor.ro\/en\/product\/baterie-varta-promotive-black-m12-180ah-en-1400a\/\" \/>\n<meta property=\"og:site_name\" content=\"Baterii stivuitor\" \/>\n<meta property=\"article:modified_time\" content=\"2024-08-12T04:43:09+00:00\" \/>\n<meta property=\"og:image\" content=\"https:\/\/baterii-stivuitor.ro\/wp-content\/uploads\/2024\/08\/M12-502x502-1.png\" \/>\n\t<meta property=\"og:image:width\" content=\"502\" \/>\n\t<meta property=\"og:image:height\" content=\"502\" \/>\n\t<meta property=\"og:image:type\" content=\"image\/png\" \/>\n<meta name=\"twitter:card\" content=\"summary_large_image\" \/>\n<meta name=\"twitter:label1\" content=\"Est. reading time\" \/>\n\t<meta name=\"twitter:data1\" content=\"2 minutes\" \/>\n<script type=\"application\/ld+json\" class=\"yoast-schema-graph\">{\"@context\":\"https:\/\/schema.org\",\"@graph\":[{\"@type\":\"WebPage\",\"@id\":\"https:\/\/baterii-stivuitor.ro\/produs\/baterie-varta-promotive-black-m12-180ah-en-1400a\/\",\"url\":\"https:\/\/baterii-stivuitor.ro\/produs\/baterie-varta-promotive-black-m12-180ah-en-1400a\/\",\"name\":\"Baterie VARTA PROMOTIVE BLACK M12 180Ah EN 1400A - Baterii stivuitor\",\"isPartOf\":{\"@id\":\"https:\/\/baterii-stivuitor.ro\/#website\"},\"primaryImageOfPage\":{\"@id\":\"https:\/\/baterii-stivuitor.ro\/produs\/baterie-varta-promotive-black-m12-180ah-en-1400a\/#primaryimage\"},\"image\":{\"@id\":\"https:\/\/baterii-stivuitor.ro\/produs\/baterie-varta-promotive-black-m12-180ah-en-1400a\/#primaryimage\"},\"thumbnailUrl\":\"https:\/\/baterii-stivuitor.ro\/wp-content\/uploads\/2024\/08\/M12-502x502-1.png\",\"datePublished\":\"2024-08-12T04:43:08+00:00\",\"dateModified\":\"2024-08-12T04:43:09+00:00\",\"breadcrumb\":{\"@id\":\"https:\/\/baterii-stivuitor.ro\/produs\/baterie-varta-promotive-black-m12-180ah-en-1400a\/#breadcrumb\"},\"inLanguage\":\"en-US\",\"potentialAction\":[{\"@type\":\"ReadAction\",\"target\":[\"https:\/\/baterii-stivuitor.ro\/produs\/baterie-varta-promotive-black-m12-180ah-en-1400a\/\"]}]},{\"@type\":\"ImageObject\",\"inLanguage\":\"en-US\",\"@id\":\"https:\/\/baterii-stivuitor.ro\/produs\/baterie-varta-promotive-black-m12-180ah-en-1400a\/#primaryimage\",\"url\":\"https:\/\/baterii-stivuitor.ro\/wp-content\/uploads\/2024\/08\/M12-502x502-1.png\",\"contentUrl\":\"https:\/\/baterii-stivuitor.ro\/wp-content\/uploads\/2024\/08\/M12-502x502-1.png\",\"width\":502,\"height\":502},{\"@type\":\"BreadcrumbList\",\"@id\":\"https:\/\/baterii-stivuitor.ro\/produs\/baterie-varta-promotive-black-m12-180ah-en-1400a\/#breadcrumb\",\"itemListElement\":[{\"@type\":\"ListItem\",\"position\":1,\"name\":\"Prima pagin\u0103\",\"item\":\"https:\/\/baterii-stivuitor.ro\/\"},{\"@type\":\"ListItem\",\"position\":2,\"name\":\"Magazin\",\"item\":\"https:\/\/baterii-stivuitor.ro\/shop\/\"},{\"@type\":\"ListItem\",\"position\":3,\"name\":\"Baterie VARTA PROMOTIVE BLACK M12 180Ah EN 1400A\"}]},{\"@type\":\"WebSite\",\"@id\":\"https:\/\/baterii-stivuitor.ro\/#website\",\"url\":\"https:\/\/baterii-stivuitor.ro\/\",\"name\":\"Baterii stivuitor\",\"description\":\"\",\"potentialAction\":[{\"@type\":\"SearchAction\",\"target\":{\"@type\":\"EntryPoint\",\"urlTemplate\":\"https:\/\/baterii-stivuitor.ro\/?s={search_term_string}\"},\"query-input\":{\"@type\":\"PropertyValueSpecification\",\"valueRequired\":true,\"valueName\":\"search_term_string\"}}],\"inLanguage\":\"en-US\"}]}<\/script>\n<!-- \/ Yoast SEO plugin. -->","yoast_head_json":{"title":"Baterie VARTA PROMOTIVE BLACK M12 180Ah EN 1400A - Baterii stivuitor","robots":{"index":"index","follow":"follow","max-snippet":"max-snippet:-1","max-image-preview":"max-image-preview:large","max-video-preview":"max-video-preview:-1"},"canonical":"https:\/\/baterii-stivuitor.ro\/en\/product\/baterie-varta-promotive-black-m12-180ah-en-1400a\/","og_locale":"en_US","og_type":"article","og_title":"Baterie VARTA PROMOTIVE BLACK M12 180Ah EN 1400A - Baterii stivuitor","og_description":"VARTA PROMOTIVE BLACK M12 180Ah EN 1400A","og_url":"https:\/\/baterii-stivuitor.ro\/en\/product\/baterie-varta-promotive-black-m12-180ah-en-1400a\/","og_site_name":"Baterii stivuitor","article_modified_time":"2024-08-12T04:43:09+00:00","og_image":[{"width":502,"height":502,"url":"https:\/\/baterii-stivuitor.ro\/wp-content\/uploads\/2024\/08\/M12-502x502-1.png","type":"image\/png"}],"twitter_card":"summary_large_image","twitter_misc":{"Est. reading time":"2 minutes"},"schema":{"@context":"https:\/\/schema.org","@graph":[{"@type":"WebPage","@id":"https:\/\/baterii-stivuitor.ro\/produs\/baterie-varta-promotive-black-m12-180ah-en-1400a\/","url":"https:\/\/baterii-stivuitor.ro\/produs\/baterie-varta-promotive-black-m12-180ah-en-1400a\/","name":"Baterie VARTA PROMOTIVE BLACK M12 180Ah EN 1400A - Baterii stivuitor","isPartOf":{"@id":"https:\/\/baterii-stivuitor.ro\/#website"},"primaryImageOfPage":{"@id":"https:\/\/baterii-stivuitor.ro\/produs\/baterie-varta-promotive-black-m12-180ah-en-1400a\/#primaryimage"},"image":{"@id":"https:\/\/baterii-stivuitor.ro\/produs\/baterie-varta-promotive-black-m12-180ah-en-1400a\/#primaryimage"},"thumbnailUrl":"https:\/\/baterii-stivuitor.ro\/wp-content\/uploads\/2024\/08\/M12-502x502-1.png","datePublished":"2024-08-12T04:43:08+00:00","dateModified":"2024-08-12T04:43:09+00:00","breadcrumb":{"@id":"https:\/\/baterii-stivuitor.ro\/produs\/baterie-varta-promotive-black-m12-180ah-en-1400a\/#breadcrumb"},"inLanguage":"en-US","potentialAction":[{"@type":"ReadAction","target":["https:\/\/baterii-stivuitor.ro\/produs\/baterie-varta-promotive-black-m12-180ah-en-1400a\/"]}]},{"@type":"ImageObject","inLanguage":"en-US","@id":"https:\/\/baterii-stivuitor.ro\/produs\/baterie-varta-promotive-black-m12-180ah-en-1400a\/#primaryimage","url":"https:\/\/baterii-stivuitor.ro\/wp-content\/uploads\/2024\/08\/M12-502x502-1.png","contentUrl":"https:\/\/baterii-stivuitor.ro\/wp-content\/uploads\/2024\/08\/M12-502x502-1.png","width":502,"height":502},{"@type":"BreadcrumbList","@id":"https:\/\/baterii-stivuitor.ro\/produs\/baterie-varta-promotive-black-m12-180ah-en-1400a\/#breadcrumb","itemListElement":[{"@type":"ListItem","position":1,"name":"Prima pagin\u0103","item":"https:\/\/baterii-stivuitor.ro\/"},{"@type":"ListItem","position":2,"name":"Magazin","item":"https:\/\/baterii-stivuitor.ro\/shop\/"},{"@type":"ListItem","position":3,"name":"Baterie VARTA PROMOTIVE BLACK M12 180Ah EN 1400A"}]},{"@type":"WebSite","@id":"https:\/\/baterii-stivuitor.ro\/#website","url":"https:\/\/baterii-stivuitor.ro\/","name":"Baterii stivuitor","description":"","potentialAction":[{"@type":"SearchAction","target":{"@type":"EntryPoint","urlTemplate":"https:\/\/baterii-stivuitor.ro\/?s={search_term_string}"},"query-input":{"@type":"PropertyValueSpecification","valueRequired":true,"valueName":"search_term_string"}}],"inLanguage":"en-US"}]}},"_links":{"self":[{"href":"https:\/\/baterii-stivuitor.ro\/en\/wp-json\/wp\/v2\/product\/8969","targetHints":{"allow":["GET"]}}],"collection":[{"href":"https:\/\/baterii-stivuitor.ro\/en\/wp-json\/wp\/v2\/product"}],"about":[{"href":"https:\/\/baterii-stivuitor.ro\/en\/wp-json\/wp\/v2\/types\/product"}],"replies":[{"embeddable":true,"href":"https:\/\/baterii-stivuitor.ro\/en\/wp-json\/wp\/v2\/comments?post=8969"}],"wp:featuredmedia":[{"embeddable":true,"href":"https:\/\/baterii-stivuitor.ro\/en\/wp-json\/wp\/v2\/media\/8970"}],"wp:attachment":[{"href":"https:\/\/baterii-stivuitor.ro\/en\/wp-json\/wp\/v2\/media?parent=8969"}],"wp:term":[{"taxonomy":"product_cat","embeddable":true,"href":"https:\/\/baterii-stivuitor.ro\/en\/wp-json\/wp\/v2\/product_cat?post=8969"},{"taxonomy":"product_tag","embeddable":true,"href":"https:\/\/baterii-stivuitor.ro\/en\/wp-json\/wp\/v2\/product_tag?post=8969"}],"curies":[{"name":"wp","href":"https:\/\/api.w.org\/{rel}","templated":true}]}}