{"id":8965,"date":"2024-08-09T14:15:32","date_gmt":"2024-08-09T14:15:32","guid":{"rendered":"https:\/\/baterii-stivuitor.ro\/?post_type=product&#038;p=8965"},"modified":"2026-02-13T07:09:13","modified_gmt":"2026-02-13T07:09:13","slug":"anvelopa-solida-18x7-8-180-70-8","status":"publish","type":"product","link":"https:\/\/baterii-stivuitor.ro\/en\/product\/anvelopa-solida-18x7-8-180-70-8\/","title":{"rendered":"Anvelope stivuitor 18&#215;7-8 (180\/70-8)"},"content":{"rendered":"<p>Dimensiuni anvelopa AFM: 18x7x8<br \/>\nLatimea jantei B (inch): 4,33<br \/>\nClip KW2: nu<br \/>\nNemarcat KW3: nu<br \/>\nAntistatic KW4: nu<br \/>\nRezistent la t\u0103iere KW7: nu<br \/>\nCalitate KW: Standard: Aceast\u0103 anvelop\u0103 ofer\u0103 o solu\u021bie pentru 90% din aplica\u021bii. Potrivit pentru utilizare continu\u0103 de zi cu zi.<br \/>\nMarca anvelopei: TOTAL SOURCE<\/p>\n<p>Anvelopa noastr\u0103 solid\u0103 standard ofer\u0103 o mare fiabilitate pentru utilizare generala. Profilul s\u0103u larg \u0219i amprenta au fost concepute pentru maximaliza durata de via\u021b\u0103 a anvelopei. Echipat cu blocuri mari de rulare<br \/>\nofer\u0101 o \u00a0trac\u021biune foarte buna si in acelea\u0219i timp stabilitate maxim\u0103.<\/p>","protected":false},"excerpt":{"rendered":"<p>Marca: Total Source<\/p>","protected":false},"featured_media":8962,"comment_status":"open","ping_status":"closed","template":"","meta":[],"product_cat":[164,165,127],"product_tag":[],"class_list":{"0":"post-8965","1":"product","2":"type-product","3":"status-publish","4":"has-post-thumbnail","6":"product_cat-anvelope-stivuitor","7":"product_cat-anvelope-pline","8":"product_cat-sisteme-stivuitoare","9":"product_brand-total-source","11":"first","12":"instock","13":"shipping-taxable","14":"purchasable","15":"product-type-simple"},"yoast_head":"<!-- This site is optimized with the Yoast SEO plugin v24.7 - https:\/\/yoast.com\/wordpress\/plugins\/seo\/ -->\n<title>Anvelope stivuitor 18x7-8 (180\/70-8) - Baterii stivuitor<\/title>\n<meta name=\"robots\" content=\"index, follow, max-snippet:-1, max-image-preview:large, max-video-preview:-1\" \/>\n<link rel=\"canonical\" href=\"https:\/\/baterii-stivuitor.ro\/en\/product\/anvelopa-solida-18x7-8-180-70-8\/\" \/>\n<meta property=\"og:locale\" content=\"en_US\" \/>\n<meta property=\"og:type\" content=\"article\" \/>\n<meta property=\"og:title\" content=\"Anvelope stivuitor 18x7-8 (180\/70-8) - Baterii stivuitor\" \/>\n<meta property=\"og:description\" content=\"Marca: Total Source\" \/>\n<meta property=\"og:url\" content=\"https:\/\/baterii-stivuitor.ro\/en\/product\/anvelopa-solida-18x7-8-180-70-8\/\" \/>\n<meta property=\"og:site_name\" content=\"Baterii stivuitor\" \/>\n<meta property=\"article:modified_time\" content=\"2026-02-13T07:09:13+00:00\" \/>\n<meta property=\"og:image\" content=\"https:\/\/baterii-stivuitor.ro\/wp-content\/uploads\/2024\/08\/anvelope-pline-stivuitor_ver2-550x550-1.jpg\" \/>\n\t<meta property=\"og:image:width\" content=\"550\" \/>\n\t<meta property=\"og:image:height\" content=\"550\" \/>\n\t<meta property=\"og:image:type\" content=\"image\/jpeg\" \/>\n<meta name=\"twitter:card\" content=\"summary_large_image\" \/>\n<meta name=\"twitter:label1\" content=\"Est. reading time\" \/>\n\t<meta name=\"twitter:data1\" content=\"1 minute\" \/>\n<script type=\"application\/ld+json\" class=\"yoast-schema-graph\">{\"@context\":\"https:\/\/schema.org\",\"@graph\":[{\"@type\":\"WebPage\",\"@id\":\"https:\/\/baterii-stivuitor.ro\/produs\/anvelopa-solida-18x7-8-180-70-8\/\",\"url\":\"https:\/\/baterii-stivuitor.ro\/produs\/anvelopa-solida-18x7-8-180-70-8\/\",\"name\":\"Anvelope stivuitor 18x7-8 (180\/70-8) - Baterii stivuitor\",\"isPartOf\":{\"@id\":\"https:\/\/baterii-stivuitor.ro\/#website\"},\"primaryImageOfPage\":{\"@id\":\"https:\/\/baterii-stivuitor.ro\/produs\/anvelopa-solida-18x7-8-180-70-8\/#primaryimage\"},\"image\":{\"@id\":\"https:\/\/baterii-stivuitor.ro\/produs\/anvelopa-solida-18x7-8-180-70-8\/#primaryimage\"},\"thumbnailUrl\":\"https:\/\/baterii-stivuitor.ro\/wp-content\/uploads\/2024\/08\/anvelope-pline-stivuitor_ver2-550x550-1.jpg\",\"datePublished\":\"2024-08-09T14:15:32+00:00\",\"dateModified\":\"2026-02-13T07:09:13+00:00\",\"breadcrumb\":{\"@id\":\"https:\/\/baterii-stivuitor.ro\/produs\/anvelopa-solida-18x7-8-180-70-8\/#breadcrumb\"},\"inLanguage\":\"en-US\",\"potentialAction\":[{\"@type\":\"ReadAction\",\"target\":[\"https:\/\/baterii-stivuitor.ro\/produs\/anvelopa-solida-18x7-8-180-70-8\/\"]}]},{\"@type\":\"ImageObject\",\"inLanguage\":\"en-US\",\"@id\":\"https:\/\/baterii-stivuitor.ro\/produs\/anvelopa-solida-18x7-8-180-70-8\/#primaryimage\",\"url\":\"https:\/\/baterii-stivuitor.ro\/wp-content\/uploads\/2024\/08\/anvelope-pline-stivuitor_ver2-550x550-1.jpg\",\"contentUrl\":\"https:\/\/baterii-stivuitor.ro\/wp-content\/uploads\/2024\/08\/anvelope-pline-stivuitor_ver2-550x550-1.jpg\",\"width\":550,\"height\":550},{\"@type\":\"BreadcrumbList\",\"@id\":\"https:\/\/baterii-stivuitor.ro\/produs\/anvelopa-solida-18x7-8-180-70-8\/#breadcrumb\",\"itemListElement\":[{\"@type\":\"ListItem\",\"position\":1,\"name\":\"Prima pagin\u0103\",\"item\":\"https:\/\/baterii-stivuitor.ro\/\"},{\"@type\":\"ListItem\",\"position\":2,\"name\":\"Magazin\",\"item\":\"https:\/\/baterii-stivuitor.ro\/shop\/\"},{\"@type\":\"ListItem\",\"position\":3,\"name\":\"Anvelope stivuitor 18&#215;7-8 (180\/70-8)\"}]},{\"@type\":\"WebSite\",\"@id\":\"https:\/\/baterii-stivuitor.ro\/#website\",\"url\":\"https:\/\/baterii-stivuitor.ro\/\",\"name\":\"Baterii stivuitor\",\"description\":\"\",\"potentialAction\":[{\"@type\":\"SearchAction\",\"target\":{\"@type\":\"EntryPoint\",\"urlTemplate\":\"https:\/\/baterii-stivuitor.ro\/?s={search_term_string}\"},\"query-input\":{\"@type\":\"PropertyValueSpecification\",\"valueRequired\":true,\"valueName\":\"search_term_string\"}}],\"inLanguage\":\"en-US\"}]}<\/script>\n<!-- \/ Yoast SEO plugin. -->","yoast_head_json":{"title":"Anvelope stivuitor 18x7-8 (180\/70-8) - Baterii stivuitor","robots":{"index":"index","follow":"follow","max-snippet":"max-snippet:-1","max-image-preview":"max-image-preview:large","max-video-preview":"max-video-preview:-1"},"canonical":"https:\/\/baterii-stivuitor.ro\/en\/product\/anvelopa-solida-18x7-8-180-70-8\/","og_locale":"en_US","og_type":"article","og_title":"Anvelope stivuitor 18x7-8 (180\/70-8) - Baterii stivuitor","og_description":"Marca: Total Source","og_url":"https:\/\/baterii-stivuitor.ro\/en\/product\/anvelopa-solida-18x7-8-180-70-8\/","og_site_name":"Baterii stivuitor","article_modified_time":"2026-02-13T07:09:13+00:00","og_image":[{"width":550,"height":550,"url":"https:\/\/baterii-stivuitor.ro\/wp-content\/uploads\/2024\/08\/anvelope-pline-stivuitor_ver2-550x550-1.jpg","type":"image\/jpeg"}],"twitter_card":"summary_large_image","twitter_misc":{"Est. reading time":"1 minute"},"schema":{"@context":"https:\/\/schema.org","@graph":[{"@type":"WebPage","@id":"https:\/\/baterii-stivuitor.ro\/produs\/anvelopa-solida-18x7-8-180-70-8\/","url":"https:\/\/baterii-stivuitor.ro\/produs\/anvelopa-solida-18x7-8-180-70-8\/","name":"Anvelope stivuitor 18x7-8 (180\/70-8) - Baterii stivuitor","isPartOf":{"@id":"https:\/\/baterii-stivuitor.ro\/#website"},"primaryImageOfPage":{"@id":"https:\/\/baterii-stivuitor.ro\/produs\/anvelopa-solida-18x7-8-180-70-8\/#primaryimage"},"image":{"@id":"https:\/\/baterii-stivuitor.ro\/produs\/anvelopa-solida-18x7-8-180-70-8\/#primaryimage"},"thumbnailUrl":"https:\/\/baterii-stivuitor.ro\/wp-content\/uploads\/2024\/08\/anvelope-pline-stivuitor_ver2-550x550-1.jpg","datePublished":"2024-08-09T14:15:32+00:00","dateModified":"2026-02-13T07:09:13+00:00","breadcrumb":{"@id":"https:\/\/baterii-stivuitor.ro\/produs\/anvelopa-solida-18x7-8-180-70-8\/#breadcrumb"},"inLanguage":"en-US","potentialAction":[{"@type":"ReadAction","target":["https:\/\/baterii-stivuitor.ro\/produs\/anvelopa-solida-18x7-8-180-70-8\/"]}]},{"@type":"ImageObject","inLanguage":"en-US","@id":"https:\/\/baterii-stivuitor.ro\/produs\/anvelopa-solida-18x7-8-180-70-8\/#primaryimage","url":"https:\/\/baterii-stivuitor.ro\/wp-content\/uploads\/2024\/08\/anvelope-pline-stivuitor_ver2-550x550-1.jpg","contentUrl":"https:\/\/baterii-stivuitor.ro\/wp-content\/uploads\/2024\/08\/anvelope-pline-stivuitor_ver2-550x550-1.jpg","width":550,"height":550},{"@type":"BreadcrumbList","@id":"https:\/\/baterii-stivuitor.ro\/produs\/anvelopa-solida-18x7-8-180-70-8\/#breadcrumb","itemListElement":[{"@type":"ListItem","position":1,"name":"Prima pagin\u0103","item":"https:\/\/baterii-stivuitor.ro\/"},{"@type":"ListItem","position":2,"name":"Magazin","item":"https:\/\/baterii-stivuitor.ro\/shop\/"},{"@type":"ListItem","position":3,"name":"Anvelope stivuitor 18&#215;7-8 (180\/70-8)"}]},{"@type":"WebSite","@id":"https:\/\/baterii-stivuitor.ro\/#website","url":"https:\/\/baterii-stivuitor.ro\/","name":"Baterii stivuitor","description":"","potentialAction":[{"@type":"SearchAction","target":{"@type":"EntryPoint","urlTemplate":"https:\/\/baterii-stivuitor.ro\/?s={search_term_string}"},"query-input":{"@type":"PropertyValueSpecification","valueRequired":true,"valueName":"search_term_string"}}],"inLanguage":"en-US"}]}},"_links":{"self":[{"href":"https:\/\/baterii-stivuitor.ro\/en\/wp-json\/wp\/v2\/product\/8965","targetHints":{"allow":["GET"]}}],"collection":[{"href":"https:\/\/baterii-stivuitor.ro\/en\/wp-json\/wp\/v2\/product"}],"about":[{"href":"https:\/\/baterii-stivuitor.ro\/en\/wp-json\/wp\/v2\/types\/product"}],"replies":[{"embeddable":true,"href":"https:\/\/baterii-stivuitor.ro\/en\/wp-json\/wp\/v2\/comments?post=8965"}],"wp:featuredmedia":[{"embeddable":true,"href":"https:\/\/baterii-stivuitor.ro\/en\/wp-json\/wp\/v2\/media\/8962"}],"wp:attachment":[{"href":"https:\/\/baterii-stivuitor.ro\/en\/wp-json\/wp\/v2\/media?parent=8965"}],"wp:term":[{"taxonomy":"product_cat","embeddable":true,"href":"https:\/\/baterii-stivuitor.ro\/en\/wp-json\/wp\/v2\/product_cat?post=8965"},{"taxonomy":"product_tag","embeddable":true,"href":"https:\/\/baterii-stivuitor.ro\/en\/wp-json\/wp\/v2\/product_tag?post=8965"}],"curies":[{"name":"wp","href":"https:\/\/api.w.org\/{rel}","templated":true}]}}