{"id":8882,"date":"2024-07-25T13:24:31","date_gmt":"2024-07-25T13:24:31","guid":{"rendered":"https:\/\/baterii-stivuitor.ro\/?post_type=product&#038;p=8882"},"modified":"2024-07-25T13:24:31","modified_gmt":"2024-07-25T13:24:31","slug":"clema-de-baloti-euro","status":"publish","type":"product","link":"https:\/\/baterii-stivuitor.ro\/en\/product\/clema-de-baloti-euro\/","title":{"rendered":"CLEM\u0102 DE BALOTI EURO"},"content":{"rendered":"<p>Tipul suportului de montare: Euro<br \/>\nCapacitate de \u00eenc\u0103rcare (kg): 800<br \/>\nLargimea maxima a sasiului fix (W4) (mm): 1200<br \/>\nInaltimea sasiului (H7) (mm): 770<br \/>\nFormeaz\u0103 balo\u021bi: rotund\u01ce<br \/>\nDiametrul maxim al balotilor (D6) (mm): 1700<br \/>\nLungimea echipamentului (L7) (mm): 1180<br \/>\nGreutate (kg): 190<br \/>\nTipul ata\u0219amentului: CH-RO<br \/>\nPresiune minim\u0103-clem\u0103 (bar): 80<br \/>\nPresiune recomandat\u0103 &#8211; Clem\u0103 (bar): 160<br \/>\nPresiune maxim\u0103-clem\u0103 (bar): 180<br \/>\nDebitul minim de ulei-Clamp (l\/min): 15<br \/>\nDebitul de ulei recomandat-Clamp (l\/min): 25<br \/>\nDebitul maxim de ulei-Clamp (l\/min): 45<br \/>\nPresiune minim\u0103 &#8211; Deplasare lateral\u0103 (bar): 130<br \/>\nPresiune recomandat\u0103 &#8211; Deplasare lateral\u0103 (bar): 160<br \/>\nPresiune maxim\u0103 &#8211; Deplasare lateral\u0103 (bar): 220<br \/>\nDebitul minim de ulei &#8211; Deplasare lateral\u0103 (l\/min): 7<br \/>\nDebitul de ulei recomandat &#8211; Deplasare lateral\u0103 (l\/min): 14<br \/>\nDebitul maxim de ulei &#8211; Deplasare lateral\u0103 (l\/min): 20<br \/>\nFunctii hidraulice1<br \/>\nPotrivit pentru \u00eenc\u0103rc\u0103tor cu tractor: DA<br \/>\nUtilizabil pentru sectorul Agri: DA<\/p>","protected":false},"excerpt":{"rendered":"<p>Tipul suportului de montare: Euro Capacitate de \u00eenc\u0103rcare (kg): 800 Largimea maxima a sasiului fix (W4) (mm): 1200 Inaltimea sasiului (H7) (mm): 770 Formeaz\u0103 balo\u021bi: rotund\u01ce Diametrul maxim al balotilor (D6) (mm): 1700 Lungimea echipamentului (L7) (mm): 1180 Greutate (kg): 190 Tipul ata\u0219amentului: CH-RO Presiune minim\u0103-clem\u0103 (bar): 80 Presiune recomandat\u0103 &#8211; Clem\u0103 (bar): 160 Presiune [&hellip;]<\/p>","protected":false},"featured_media":8883,"comment_status":"open","ping_status":"closed","template":"","meta":[],"product_cat":[185],"product_tag":[],"class_list":{"0":"post-8882","1":"product","2":"type-product","3":"status-publish","4":"has-post-thumbnail","6":"product_cat-atasamente-stivuitoare","7":"product_brand-cam","9":"first","10":"onbackorder","11":"shipping-taxable","12":"product-type-simple"},"yoast_head":"<!-- This site is optimized with the Yoast SEO plugin v24.7 - https:\/\/yoast.com\/wordpress\/plugins\/seo\/ -->\n<title>CLEM\u0102 DE BALOTI EURO - Baterii stivuitor<\/title>\n<meta name=\"robots\" content=\"index, follow, max-snippet:-1, max-image-preview:large, max-video-preview:-1\" \/>\n<link rel=\"canonical\" href=\"https:\/\/baterii-stivuitor.ro\/en\/product\/clema-de-baloti-euro\/\" \/>\n<meta property=\"og:locale\" content=\"en_US\" \/>\n<meta property=\"og:type\" content=\"article\" \/>\n<meta property=\"og:title\" content=\"CLEM\u0102 DE BALOTI EURO - Baterii stivuitor\" \/>\n<meta property=\"og:description\" content=\"Tipul suportului de montare: Euro Capacitate de \u00eenc\u0103rcare (kg): 800 Largimea maxima a sasiului fix (W4) (mm): 1200 Inaltimea sasiului (H7) (mm): 770 Formeaz\u0103 balo\u021bi: rotund\u01ce Diametrul maxim al balotilor (D6) (mm): 1700 Lungimea echipamentului (L7) (mm): 1180 Greutate (kg): 190 Tipul ata\u0219amentului: CH-RO Presiune minim\u0103-clem\u0103 (bar): 80 Presiune recomandat\u0103 &#8211; Clem\u0103 (bar): 160 Presiune [&hellip;]\" \/>\n<meta property=\"og:url\" content=\"https:\/\/baterii-stivuitor.ro\/en\/product\/clema-de-baloti-euro\/\" \/>\n<meta property=\"og:site_name\" content=\"Baterii stivuitor\" \/>\n<meta property=\"og:image\" content=\"https:\/\/baterii-stivuitor.ro\/wp-content\/uploads\/2024\/07\/Kep-9.jpeg\" \/>\n\t<meta property=\"og:image:width\" content=\"650\" \/>\n\t<meta property=\"og:image:height\" content=\"390\" \/>\n\t<meta property=\"og:image:type\" content=\"image\/jpeg\" \/>\n<meta name=\"twitter:card\" content=\"summary_large_image\" \/>\n<meta name=\"twitter:label1\" content=\"Est. reading time\" \/>\n\t<meta name=\"twitter:data1\" content=\"1 minute\" \/>\n<script type=\"application\/ld+json\" class=\"yoast-schema-graph\">{\"@context\":\"https:\/\/schema.org\",\"@graph\":[{\"@type\":\"WebPage\",\"@id\":\"https:\/\/baterii-stivuitor.ro\/produs\/clema-de-baloti-euro\/\",\"url\":\"https:\/\/baterii-stivuitor.ro\/produs\/clema-de-baloti-euro\/\",\"name\":\"CLEM\u0102 DE BALOTI EURO - Baterii stivuitor\",\"isPartOf\":{\"@id\":\"https:\/\/baterii-stivuitor.ro\/#website\"},\"primaryImageOfPage\":{\"@id\":\"https:\/\/baterii-stivuitor.ro\/produs\/clema-de-baloti-euro\/#primaryimage\"},\"image\":{\"@id\":\"https:\/\/baterii-stivuitor.ro\/produs\/clema-de-baloti-euro\/#primaryimage\"},\"thumbnailUrl\":\"https:\/\/baterii-stivuitor.ro\/wp-content\/uploads\/2024\/07\/Kep-9.jpeg\",\"datePublished\":\"2024-07-25T13:24:31+00:00\",\"breadcrumb\":{\"@id\":\"https:\/\/baterii-stivuitor.ro\/produs\/clema-de-baloti-euro\/#breadcrumb\"},\"inLanguage\":\"en-US\",\"potentialAction\":[{\"@type\":\"ReadAction\",\"target\":[\"https:\/\/baterii-stivuitor.ro\/produs\/clema-de-baloti-euro\/\"]}]},{\"@type\":\"ImageObject\",\"inLanguage\":\"en-US\",\"@id\":\"https:\/\/baterii-stivuitor.ro\/produs\/clema-de-baloti-euro\/#primaryimage\",\"url\":\"https:\/\/baterii-stivuitor.ro\/wp-content\/uploads\/2024\/07\/Kep-9.jpeg\",\"contentUrl\":\"https:\/\/baterii-stivuitor.ro\/wp-content\/uploads\/2024\/07\/Kep-9.jpeg\",\"width\":650,\"height\":390},{\"@type\":\"BreadcrumbList\",\"@id\":\"https:\/\/baterii-stivuitor.ro\/produs\/clema-de-baloti-euro\/#breadcrumb\",\"itemListElement\":[{\"@type\":\"ListItem\",\"position\":1,\"name\":\"Prima pagin\u0103\",\"item\":\"https:\/\/baterii-stivuitor.ro\/\"},{\"@type\":\"ListItem\",\"position\":2,\"name\":\"Magazin\",\"item\":\"https:\/\/baterii-stivuitor.ro\/shop\/\"},{\"@type\":\"ListItem\",\"position\":3,\"name\":\"CLEM\u0102 DE BALOTI EURO\"}]},{\"@type\":\"WebSite\",\"@id\":\"https:\/\/baterii-stivuitor.ro\/#website\",\"url\":\"https:\/\/baterii-stivuitor.ro\/\",\"name\":\"Baterii stivuitor\",\"description\":\"\",\"potentialAction\":[{\"@type\":\"SearchAction\",\"target\":{\"@type\":\"EntryPoint\",\"urlTemplate\":\"https:\/\/baterii-stivuitor.ro\/?s={search_term_string}\"},\"query-input\":{\"@type\":\"PropertyValueSpecification\",\"valueRequired\":true,\"valueName\":\"search_term_string\"}}],\"inLanguage\":\"en-US\"}]}<\/script>\n<!-- \/ Yoast SEO plugin. -->","yoast_head_json":{"title":"CLEM\u0102 DE BALOTI EURO - Baterii stivuitor","robots":{"index":"index","follow":"follow","max-snippet":"max-snippet:-1","max-image-preview":"max-image-preview:large","max-video-preview":"max-video-preview:-1"},"canonical":"https:\/\/baterii-stivuitor.ro\/en\/product\/clema-de-baloti-euro\/","og_locale":"en_US","og_type":"article","og_title":"CLEM\u0102 DE BALOTI EURO - Baterii stivuitor","og_description":"Tipul suportului de montare: Euro Capacitate de \u00eenc\u0103rcare (kg): 800 Largimea maxima a sasiului fix (W4) (mm): 1200 Inaltimea sasiului (H7) (mm): 770 Formeaz\u0103 balo\u021bi: rotund\u01ce Diametrul maxim al balotilor (D6) (mm): 1700 Lungimea echipamentului (L7) (mm): 1180 Greutate (kg): 190 Tipul ata\u0219amentului: CH-RO Presiune minim\u0103-clem\u0103 (bar): 80 Presiune recomandat\u0103 &#8211; Clem\u0103 (bar): 160 Presiune [&hellip;]","og_url":"https:\/\/baterii-stivuitor.ro\/en\/product\/clema-de-baloti-euro\/","og_site_name":"Baterii stivuitor","og_image":[{"width":650,"height":390,"url":"https:\/\/baterii-stivuitor.ro\/wp-content\/uploads\/2024\/07\/Kep-9.jpeg","type":"image\/jpeg"}],"twitter_card":"summary_large_image","twitter_misc":{"Est. reading time":"1 minute"},"schema":{"@context":"https:\/\/schema.org","@graph":[{"@type":"WebPage","@id":"https:\/\/baterii-stivuitor.ro\/produs\/clema-de-baloti-euro\/","url":"https:\/\/baterii-stivuitor.ro\/produs\/clema-de-baloti-euro\/","name":"CLEM\u0102 DE BALOTI EURO - Baterii stivuitor","isPartOf":{"@id":"https:\/\/baterii-stivuitor.ro\/#website"},"primaryImageOfPage":{"@id":"https:\/\/baterii-stivuitor.ro\/produs\/clema-de-baloti-euro\/#primaryimage"},"image":{"@id":"https:\/\/baterii-stivuitor.ro\/produs\/clema-de-baloti-euro\/#primaryimage"},"thumbnailUrl":"https:\/\/baterii-stivuitor.ro\/wp-content\/uploads\/2024\/07\/Kep-9.jpeg","datePublished":"2024-07-25T13:24:31+00:00","breadcrumb":{"@id":"https:\/\/baterii-stivuitor.ro\/produs\/clema-de-baloti-euro\/#breadcrumb"},"inLanguage":"en-US","potentialAction":[{"@type":"ReadAction","target":["https:\/\/baterii-stivuitor.ro\/produs\/clema-de-baloti-euro\/"]}]},{"@type":"ImageObject","inLanguage":"en-US","@id":"https:\/\/baterii-stivuitor.ro\/produs\/clema-de-baloti-euro\/#primaryimage","url":"https:\/\/baterii-stivuitor.ro\/wp-content\/uploads\/2024\/07\/Kep-9.jpeg","contentUrl":"https:\/\/baterii-stivuitor.ro\/wp-content\/uploads\/2024\/07\/Kep-9.jpeg","width":650,"height":390},{"@type":"BreadcrumbList","@id":"https:\/\/baterii-stivuitor.ro\/produs\/clema-de-baloti-euro\/#breadcrumb","itemListElement":[{"@type":"ListItem","position":1,"name":"Prima pagin\u0103","item":"https:\/\/baterii-stivuitor.ro\/"},{"@type":"ListItem","position":2,"name":"Magazin","item":"https:\/\/baterii-stivuitor.ro\/shop\/"},{"@type":"ListItem","position":3,"name":"CLEM\u0102 DE BALOTI EURO"}]},{"@type":"WebSite","@id":"https:\/\/baterii-stivuitor.ro\/#website","url":"https:\/\/baterii-stivuitor.ro\/","name":"Baterii stivuitor","description":"","potentialAction":[{"@type":"SearchAction","target":{"@type":"EntryPoint","urlTemplate":"https:\/\/baterii-stivuitor.ro\/?s={search_term_string}"},"query-input":{"@type":"PropertyValueSpecification","valueRequired":true,"valueName":"search_term_string"}}],"inLanguage":"en-US"}]}},"_links":{"self":[{"href":"https:\/\/baterii-stivuitor.ro\/en\/wp-json\/wp\/v2\/product\/8882","targetHints":{"allow":["GET"]}}],"collection":[{"href":"https:\/\/baterii-stivuitor.ro\/en\/wp-json\/wp\/v2\/product"}],"about":[{"href":"https:\/\/baterii-stivuitor.ro\/en\/wp-json\/wp\/v2\/types\/product"}],"replies":[{"embeddable":true,"href":"https:\/\/baterii-stivuitor.ro\/en\/wp-json\/wp\/v2\/comments?post=8882"}],"wp:featuredmedia":[{"embeddable":true,"href":"https:\/\/baterii-stivuitor.ro\/en\/wp-json\/wp\/v2\/media\/8883"}],"wp:attachment":[{"href":"https:\/\/baterii-stivuitor.ro\/en\/wp-json\/wp\/v2\/media?parent=8882"}],"wp:term":[{"taxonomy":"product_cat","embeddable":true,"href":"https:\/\/baterii-stivuitor.ro\/en\/wp-json\/wp\/v2\/product_cat?post=8882"},{"taxonomy":"product_tag","embeddable":true,"href":"https:\/\/baterii-stivuitor.ro\/en\/wp-json\/wp\/v2\/product_tag?post=8882"}],"curies":[{"name":"wp","href":"https:\/\/api.w.org\/{rel}","templated":true}]}}