{"id":8691,"date":"2024-06-27T04:59:39","date_gmt":"2024-06-27T04:59:39","guid":{"rendered":"https:\/\/baterii-stivuitor.ro\/?post_type=product&#038;p=8691"},"modified":"2024-06-27T06:28:50","modified_gmt":"2024-06-27T06:28:50","slug":"cablu-frana-de-mana-stivuitor","status":"publish","type":"product","link":"https:\/\/baterii-stivuitor.ro\/en\/product\/cablu-frana-de-mana-stivuitor\/","title":{"rendered":"Cablu frana de mana stivuitor"},"content":{"rendered":"<p>Indiferent\u00a0de\u00a0marca<\/p>\n<p>Suntem\u00a0siguri\u00a0c\u0103\u00a0ve\u021bi\u00a0g\u0103si\u00a0exact\u00a0ceea\u00a0ce\u00a0c\u0103uta\u021bi\u00a0\u00een\u00a0magazinul\u00a0nostru.<\/p>\n<p>Fr\u00e2nele\u00a0de\u00a0m\u00e2n\u0103\u00a0sunt\u00a0un\u00a0element\u00a0crucial\u00a0pentru\u00a0siguran\u021ba\u00a0dumneavoastr\u0103\u00a0\u00een\u00a0trafic,\u00a0a\u0219a\u00a0c\u0103\u00a0nu\u00a0face\u021bi\u00a0compromisuri\u00a0\u0219i\u00a0alege\u021bi\u00a0calitatea\u00a0\u0219i\u00a0fiabilitatea\u00a0oferite\u00a0de\u00a0produsele\u00a0noastre.<\/p>\n<p>\u00cen plus, beneficia\u021bi de livrare rapid\u0103 \u0219i\u00a0 de posibilitatea de a returna produsele \u00een termen de 30 de zile, f\u0103r\u0103 nicio \u00eentrebare.<\/p>\n<p>Nu\u00a0mai\u00a0sta\u021bi\u00a0pe\u00a0g\u00e2nduri,\u00a0c\u0103uta\u021bi\u00a0acum\u00a0fr\u00e2nele\u00a0de\u00a0m\u00e2n\u0103\u00a0potrivite\u00a0pentru\u00a0ma\u0219ina\u00a0dumneavoastr\u0103\u00a0\u0219i\u00a0asigura\u021bi-v\u0103\u00a0c\u0103\u00a0ave\u021bi\u00a0totul\u00a0sub\u00a0control\u00a0\u00een\u00a0trafic!<\/p>\n<p>Marcile de stivuitoare dintre care amintim: Balkancar, Baumann, BT, Caterpillar, Cesab, Clark, Daewoo, Fiat, Hyster, JCB, Jungheinrich, Kalmar, Komatsu, Linde, Manitou, Mitsubishi, Nissan, OM, OMG, Pimespo, Samsung, Still, TCM, Toyota, Yale, etc.<\/p>","protected":false},"excerpt":{"rendered":"<p>Frana Stivuitor<\/p>","protected":false},"featured_media":8693,"comment_status":"open","ping_status":"closed","template":"","meta":[],"product_cat":[149,142,127],"product_tag":[],"class_list":{"0":"post-8691","1":"product","2":"type-product","3":"status-publish","4":"has-post-thumbnail","6":"product_cat-cablu-frana-de-mana","7":"product_cat-sistem-de-franare","8":"product_cat-sisteme-stivuitoare","10":"first","11":"onbackorder","12":"shipping-taxable","13":"product-type-simple"},"yoast_head":"<!-- This site is optimized with the Yoast SEO plugin v24.7 - https:\/\/yoast.com\/wordpress\/plugins\/seo\/ -->\n<title>Cablu frana de mana stivuitor - Baterii stivuitor<\/title>\n<meta name=\"robots\" content=\"index, follow, max-snippet:-1, max-image-preview:large, max-video-preview:-1\" \/>\n<link rel=\"canonical\" href=\"https:\/\/baterii-stivuitor.ro\/en\/product\/cablu-frana-de-mana-stivuitor\/\" \/>\n<meta property=\"og:locale\" content=\"en_US\" \/>\n<meta property=\"og:type\" content=\"article\" \/>\n<meta property=\"og:title\" content=\"Cablu frana de mana stivuitor - Baterii stivuitor\" \/>\n<meta property=\"og:description\" content=\"Frana Stivuitor\" \/>\n<meta property=\"og:url\" content=\"https:\/\/baterii-stivuitor.ro\/en\/product\/cablu-frana-de-mana-stivuitor\/\" \/>\n<meta property=\"og:site_name\" content=\"Baterii stivuitor\" \/>\n<meta property=\"article:modified_time\" content=\"2024-06-27T06:28:50+00:00\" \/>\n<meta name=\"twitter:card\" content=\"summary_large_image\" \/>\n<meta name=\"twitter:label1\" content=\"Est. reading time\" \/>\n\t<meta name=\"twitter:data1\" content=\"1 minute\" \/>\n<script type=\"application\/ld+json\" class=\"yoast-schema-graph\">{\"@context\":\"https:\/\/schema.org\",\"@graph\":[{\"@type\":\"WebPage\",\"@id\":\"https:\/\/baterii-stivuitor.ro\/produs\/cablu-frana-de-mana-stivuitor\/\",\"url\":\"https:\/\/baterii-stivuitor.ro\/produs\/cablu-frana-de-mana-stivuitor\/\",\"name\":\"Cablu frana de mana stivuitor - Baterii stivuitor\",\"isPartOf\":{\"@id\":\"https:\/\/baterii-stivuitor.ro\/#website\"},\"primaryImageOfPage\":{\"@id\":\"https:\/\/baterii-stivuitor.ro\/produs\/cablu-frana-de-mana-stivuitor\/#primaryimage\"},\"image\":{\"@id\":\"https:\/\/baterii-stivuitor.ro\/produs\/cablu-frana-de-mana-stivuitor\/#primaryimage\"},\"thumbnailUrl\":\"https:\/\/baterii-stivuitor.ro\/wp-content\/uploads\/2024\/06\/res_21dc533d5df4a5b74a74c2aab74f2cfb.avif\",\"datePublished\":\"2024-06-27T04:59:39+00:00\",\"dateModified\":\"2024-06-27T06:28:50+00:00\",\"breadcrumb\":{\"@id\":\"https:\/\/baterii-stivuitor.ro\/produs\/cablu-frana-de-mana-stivuitor\/#breadcrumb\"},\"inLanguage\":\"en-US\",\"potentialAction\":[{\"@type\":\"ReadAction\",\"target\":[\"https:\/\/baterii-stivuitor.ro\/produs\/cablu-frana-de-mana-stivuitor\/\"]}]},{\"@type\":\"ImageObject\",\"inLanguage\":\"en-US\",\"@id\":\"https:\/\/baterii-stivuitor.ro\/produs\/cablu-frana-de-mana-stivuitor\/#primaryimage\",\"url\":\"https:\/\/baterii-stivuitor.ro\/wp-content\/uploads\/2024\/06\/res_21dc533d5df4a5b74a74c2aab74f2cfb.avif\",\"contentUrl\":\"https:\/\/baterii-stivuitor.ro\/wp-content\/uploads\/2024\/06\/res_21dc533d5df4a5b74a74c2aab74f2cfb.avif\",\"width\":1002,\"height\":1002},{\"@type\":\"BreadcrumbList\",\"@id\":\"https:\/\/baterii-stivuitor.ro\/produs\/cablu-frana-de-mana-stivuitor\/#breadcrumb\",\"itemListElement\":[{\"@type\":\"ListItem\",\"position\":1,\"name\":\"Prima pagin\u0103\",\"item\":\"https:\/\/baterii-stivuitor.ro\/\"},{\"@type\":\"ListItem\",\"position\":2,\"name\":\"Magazin\",\"item\":\"https:\/\/baterii-stivuitor.ro\/shop\/\"},{\"@type\":\"ListItem\",\"position\":3,\"name\":\"Cablu frana de mana stivuitor\"}]},{\"@type\":\"WebSite\",\"@id\":\"https:\/\/baterii-stivuitor.ro\/#website\",\"url\":\"https:\/\/baterii-stivuitor.ro\/\",\"name\":\"Baterii stivuitor\",\"description\":\"\",\"potentialAction\":[{\"@type\":\"SearchAction\",\"target\":{\"@type\":\"EntryPoint\",\"urlTemplate\":\"https:\/\/baterii-stivuitor.ro\/?s={search_term_string}\"},\"query-input\":{\"@type\":\"PropertyValueSpecification\",\"valueRequired\":true,\"valueName\":\"search_term_string\"}}],\"inLanguage\":\"en-US\"}]}<\/script>\n<!-- \/ Yoast SEO plugin. -->","yoast_head_json":{"title":"Cablu frana de mana stivuitor - Baterii stivuitor","robots":{"index":"index","follow":"follow","max-snippet":"max-snippet:-1","max-image-preview":"max-image-preview:large","max-video-preview":"max-video-preview:-1"},"canonical":"https:\/\/baterii-stivuitor.ro\/en\/product\/cablu-frana-de-mana-stivuitor\/","og_locale":"en_US","og_type":"article","og_title":"Cablu frana de mana stivuitor - Baterii stivuitor","og_description":"Frana Stivuitor","og_url":"https:\/\/baterii-stivuitor.ro\/en\/product\/cablu-frana-de-mana-stivuitor\/","og_site_name":"Baterii stivuitor","article_modified_time":"2024-06-27T06:28:50+00:00","twitter_card":"summary_large_image","twitter_misc":{"Est. reading time":"1 minute"},"schema":{"@context":"https:\/\/schema.org","@graph":[{"@type":"WebPage","@id":"https:\/\/baterii-stivuitor.ro\/produs\/cablu-frana-de-mana-stivuitor\/","url":"https:\/\/baterii-stivuitor.ro\/produs\/cablu-frana-de-mana-stivuitor\/","name":"Cablu frana de mana stivuitor - Baterii stivuitor","isPartOf":{"@id":"https:\/\/baterii-stivuitor.ro\/#website"},"primaryImageOfPage":{"@id":"https:\/\/baterii-stivuitor.ro\/produs\/cablu-frana-de-mana-stivuitor\/#primaryimage"},"image":{"@id":"https:\/\/baterii-stivuitor.ro\/produs\/cablu-frana-de-mana-stivuitor\/#primaryimage"},"thumbnailUrl":"https:\/\/baterii-stivuitor.ro\/wp-content\/uploads\/2024\/06\/res_21dc533d5df4a5b74a74c2aab74f2cfb.avif","datePublished":"2024-06-27T04:59:39+00:00","dateModified":"2024-06-27T06:28:50+00:00","breadcrumb":{"@id":"https:\/\/baterii-stivuitor.ro\/produs\/cablu-frana-de-mana-stivuitor\/#breadcrumb"},"inLanguage":"en-US","potentialAction":[{"@type":"ReadAction","target":["https:\/\/baterii-stivuitor.ro\/produs\/cablu-frana-de-mana-stivuitor\/"]}]},{"@type":"ImageObject","inLanguage":"en-US","@id":"https:\/\/baterii-stivuitor.ro\/produs\/cablu-frana-de-mana-stivuitor\/#primaryimage","url":"https:\/\/baterii-stivuitor.ro\/wp-content\/uploads\/2024\/06\/res_21dc533d5df4a5b74a74c2aab74f2cfb.avif","contentUrl":"https:\/\/baterii-stivuitor.ro\/wp-content\/uploads\/2024\/06\/res_21dc533d5df4a5b74a74c2aab74f2cfb.avif","width":1002,"height":1002},{"@type":"BreadcrumbList","@id":"https:\/\/baterii-stivuitor.ro\/produs\/cablu-frana-de-mana-stivuitor\/#breadcrumb","itemListElement":[{"@type":"ListItem","position":1,"name":"Prima pagin\u0103","item":"https:\/\/baterii-stivuitor.ro\/"},{"@type":"ListItem","position":2,"name":"Magazin","item":"https:\/\/baterii-stivuitor.ro\/shop\/"},{"@type":"ListItem","position":3,"name":"Cablu frana de mana stivuitor"}]},{"@type":"WebSite","@id":"https:\/\/baterii-stivuitor.ro\/#website","url":"https:\/\/baterii-stivuitor.ro\/","name":"Baterii stivuitor","description":"","potentialAction":[{"@type":"SearchAction","target":{"@type":"EntryPoint","urlTemplate":"https:\/\/baterii-stivuitor.ro\/?s={search_term_string}"},"query-input":{"@type":"PropertyValueSpecification","valueRequired":true,"valueName":"search_term_string"}}],"inLanguage":"en-US"}]}},"_links":{"self":[{"href":"https:\/\/baterii-stivuitor.ro\/en\/wp-json\/wp\/v2\/product\/8691","targetHints":{"allow":["GET"]}}],"collection":[{"href":"https:\/\/baterii-stivuitor.ro\/en\/wp-json\/wp\/v2\/product"}],"about":[{"href":"https:\/\/baterii-stivuitor.ro\/en\/wp-json\/wp\/v2\/types\/product"}],"replies":[{"embeddable":true,"href":"https:\/\/baterii-stivuitor.ro\/en\/wp-json\/wp\/v2\/comments?post=8691"}],"wp:featuredmedia":[{"embeddable":true,"href":"https:\/\/baterii-stivuitor.ro\/en\/wp-json\/wp\/v2\/media\/8693"}],"wp:attachment":[{"href":"https:\/\/baterii-stivuitor.ro\/en\/wp-json\/wp\/v2\/media?parent=8691"}],"wp:term":[{"taxonomy":"product_cat","embeddable":true,"href":"https:\/\/baterii-stivuitor.ro\/en\/wp-json\/wp\/v2\/product_cat?post=8691"},{"taxonomy":"product_tag","embeddable":true,"href":"https:\/\/baterii-stivuitor.ro\/en\/wp-json\/wp\/v2\/product_tag?post=8691"}],"curies":[{"name":"wp","href":"https:\/\/api.w.org\/{rel}","templated":true}]}}