{"id":8475,"date":"2024-06-03T06:30:05","date_gmt":"2024-06-03T06:30:05","guid":{"rendered":"https:\/\/baterii-stivuitor.ro\/?post_type=product&#038;p=8475"},"modified":"2026-02-13T10:39:25","modified_gmt":"2026-02-13T10:39:25","slug":"joystick-control-maneta-pentru-linde-stivuitor","status":"publish","type":"product","link":"https:\/\/baterii-stivuitor.ro\/en\/product\/joystick-control-maneta-pentru-linde-stivuitor\/","title":{"rendered":"Joystick controller Linde 7919040041"},"content":{"rendered":"<h2>Descriere<\/h2>\n<div class=\"a11y-text-width js-read-more js-product-description Product__Description-text text-break\" data-lines-to-clamp=\"4\" data-device=\"mobile\">Nou.<\/div>\n<div class=\"a11y-text-width js-read-more js-product-description Product__Description-text text-break\" data-lines-to-clamp=\"4\" data-device=\"mobile\">Instalare u\u0219oar\u0103 \u0219i utilizare durabil\u0103.<\/div>\n<div class=\"a11y-text-width js-read-more js-product-description Product__Description-text text-break\" data-lines-to-clamp=\"4\" data-device=\"mobile\">Calitate excelent\u0103 \u0219i montaj excelent.<\/div>\n<div class=\"a11y-text-width js-read-more js-product-description Product__Description-text text-break\" data-lines-to-clamp=\"4\" data-device=\"mobile\">Conector corect F\u0103r\u0103 t\u0103iere sau \u00eembinare.<\/div>\n<div class=\"a11y-text-width js-read-more js-product-description Product__Description-text text-break\" data-lines-to-clamp=\"4\" data-device=\"mobile\">Tip:Injector de combustibil<\/div>\n<div class=\"a11y-text-width js-read-more js-product-description Product__Description-text text-break\" data-lines-to-clamp=\"4\" data-device=\"mobile\">Tip montaj:Instalare direct\u0103<\/div>\n<div class=\"a11y-text-width js-read-more js-product-description Product__Description-text text-break\" data-lines-to-clamp=\"4\" data-device=\"mobile\">Mont\u0103rii: Pentru stivuitorul<\/div>\n<div class=\"a11y-text-width js-read-more js-product-description Product__Description-text text-break\" data-lines-to-clamp=\"4\" data-device=\"mobile\">Culoare:negru<\/div>","protected":false},"excerpt":{"rendered":"<p>Compatibil:<\/p>\n<p>LINDE H30D, 393-T01876<br \/>\nLINDE H30T-01, 393-A00360<br \/>\nLINDE H35D, 393-A06063<br \/>\nLINDE H20T-01, 392-U020220<\/p>\n<p>Cod OEM: 7919040041<\/p>","protected":false},"featured_media":9571,"comment_status":"open","ping_status":"closed","template":"","meta":[],"product_cat":[138,134,127],"product_tag":[],"class_list":{"0":"post-8475","1":"product","2":"type-product","3":"status-publish","4":"has-post-thumbnail","6":"product_cat-joystick-tractor","7":"product_cat-piese-electrice","8":"product_cat-sisteme-stivuitoare","9":"product_brand-linde","11":"first","12":"instock","13":"shipping-taxable","14":"purchasable","15":"product-type-simple"},"yoast_head":"<!-- This site is optimized with the Yoast SEO plugin v24.7 - https:\/\/yoast.com\/wordpress\/plugins\/seo\/ -->\n<title>Joystick controller Linde 7919040041 - Baterii stivuitor<\/title>\n<meta name=\"robots\" content=\"index, follow, max-snippet:-1, max-image-preview:large, max-video-preview:-1\" \/>\n<link rel=\"canonical\" href=\"https:\/\/baterii-stivuitor.ro\/en\/product\/joystick-control-maneta-pentru-linde-stivuitor\/\" \/>\n<meta property=\"og:locale\" content=\"en_US\" \/>\n<meta property=\"og:type\" content=\"article\" \/>\n<meta property=\"og:title\" content=\"Joystick controller Linde 7919040041 - Baterii stivuitor\" \/>\n<meta property=\"og:description\" content=\"Compatibil:  LINDE H30D, 393-T01876 LINDE H30T-01, 393-A00360 LINDE H35D, 393-A06063 LINDE H20T-01, 392-U020220  Cod OEM: 7919040041\" \/>\n<meta property=\"og:url\" content=\"https:\/\/baterii-stivuitor.ro\/en\/product\/joystick-control-maneta-pentru-linde-stivuitor\/\" \/>\n<meta property=\"og:site_name\" content=\"Baterii stivuitor\" \/>\n<meta property=\"article:modified_time\" content=\"2026-02-13T10:39:25+00:00\" \/>\n<meta property=\"og:image\" content=\"https:\/\/baterii-stivuitor.ro\/wp-content\/uploads\/2024\/06\/Nevtelen-terv.png\" \/>\n\t<meta property=\"og:image:width\" content=\"2048\" \/>\n\t<meta property=\"og:image:height\" content=\"2048\" \/>\n\t<meta property=\"og:image:type\" content=\"image\/png\" \/>\n<meta name=\"twitter:card\" content=\"summary_large_image\" \/>\n<meta name=\"twitter:label1\" content=\"Est. reading time\" \/>\n\t<meta name=\"twitter:data1\" content=\"1 minute\" \/>\n<script type=\"application\/ld+json\" class=\"yoast-schema-graph\">{\"@context\":\"https:\/\/schema.org\",\"@graph\":[{\"@type\":\"WebPage\",\"@id\":\"https:\/\/baterii-stivuitor.ro\/produs\/joystick-control-maneta-pentru-linde-stivuitor\/\",\"url\":\"https:\/\/baterii-stivuitor.ro\/produs\/joystick-control-maneta-pentru-linde-stivuitor\/\",\"name\":\"Joystick controller Linde 7919040041 - Baterii stivuitor\",\"isPartOf\":{\"@id\":\"https:\/\/baterii-stivuitor.ro\/#website\"},\"primaryImageOfPage\":{\"@id\":\"https:\/\/baterii-stivuitor.ro\/produs\/joystick-control-maneta-pentru-linde-stivuitor\/#primaryimage\"},\"image\":{\"@id\":\"https:\/\/baterii-stivuitor.ro\/produs\/joystick-control-maneta-pentru-linde-stivuitor\/#primaryimage\"},\"thumbnailUrl\":\"https:\/\/baterii-stivuitor.ro\/wp-content\/uploads\/2024\/06\/Nevtelen-terv.png\",\"datePublished\":\"2024-06-03T06:30:05+00:00\",\"dateModified\":\"2026-02-13T10:39:25+00:00\",\"breadcrumb\":{\"@id\":\"https:\/\/baterii-stivuitor.ro\/produs\/joystick-control-maneta-pentru-linde-stivuitor\/#breadcrumb\"},\"inLanguage\":\"en-US\",\"potentialAction\":[{\"@type\":\"ReadAction\",\"target\":[\"https:\/\/baterii-stivuitor.ro\/produs\/joystick-control-maneta-pentru-linde-stivuitor\/\"]}]},{\"@type\":\"ImageObject\",\"inLanguage\":\"en-US\",\"@id\":\"https:\/\/baterii-stivuitor.ro\/produs\/joystick-control-maneta-pentru-linde-stivuitor\/#primaryimage\",\"url\":\"https:\/\/baterii-stivuitor.ro\/wp-content\/uploads\/2024\/06\/Nevtelen-terv.png\",\"contentUrl\":\"https:\/\/baterii-stivuitor.ro\/wp-content\/uploads\/2024\/06\/Nevtelen-terv.png\",\"width\":2048,\"height\":2048},{\"@type\":\"BreadcrumbList\",\"@id\":\"https:\/\/baterii-stivuitor.ro\/produs\/joystick-control-maneta-pentru-linde-stivuitor\/#breadcrumb\",\"itemListElement\":[{\"@type\":\"ListItem\",\"position\":1,\"name\":\"Prima pagin\u0103\",\"item\":\"https:\/\/baterii-stivuitor.ro\/\"},{\"@type\":\"ListItem\",\"position\":2,\"name\":\"Magazin\",\"item\":\"https:\/\/baterii-stivuitor.ro\/shop\/\"},{\"@type\":\"ListItem\",\"position\":3,\"name\":\"Joystick controller Linde 7919040041\"}]},{\"@type\":\"WebSite\",\"@id\":\"https:\/\/baterii-stivuitor.ro\/#website\",\"url\":\"https:\/\/baterii-stivuitor.ro\/\",\"name\":\"Baterii stivuitor\",\"description\":\"\",\"potentialAction\":[{\"@type\":\"SearchAction\",\"target\":{\"@type\":\"EntryPoint\",\"urlTemplate\":\"https:\/\/baterii-stivuitor.ro\/?s={search_term_string}\"},\"query-input\":{\"@type\":\"PropertyValueSpecification\",\"valueRequired\":true,\"valueName\":\"search_term_string\"}}],\"inLanguage\":\"en-US\"}]}<\/script>\n<!-- \/ Yoast SEO plugin. -->","yoast_head_json":{"title":"Joystick controller Linde 7919040041 - Baterii stivuitor","robots":{"index":"index","follow":"follow","max-snippet":"max-snippet:-1","max-image-preview":"max-image-preview:large","max-video-preview":"max-video-preview:-1"},"canonical":"https:\/\/baterii-stivuitor.ro\/en\/product\/joystick-control-maneta-pentru-linde-stivuitor\/","og_locale":"en_US","og_type":"article","og_title":"Joystick controller Linde 7919040041 - Baterii stivuitor","og_description":"Compatibil:  LINDE H30D, 393-T01876 LINDE H30T-01, 393-A00360 LINDE H35D, 393-A06063 LINDE H20T-01, 392-U020220  Cod OEM: 7919040041","og_url":"https:\/\/baterii-stivuitor.ro\/en\/product\/joystick-control-maneta-pentru-linde-stivuitor\/","og_site_name":"Baterii stivuitor","article_modified_time":"2026-02-13T10:39:25+00:00","og_image":[{"width":2048,"height":2048,"url":"https:\/\/baterii-stivuitor.ro\/wp-content\/uploads\/2024\/06\/Nevtelen-terv.png","type":"image\/png"}],"twitter_card":"summary_large_image","twitter_misc":{"Est. reading time":"1 minute"},"schema":{"@context":"https:\/\/schema.org","@graph":[{"@type":"WebPage","@id":"https:\/\/baterii-stivuitor.ro\/produs\/joystick-control-maneta-pentru-linde-stivuitor\/","url":"https:\/\/baterii-stivuitor.ro\/produs\/joystick-control-maneta-pentru-linde-stivuitor\/","name":"Joystick controller Linde 7919040041 - Baterii stivuitor","isPartOf":{"@id":"https:\/\/baterii-stivuitor.ro\/#website"},"primaryImageOfPage":{"@id":"https:\/\/baterii-stivuitor.ro\/produs\/joystick-control-maneta-pentru-linde-stivuitor\/#primaryimage"},"image":{"@id":"https:\/\/baterii-stivuitor.ro\/produs\/joystick-control-maneta-pentru-linde-stivuitor\/#primaryimage"},"thumbnailUrl":"https:\/\/baterii-stivuitor.ro\/wp-content\/uploads\/2024\/06\/Nevtelen-terv.png","datePublished":"2024-06-03T06:30:05+00:00","dateModified":"2026-02-13T10:39:25+00:00","breadcrumb":{"@id":"https:\/\/baterii-stivuitor.ro\/produs\/joystick-control-maneta-pentru-linde-stivuitor\/#breadcrumb"},"inLanguage":"en-US","potentialAction":[{"@type":"ReadAction","target":["https:\/\/baterii-stivuitor.ro\/produs\/joystick-control-maneta-pentru-linde-stivuitor\/"]}]},{"@type":"ImageObject","inLanguage":"en-US","@id":"https:\/\/baterii-stivuitor.ro\/produs\/joystick-control-maneta-pentru-linde-stivuitor\/#primaryimage","url":"https:\/\/baterii-stivuitor.ro\/wp-content\/uploads\/2024\/06\/Nevtelen-terv.png","contentUrl":"https:\/\/baterii-stivuitor.ro\/wp-content\/uploads\/2024\/06\/Nevtelen-terv.png","width":2048,"height":2048},{"@type":"BreadcrumbList","@id":"https:\/\/baterii-stivuitor.ro\/produs\/joystick-control-maneta-pentru-linde-stivuitor\/#breadcrumb","itemListElement":[{"@type":"ListItem","position":1,"name":"Prima pagin\u0103","item":"https:\/\/baterii-stivuitor.ro\/"},{"@type":"ListItem","position":2,"name":"Magazin","item":"https:\/\/baterii-stivuitor.ro\/shop\/"},{"@type":"ListItem","position":3,"name":"Joystick controller Linde 7919040041"}]},{"@type":"WebSite","@id":"https:\/\/baterii-stivuitor.ro\/#website","url":"https:\/\/baterii-stivuitor.ro\/","name":"Baterii stivuitor","description":"","potentialAction":[{"@type":"SearchAction","target":{"@type":"EntryPoint","urlTemplate":"https:\/\/baterii-stivuitor.ro\/?s={search_term_string}"},"query-input":{"@type":"PropertyValueSpecification","valueRequired":true,"valueName":"search_term_string"}}],"inLanguage":"en-US"}]}},"_links":{"self":[{"href":"https:\/\/baterii-stivuitor.ro\/en\/wp-json\/wp\/v2\/product\/8475","targetHints":{"allow":["GET"]}}],"collection":[{"href":"https:\/\/baterii-stivuitor.ro\/en\/wp-json\/wp\/v2\/product"}],"about":[{"href":"https:\/\/baterii-stivuitor.ro\/en\/wp-json\/wp\/v2\/types\/product"}],"replies":[{"embeddable":true,"href":"https:\/\/baterii-stivuitor.ro\/en\/wp-json\/wp\/v2\/comments?post=8475"}],"wp:featuredmedia":[{"embeddable":true,"href":"https:\/\/baterii-stivuitor.ro\/en\/wp-json\/wp\/v2\/media\/9571"}],"wp:attachment":[{"href":"https:\/\/baterii-stivuitor.ro\/en\/wp-json\/wp\/v2\/media?parent=8475"}],"wp:term":[{"taxonomy":"product_cat","embeddable":true,"href":"https:\/\/baterii-stivuitor.ro\/en\/wp-json\/wp\/v2\/product_cat?post=8475"},{"taxonomy":"product_tag","embeddable":true,"href":"https:\/\/baterii-stivuitor.ro\/en\/wp-json\/wp\/v2\/product_tag?post=8475"}],"curies":[{"name":"wp","href":"https:\/\/api.w.org\/{rel}","templated":true}]}}