{"id":8294,"date":"2024-05-14T15:19:36","date_gmt":"2024-05-14T15:19:36","guid":{"rendered":"https:\/\/baterii-stivuitor.ro\/?post_type=product&#038;p=8294"},"modified":"2024-05-17T11:41:22","modified_gmt":"2024-05-17T11:41:22","slug":"transpalet-electric-de-catarg-4500-mm-baterie-li-ion","status":"publish","type":"product","link":"https:\/\/baterii-stivuitor.ro\/en\/product\/transpalet-electric-de-catarg-4500-mm-baterie-li-ion\/","title":{"rendered":"Transpalet electric de catarg 4500 mm baterie li-ion"},"content":{"rendered":"<p><span style=\"color: #000000;\">1.2 Denumire model S16W450-IONV2<\/span><br \/>\n<span style=\"color: #000000;\">1.3 Unitatea de antrenare Bateria<\/span><br \/>\n<span style=\"color: #000000;\">1.4 Tip operator Pieton<\/span><br \/>\n<span style=\"color: #000000;\">1.5 Capacitate de \u00eenc\u0103rcare Q (kg) 1600<\/span><br \/>\n<span style=\"color: #000000;\">1.6 Distan\u021ba la centrul sarcinii c (mm) 600<\/span><br \/>\n<span style=\"color: #000000;\">1.8 Distan\u021ba de \u00eenc\u0103rcare, centrul axei motoare la furc\u0103 c (mm) 690<\/span><br \/>\n<span style=\"color: #000000;\">1.9 Ampatament y (mm) 1272<\/span><\/p>\n<p><span style=\"color: #000000;\">Greutate<\/span><\/p>\n<p><span style=\"color: #000000;\">2.1 Greutate de serviciu (inclusiv baterie) kg 940<\/span><br \/>\n<span style=\"color: #000000;\">2.2 \u00cenc\u0103rcare pe osie, \u00eenc\u0103rcare operator\/partea \u00eenc\u0103rc\u0103turii kg 700\/1840<\/span><br \/>\n<span style=\"color: #000000;\">2.3 \u00cenc\u0103rcare pe osie, desc\u0103rcare pe partea operatorului\/\u00eenc\u0103rcare kg 630\/310<\/span><\/p>\n<p><span style=\"color: #000000;\">Ro\u021bi, \u0219asiu<\/span><\/p>\n<p><span style=\"color: #000000;\">3.1 Tip anvelop\u0103 PU\/PU<\/span><br \/>\n<span style=\"color: #000000;\">3.2 Dimensiunea anvelopei, partea operatorului mm \u00d8 230 x 75<\/span><br \/>\n<span style=\"color: #000000;\">3.3 Dimensiunea anvelopei, partea de sarcin\u0103 mm \u00d8 85 x 70<\/span><br \/>\n<span style=\"color: #000000;\">3.4 Ro\u021bi de echilibrare (dimensiuni) mm \u00d8 130 x 55<\/span><br \/>\n<span style=\"color: #000000;\">3.5 Ro\u021bi, num\u0103r operator\/partea sarcin\u0103 (x = ro\u021bi motrice) 1 x + 1\/4<\/span><br \/>\n<span style=\"color: #000000;\">3.6 Benzi de rulare, partea operatorului b10 (mm) 538<\/span><br \/>\n<span style=\"color: #000000;\">3.7 Benzi de rulare, partea de sarcin\u0103 b11 (mm) 406<\/span><\/p>\n<p><span style=\"color: #000000;\">Dimensiuni<\/span><\/p>\n<p><span style=\"color: #000000;\">4.2 \u00cen\u0103l\u021bime, catarg cobor\u00e2t h1 (mm) 2020<\/span><br \/>\n<span style=\"color: #000000;\">4.3 Ridicare liber\u0103 h2 (mm) 1630<\/span><br \/>\n<span style=\"color: #000000;\">4.4 \u00cen\u0103l\u021bimea de ridicare h3 (mm) 4500<\/span><br \/>\n<span style=\"color: #000000;\">4.5 \u00cen\u0103l\u021bimea catargului extins h4 (mm) 4945<\/span><br \/>\n<span style=\"color: #000000;\">4.9 \u00cen\u0103l\u021bimea bra\u021bului tijei \u00een pozi\u021bie de func\u021bionare, min\/max h14 (mm) 715\/1200<\/span><br \/>\n<span style=\"color: #000000;\">4.15 \u00cen\u0103l\u021bimea furcii, cobor\u00e2t\u0103 h13 (mm) 90<\/span><br \/>\n<span style=\"color: #000000;\">4.19 Lungime total\u0103 l1 (mm) 1881<\/span><br \/>\n<span style=\"color: #000000;\">4.20 Lungime p\u00e2n\u0103 la fa\u021b\u0103 a furcilor l2 (mm) 731<\/span><br \/>\n<span style=\"color: #000000;\">4.21 Latime totala b1\/b2 (mm) 800<\/span><br \/>\n<span style=\"color: #000000;\">4.22 Dimensiuni furc\u0103 s\/e\/l (mm) 65\/170\/1150<\/span><br \/>\n<span style=\"color: #000000;\">4.24 L\u0103\u021bimea suportului furcii b3 (mm) 750<\/span><br \/>\n<span style=\"color: #000000;\">4.25 L\u0103\u021bimea furcilor b5 (mm) 570<\/span><br \/>\n<span style=\"color: #000000;\">4.32 Garda la sol, centrul ampatamentului m2 (mm) 25<\/span><br \/>\n<span style=\"color: #000000;\">4.33 L\u0103\u021bimea culoarului, 1000 x 1200 pale\u021bi transversale Ast (mm) 2383<\/span><br \/>\n<span style=\"color: #000000;\">4.34 L\u0103\u021bimea culoarului, 800 x 1200 pale\u021bi longitudinal Ast (mm) 2355<\/span><br \/>\n<span style=\"color: #000000;\">4,35 Raza de viraj Wa (mm) 1507<\/span><\/p>\n<p><span style=\"color: #000000;\">Performan\u0163\u0103<\/span><\/p>\n<p><span style=\"color: #000000;\">5.1 Viteza de deplasare, \u00eenc\u0103rcare\/desc\u0103rcare km\/h 5\/5,5<\/span><br \/>\n<span style=\"color: #000000;\">5.2 Viteza de ridicare, \u00eenc\u0103rcare\/desc\u0103rcare m\/s 0,2\/0,26<\/span><br \/>\n<span style=\"color: #000000;\">5.3 Viteza de cobor\u00e2re, \u00eenc\u0103rcare\/desc\u0103rcare m\/s 0,4\/0,3<\/span><br \/>\n<span style=\"color: #000000;\">5.8 \u00cenclinare maxim\u0103, \u00eenc\u0103rcare\/desc\u0103rcare S2 5 min % 8\/16<\/span><br \/>\n<span style=\"color: #000000;\">5.10 Fr\u00e2n\u0103 de serviciu Electromagnetic\u0103<\/span><\/p>\n<p><span style=\"color: #000000;\">Conduce<\/span><\/p>\n<p><span style=\"color: #000000;\">6.1 Performan\u021ba motorului de antrenare S2 60 min kW 1.6<\/span><br \/>\n<span style=\"color: #000000;\">6.2 Performan\u021ba motorului de ridicare la S3 15% kW 4.5<\/span><br \/>\n<span style=\"color: #000000;\">6.3 Tensiune baterie Li-ion\/capacitate nominal\u0103 V\/Ah 24\/100<\/span><br \/>\n<span style=\"color: #000000;\">6.6 \u00cenc\u0103rc\u0103tor intern V\/A 24\/30<\/span><\/p>\n<p><span style=\"color: #000000;\">Al\u021bii<\/span><\/p>\n<p><span style=\"color: #000000;\">7.2 Producator ZAPI<\/span><br \/>\n<span style=\"color: #000000;\">8.1 Tipul de comand\u0103 AC<\/span><br \/>\n<span style=\"color: #000000;\">10.5 Direc\u021bie Servodirec\u021bie<\/span><br \/>\n<span style=\"color: #000000;\">10.7 Nivelul sonor la urechea operatorului dB (A) 74<\/span><\/p>","protected":false},"excerpt":{"rendered":"<p><span style=\"color: #000000;\">Produs NOU<\/span><\/p>\n<p><span style=\"color: #000000;\">Termen de livrare: 5-7 zile<\/span><\/p>\n<p><span style=\"color: #000000;\">Posibilitate de achizitie prin rate sau leasing.<\/span><\/p>","protected":false},"featured_media":8300,"comment_status":"open","ping_status":"closed","template":"","meta":[],"product_cat":[186,195],"product_tag":[],"class_list":{"0":"post-8294","1":"product","2":"type-product","3":"status-publish","4":"has-post-thumbnail","6":"product_cat-liza-transpalet","7":"product_cat-transpaleti-electrici","8":"product_brand-climax","10":"first","11":"instock","12":"shipping-taxable","13":"purchasable","14":"product-type-simple"},"yoast_head":"<!-- This site is optimized with the Yoast SEO plugin v24.7 - https:\/\/yoast.com\/wordpress\/plugins\/seo\/ -->\n<title>Transpalet electric de catarg 4500 mm baterie li-ion - Baterii stivuitor<\/title>\n<meta name=\"robots\" content=\"index, follow, max-snippet:-1, max-image-preview:large, max-video-preview:-1\" \/>\n<link rel=\"canonical\" href=\"https:\/\/baterii-stivuitor.ro\/en\/product\/transpalet-electric-de-catarg-4500-mm-baterie-li-ion\/\" \/>\n<meta property=\"og:locale\" content=\"en_US\" \/>\n<meta property=\"og:type\" content=\"article\" \/>\n<meta property=\"og:title\" content=\"Transpalet electric de catarg 4500 mm baterie li-ion - Baterii stivuitor\" \/>\n<meta property=\"og:description\" content=\"Produs NOU  Termen de livrare: 5-7 zile  Posibilitate de achizitie prin rate sau leasing.\" \/>\n<meta property=\"og:url\" content=\"https:\/\/baterii-stivuitor.ro\/en\/product\/transpalet-electric-de-catarg-4500-mm-baterie-li-ion\/\" \/>\n<meta property=\"og:site_name\" content=\"Baterii stivuitor\" \/>\n<meta property=\"article:modified_time\" content=\"2024-05-17T11:41:22+00:00\" \/>\n<meta property=\"og:image\" content=\"https:\/\/baterii-stivuitor.ro\/wp-content\/uploads\/2024\/05\/Kepernyofoto-2024-05-15-9.51.39.png\" \/>\n\t<meta property=\"og:image:width\" content=\"676\" \/>\n\t<meta property=\"og:image:height\" content=\"724\" \/>\n\t<meta property=\"og:image:type\" content=\"image\/png\" \/>\n<meta name=\"twitter:card\" content=\"summary_large_image\" \/>\n<meta name=\"twitter:label1\" content=\"Est. reading time\" \/>\n\t<meta name=\"twitter:data1\" content=\"3 minutes\" \/>\n<script type=\"application\/ld+json\" class=\"yoast-schema-graph\">{\"@context\":\"https:\/\/schema.org\",\"@graph\":[{\"@type\":\"WebPage\",\"@id\":\"https:\/\/baterii-stivuitor.ro\/produs\/transpalet-electric-de-catarg-4500-mm-baterie-li-ion\/\",\"url\":\"https:\/\/baterii-stivuitor.ro\/produs\/transpalet-electric-de-catarg-4500-mm-baterie-li-ion\/\",\"name\":\"Transpalet electric de catarg 4500 mm baterie li-ion - Baterii stivuitor\",\"isPartOf\":{\"@id\":\"https:\/\/baterii-stivuitor.ro\/#website\"},\"primaryImageOfPage\":{\"@id\":\"https:\/\/baterii-stivuitor.ro\/produs\/transpalet-electric-de-catarg-4500-mm-baterie-li-ion\/#primaryimage\"},\"image\":{\"@id\":\"https:\/\/baterii-stivuitor.ro\/produs\/transpalet-electric-de-catarg-4500-mm-baterie-li-ion\/#primaryimage\"},\"thumbnailUrl\":\"https:\/\/baterii-stivuitor.ro\/wp-content\/uploads\/2024\/05\/Kepernyofoto-2024-05-15-9.51.39.png\",\"datePublished\":\"2024-05-14T15:19:36+00:00\",\"dateModified\":\"2024-05-17T11:41:22+00:00\",\"breadcrumb\":{\"@id\":\"https:\/\/baterii-stivuitor.ro\/produs\/transpalet-electric-de-catarg-4500-mm-baterie-li-ion\/#breadcrumb\"},\"inLanguage\":\"en-US\",\"potentialAction\":[{\"@type\":\"ReadAction\",\"target\":[\"https:\/\/baterii-stivuitor.ro\/produs\/transpalet-electric-de-catarg-4500-mm-baterie-li-ion\/\"]}]},{\"@type\":\"ImageObject\",\"inLanguage\":\"en-US\",\"@id\":\"https:\/\/baterii-stivuitor.ro\/produs\/transpalet-electric-de-catarg-4500-mm-baterie-li-ion\/#primaryimage\",\"url\":\"https:\/\/baterii-stivuitor.ro\/wp-content\/uploads\/2024\/05\/Kepernyofoto-2024-05-15-9.51.39.png\",\"contentUrl\":\"https:\/\/baterii-stivuitor.ro\/wp-content\/uploads\/2024\/05\/Kepernyofoto-2024-05-15-9.51.39.png\",\"width\":676,\"height\":724},{\"@type\":\"BreadcrumbList\",\"@id\":\"https:\/\/baterii-stivuitor.ro\/produs\/transpalet-electric-de-catarg-4500-mm-baterie-li-ion\/#breadcrumb\",\"itemListElement\":[{\"@type\":\"ListItem\",\"position\":1,\"name\":\"Prima pagin\u0103\",\"item\":\"https:\/\/baterii-stivuitor.ro\/\"},{\"@type\":\"ListItem\",\"position\":2,\"name\":\"Magazin\",\"item\":\"https:\/\/baterii-stivuitor.ro\/shop\/\"},{\"@type\":\"ListItem\",\"position\":3,\"name\":\"Transpalet electric de catarg 4500 mm baterie li-ion\"}]},{\"@type\":\"WebSite\",\"@id\":\"https:\/\/baterii-stivuitor.ro\/#website\",\"url\":\"https:\/\/baterii-stivuitor.ro\/\",\"name\":\"Baterii stivuitor\",\"description\":\"\",\"potentialAction\":[{\"@type\":\"SearchAction\",\"target\":{\"@type\":\"EntryPoint\",\"urlTemplate\":\"https:\/\/baterii-stivuitor.ro\/?s={search_term_string}\"},\"query-input\":{\"@type\":\"PropertyValueSpecification\",\"valueRequired\":true,\"valueName\":\"search_term_string\"}}],\"inLanguage\":\"en-US\"}]}<\/script>\n<!-- \/ Yoast SEO plugin. -->","yoast_head_json":{"title":"Transpalet electric de catarg 4500 mm baterie li-ion - Baterii stivuitor","robots":{"index":"index","follow":"follow","max-snippet":"max-snippet:-1","max-image-preview":"max-image-preview:large","max-video-preview":"max-video-preview:-1"},"canonical":"https:\/\/baterii-stivuitor.ro\/en\/product\/transpalet-electric-de-catarg-4500-mm-baterie-li-ion\/","og_locale":"en_US","og_type":"article","og_title":"Transpalet electric de catarg 4500 mm baterie li-ion - Baterii stivuitor","og_description":"Produs NOU  Termen de livrare: 5-7 zile  Posibilitate de achizitie prin rate sau leasing.","og_url":"https:\/\/baterii-stivuitor.ro\/en\/product\/transpalet-electric-de-catarg-4500-mm-baterie-li-ion\/","og_site_name":"Baterii stivuitor","article_modified_time":"2024-05-17T11:41:22+00:00","og_image":[{"width":676,"height":724,"url":"https:\/\/baterii-stivuitor.ro\/wp-content\/uploads\/2024\/05\/Kepernyofoto-2024-05-15-9.51.39.png","type":"image\/png"}],"twitter_card":"summary_large_image","twitter_misc":{"Est. reading time":"3 minutes"},"schema":{"@context":"https:\/\/schema.org","@graph":[{"@type":"WebPage","@id":"https:\/\/baterii-stivuitor.ro\/produs\/transpalet-electric-de-catarg-4500-mm-baterie-li-ion\/","url":"https:\/\/baterii-stivuitor.ro\/produs\/transpalet-electric-de-catarg-4500-mm-baterie-li-ion\/","name":"Transpalet electric de catarg 4500 mm baterie li-ion - Baterii stivuitor","isPartOf":{"@id":"https:\/\/baterii-stivuitor.ro\/#website"},"primaryImageOfPage":{"@id":"https:\/\/baterii-stivuitor.ro\/produs\/transpalet-electric-de-catarg-4500-mm-baterie-li-ion\/#primaryimage"},"image":{"@id":"https:\/\/baterii-stivuitor.ro\/produs\/transpalet-electric-de-catarg-4500-mm-baterie-li-ion\/#primaryimage"},"thumbnailUrl":"https:\/\/baterii-stivuitor.ro\/wp-content\/uploads\/2024\/05\/Kepernyofoto-2024-05-15-9.51.39.png","datePublished":"2024-05-14T15:19:36+00:00","dateModified":"2024-05-17T11:41:22+00:00","breadcrumb":{"@id":"https:\/\/baterii-stivuitor.ro\/produs\/transpalet-electric-de-catarg-4500-mm-baterie-li-ion\/#breadcrumb"},"inLanguage":"en-US","potentialAction":[{"@type":"ReadAction","target":["https:\/\/baterii-stivuitor.ro\/produs\/transpalet-electric-de-catarg-4500-mm-baterie-li-ion\/"]}]},{"@type":"ImageObject","inLanguage":"en-US","@id":"https:\/\/baterii-stivuitor.ro\/produs\/transpalet-electric-de-catarg-4500-mm-baterie-li-ion\/#primaryimage","url":"https:\/\/baterii-stivuitor.ro\/wp-content\/uploads\/2024\/05\/Kepernyofoto-2024-05-15-9.51.39.png","contentUrl":"https:\/\/baterii-stivuitor.ro\/wp-content\/uploads\/2024\/05\/Kepernyofoto-2024-05-15-9.51.39.png","width":676,"height":724},{"@type":"BreadcrumbList","@id":"https:\/\/baterii-stivuitor.ro\/produs\/transpalet-electric-de-catarg-4500-mm-baterie-li-ion\/#breadcrumb","itemListElement":[{"@type":"ListItem","position":1,"name":"Prima pagin\u0103","item":"https:\/\/baterii-stivuitor.ro\/"},{"@type":"ListItem","position":2,"name":"Magazin","item":"https:\/\/baterii-stivuitor.ro\/shop\/"},{"@type":"ListItem","position":3,"name":"Transpalet electric de catarg 4500 mm baterie li-ion"}]},{"@type":"WebSite","@id":"https:\/\/baterii-stivuitor.ro\/#website","url":"https:\/\/baterii-stivuitor.ro\/","name":"Baterii stivuitor","description":"","potentialAction":[{"@type":"SearchAction","target":{"@type":"EntryPoint","urlTemplate":"https:\/\/baterii-stivuitor.ro\/?s={search_term_string}"},"query-input":{"@type":"PropertyValueSpecification","valueRequired":true,"valueName":"search_term_string"}}],"inLanguage":"en-US"}]}},"_links":{"self":[{"href":"https:\/\/baterii-stivuitor.ro\/en\/wp-json\/wp\/v2\/product\/8294","targetHints":{"allow":["GET"]}}],"collection":[{"href":"https:\/\/baterii-stivuitor.ro\/en\/wp-json\/wp\/v2\/product"}],"about":[{"href":"https:\/\/baterii-stivuitor.ro\/en\/wp-json\/wp\/v2\/types\/product"}],"replies":[{"embeddable":true,"href":"https:\/\/baterii-stivuitor.ro\/en\/wp-json\/wp\/v2\/comments?post=8294"}],"wp:featuredmedia":[{"embeddable":true,"href":"https:\/\/baterii-stivuitor.ro\/en\/wp-json\/wp\/v2\/media\/8300"}],"wp:attachment":[{"href":"https:\/\/baterii-stivuitor.ro\/en\/wp-json\/wp\/v2\/media?parent=8294"}],"wp:term":[{"taxonomy":"product_cat","embeddable":true,"href":"https:\/\/baterii-stivuitor.ro\/en\/wp-json\/wp\/v2\/product_cat?post=8294"},{"taxonomy":"product_tag","embeddable":true,"href":"https:\/\/baterii-stivuitor.ro\/en\/wp-json\/wp\/v2\/product_tag?post=8294"}],"curies":[{"name":"wp","href":"https:\/\/api.w.org\/{rel}","templated":true}]}}