{"id":8274,"date":"2024-05-13T18:40:02","date_gmt":"2024-05-13T18:40:02","guid":{"rendered":"https:\/\/baterii-stivuitor.ro\/?post_type=product&#038;p=8274"},"modified":"2024-05-17T11:41:43","modified_gmt":"2024-05-17T11:41:43","slug":"transpalet-cu-cantar","status":"publish","type":"product","link":"https:\/\/baterii-stivuitor.ro\/en\/product\/transpalet-cu-cantar\/","title":{"rendered":"Transpalet cu cantar"},"content":{"rendered":"<p id=\"tw-target-text\" class=\"tw-data-text tw-text-large tw-ta\" dir=\"ltr\" data-placeholder=\"Ford\u00edt\u00e1s\" aria-label=\"Leford\u00edtott sz\u00f6veg\" data-ved=\"2ahUKEwiKm9P1n4uGAxX1iP0HHU0bB4wQ3ewLegQIBRAU\"><span class=\"Y2IQFc\" lang=\"ro\">Capacitate de \u00eenc\u0103rcare (kg): 2000 <\/span><\/p>\n<p class=\"tw-data-text tw-text-large tw-ta\" dir=\"ltr\" data-placeholder=\"Ford\u00edt\u00e1s\" aria-label=\"Leford\u00edtott sz\u00f6veg\" data-ved=\"2ahUKEwiKm9P1n4uGAxX1iP0HHU0bB4wQ3ewLegQIBRAU\"><span class=\"Y2IQFc\" lang=\"ro\">Inaltime de ridicare (mm): 210 <\/span><\/p>\n<p class=\"tw-data-text tw-text-large tw-ta\" dir=\"ltr\" data-placeholder=\"Ford\u00edt\u00e1s\" aria-label=\"Leford\u00edtott sz\u00f6veg\" data-ved=\"2ahUKEwiKm9P1n4uGAxX1iP0HHU0bB4wQ3ewLegQIBRAU\"><span class=\"Y2IQFc\" lang=\"ro\">Lungimea furcilor (mm): 1150 <\/span><\/p>\n<p class=\"tw-data-text tw-text-large tw-ta\" dir=\"ltr\" data-placeholder=\"Ford\u00edt\u00e1s\" aria-label=\"Leford\u00edtott sz\u00f6veg\" data-ved=\"2ahUKEwiKm9P1n4uGAxX1iP0HHU0bB4wQ3ewLegQIBRAU\"><span class=\"Y2IQFc\" lang=\"ro\">L\u0103\u021bimea furcilor (mm): 555 <\/span><\/p>\n<p class=\"tw-data-text tw-text-large tw-ta\" dir=\"ltr\" data-placeholder=\"Ford\u00edt\u00e1s\" aria-label=\"Leford\u00edtott sz\u00f6veg\" data-ved=\"2ahUKEwiKm9P1n4uGAxX1iP0HHU0bB4wQ3ewLegQIBRAU\"><span class=\"Y2IQFc\" lang=\"ro\">Numar de roti furci: 4 <\/span><\/p>\n<p class=\"tw-data-text tw-text-large tw-ta\" dir=\"ltr\" data-placeholder=\"Ford\u00edt\u00e1s\" aria-label=\"Leford\u00edtott sz\u00f6veg\" data-ved=\"2ahUKEwiKm9P1n4uGAxX1iP0HHU0bB4wQ3ewLegQIBRAU\"><span class=\"Y2IQFc\" lang=\"ro\">Materialul roate de viraj: cauciuc <\/span><\/p>\n<p class=\"tw-data-text tw-text-large tw-ta\" dir=\"ltr\" data-placeholder=\"Ford\u00edt\u00e1s\" aria-label=\"Leford\u00edtott sz\u00f6veg\" data-ved=\"2ahUKEwiKm9P1n4uGAxX1iP0HHU0bB4wQ3ewLegQIBRAU\"><span class=\"Y2IQFc\" lang=\"ro\">Material transpalet c\u00e2nt\u0103rit: o\u021bel <\/span><\/p>\n<p class=\"tw-data-text tw-text-large tw-ta\" dir=\"ltr\" data-placeholder=\"Ford\u00edt\u00e1s\" aria-label=\"Leford\u00edtott sz\u00f6veg\" data-ved=\"2ahUKEwiKm9P1n4uGAxX1iP0HHU0bB4wQ3ewLegQIBRAU\"><span class=\"Y2IQFc\" lang=\"ro\">Imprimanta prezent\u0103: nu <\/span><\/p>\n<p class=\"tw-data-text tw-text-large tw-ta\" dir=\"ltr\" data-placeholder=\"Ford\u00edt\u00e1s\" aria-label=\"Leford\u00edtott sz\u00f6veg\" data-ved=\"2ahUKEwiKm9P1n4uGAxX1iP0HHU0bB4wQ3ewLegQIBRAU\"><span class=\"Y2IQFc\" lang=\"ro\">Baterie re\u00eenc\u0103rcabil\u0103: da <\/span><\/p>\n<p class=\"tw-data-text tw-text-large tw-ta\" dir=\"ltr\" data-placeholder=\"Ford\u00edt\u00e1s\" aria-label=\"Leford\u00edtott sz\u00f6veg\" data-ved=\"2ahUKEwiKm9P1n4uGAxX1iP0HHU0bB4wQ3ewLegQIBRAU\"><span class=\"Y2IQFc\" lang=\"ro\">Tip baterie: litiu <\/span><\/p>\n<p class=\"tw-data-text tw-text-large tw-ta\" dir=\"ltr\" data-placeholder=\"Ford\u00edt\u00e1s\" aria-label=\"Leford\u00edtott sz\u00f6veg\" data-ved=\"2ahUKEwiKm9P1n4uGAxX1iP0HHU0bB4wQ3ewLegQIBRAU\"><span class=\"Y2IQFc\" lang=\"ro\">Precizie (%): ,1 Diviziunea scalei: 0,5kg\u00a0<\/span><\/p>","protected":false},"excerpt":{"rendered":"<p>Termen de livrare 3-5 zile<\/p>","protected":false},"featured_media":8275,"comment_status":"open","ping_status":"closed","template":"","meta":[],"product_cat":[186,194],"product_tag":[],"class_list":{"0":"post-8274","1":"product","2":"type-product","3":"status-publish","4":"has-post-thumbnail","6":"product_cat-liza-transpalet","7":"product_cat-transpaleti-manual","9":"first","10":"instock","11":"shipping-taxable","12":"purchasable","13":"product-type-simple"},"yoast_head":"<!-- This site is optimized with the Yoast SEO plugin v24.7 - https:\/\/yoast.com\/wordpress\/plugins\/seo\/ -->\n<title>Transpalet cu cantar - Baterii stivuitor<\/title>\n<meta name=\"robots\" content=\"index, follow, max-snippet:-1, max-image-preview:large, max-video-preview:-1\" \/>\n<link rel=\"canonical\" href=\"https:\/\/baterii-stivuitor.ro\/en\/product\/transpalet-cu-cantar\/\" \/>\n<meta property=\"og:locale\" content=\"en_US\" \/>\n<meta property=\"og:type\" content=\"article\" \/>\n<meta property=\"og:title\" content=\"Transpalet cu cantar - Baterii stivuitor\" \/>\n<meta property=\"og:description\" content=\"Termen de livrare 3-5 zile\" \/>\n<meta property=\"og:url\" content=\"https:\/\/baterii-stivuitor.ro\/en\/product\/transpalet-cu-cantar\/\" \/>\n<meta property=\"og:site_name\" content=\"Baterii stivuitor\" \/>\n<meta property=\"article:modified_time\" content=\"2024-05-17T11:41:43+00:00\" \/>\n<meta property=\"og:image\" content=\"https:\/\/baterii-stivuitor.ro\/wp-content\/uploads\/2024\/05\/VFZIQ0RhJE0hcgHCI9AAApPPN3SZTYM3ZpwFxTPiYL2Yr5O0MA8gA-VqJzQxIOCnGdc.png\" \/>\n\t<meta property=\"og:image:width\" content=\"450\" \/>\n\t<meta property=\"og:image:height\" content=\"450\" \/>\n\t<meta property=\"og:image:type\" content=\"image\/png\" \/>\n<meta name=\"twitter:card\" content=\"summary_large_image\" \/>\n<meta name=\"twitter:label1\" content=\"Est. reading time\" \/>\n\t<meta name=\"twitter:data1\" content=\"1 minute\" \/>\n<script type=\"application\/ld+json\" class=\"yoast-schema-graph\">{\"@context\":\"https:\/\/schema.org\",\"@graph\":[{\"@type\":\"WebPage\",\"@id\":\"https:\/\/baterii-stivuitor.ro\/produs\/transpalet-cu-cantar\/\",\"url\":\"https:\/\/baterii-stivuitor.ro\/produs\/transpalet-cu-cantar\/\",\"name\":\"Transpalet cu cantar - Baterii stivuitor\",\"isPartOf\":{\"@id\":\"https:\/\/baterii-stivuitor.ro\/#website\"},\"primaryImageOfPage\":{\"@id\":\"https:\/\/baterii-stivuitor.ro\/produs\/transpalet-cu-cantar\/#primaryimage\"},\"image\":{\"@id\":\"https:\/\/baterii-stivuitor.ro\/produs\/transpalet-cu-cantar\/#primaryimage\"},\"thumbnailUrl\":\"https:\/\/baterii-stivuitor.ro\/wp-content\/uploads\/2024\/05\/VFZIQ0RhJE0hcgHCI9AAApPPN3SZTYM3ZpwFxTPiYL2Yr5O0MA8gA-VqJzQxIOCnGdc.png\",\"datePublished\":\"2024-05-13T18:40:02+00:00\",\"dateModified\":\"2024-05-17T11:41:43+00:00\",\"breadcrumb\":{\"@id\":\"https:\/\/baterii-stivuitor.ro\/produs\/transpalet-cu-cantar\/#breadcrumb\"},\"inLanguage\":\"en-US\",\"potentialAction\":[{\"@type\":\"ReadAction\",\"target\":[\"https:\/\/baterii-stivuitor.ro\/produs\/transpalet-cu-cantar\/\"]}]},{\"@type\":\"ImageObject\",\"inLanguage\":\"en-US\",\"@id\":\"https:\/\/baterii-stivuitor.ro\/produs\/transpalet-cu-cantar\/#primaryimage\",\"url\":\"https:\/\/baterii-stivuitor.ro\/wp-content\/uploads\/2024\/05\/VFZIQ0RhJE0hcgHCI9AAApPPN3SZTYM3ZpwFxTPiYL2Yr5O0MA8gA-VqJzQxIOCnGdc.png\",\"contentUrl\":\"https:\/\/baterii-stivuitor.ro\/wp-content\/uploads\/2024\/05\/VFZIQ0RhJE0hcgHCI9AAApPPN3SZTYM3ZpwFxTPiYL2Yr5O0MA8gA-VqJzQxIOCnGdc.png\",\"width\":450,\"height\":450},{\"@type\":\"BreadcrumbList\",\"@id\":\"https:\/\/baterii-stivuitor.ro\/produs\/transpalet-cu-cantar\/#breadcrumb\",\"itemListElement\":[{\"@type\":\"ListItem\",\"position\":1,\"name\":\"Prima pagin\u0103\",\"item\":\"https:\/\/baterii-stivuitor.ro\/\"},{\"@type\":\"ListItem\",\"position\":2,\"name\":\"Magazin\",\"item\":\"https:\/\/baterii-stivuitor.ro\/shop\/\"},{\"@type\":\"ListItem\",\"position\":3,\"name\":\"Transpalet cu cantar\"}]},{\"@type\":\"WebSite\",\"@id\":\"https:\/\/baterii-stivuitor.ro\/#website\",\"url\":\"https:\/\/baterii-stivuitor.ro\/\",\"name\":\"Baterii stivuitor\",\"description\":\"\",\"potentialAction\":[{\"@type\":\"SearchAction\",\"target\":{\"@type\":\"EntryPoint\",\"urlTemplate\":\"https:\/\/baterii-stivuitor.ro\/?s={search_term_string}\"},\"query-input\":{\"@type\":\"PropertyValueSpecification\",\"valueRequired\":true,\"valueName\":\"search_term_string\"}}],\"inLanguage\":\"en-US\"}]}<\/script>\n<!-- \/ Yoast SEO plugin. -->","yoast_head_json":{"title":"Transpalet cu cantar - Baterii stivuitor","robots":{"index":"index","follow":"follow","max-snippet":"max-snippet:-1","max-image-preview":"max-image-preview:large","max-video-preview":"max-video-preview:-1"},"canonical":"https:\/\/baterii-stivuitor.ro\/en\/product\/transpalet-cu-cantar\/","og_locale":"en_US","og_type":"article","og_title":"Transpalet cu cantar - Baterii stivuitor","og_description":"Termen de livrare 3-5 zile","og_url":"https:\/\/baterii-stivuitor.ro\/en\/product\/transpalet-cu-cantar\/","og_site_name":"Baterii stivuitor","article_modified_time":"2024-05-17T11:41:43+00:00","og_image":[{"width":450,"height":450,"url":"https:\/\/baterii-stivuitor.ro\/wp-content\/uploads\/2024\/05\/VFZIQ0RhJE0hcgHCI9AAApPPN3SZTYM3ZpwFxTPiYL2Yr5O0MA8gA-VqJzQxIOCnGdc.png","type":"image\/png"}],"twitter_card":"summary_large_image","twitter_misc":{"Est. reading time":"1 minute"},"schema":{"@context":"https:\/\/schema.org","@graph":[{"@type":"WebPage","@id":"https:\/\/baterii-stivuitor.ro\/produs\/transpalet-cu-cantar\/","url":"https:\/\/baterii-stivuitor.ro\/produs\/transpalet-cu-cantar\/","name":"Transpalet cu cantar - Baterii stivuitor","isPartOf":{"@id":"https:\/\/baterii-stivuitor.ro\/#website"},"primaryImageOfPage":{"@id":"https:\/\/baterii-stivuitor.ro\/produs\/transpalet-cu-cantar\/#primaryimage"},"image":{"@id":"https:\/\/baterii-stivuitor.ro\/produs\/transpalet-cu-cantar\/#primaryimage"},"thumbnailUrl":"https:\/\/baterii-stivuitor.ro\/wp-content\/uploads\/2024\/05\/VFZIQ0RhJE0hcgHCI9AAApPPN3SZTYM3ZpwFxTPiYL2Yr5O0MA8gA-VqJzQxIOCnGdc.png","datePublished":"2024-05-13T18:40:02+00:00","dateModified":"2024-05-17T11:41:43+00:00","breadcrumb":{"@id":"https:\/\/baterii-stivuitor.ro\/produs\/transpalet-cu-cantar\/#breadcrumb"},"inLanguage":"en-US","potentialAction":[{"@type":"ReadAction","target":["https:\/\/baterii-stivuitor.ro\/produs\/transpalet-cu-cantar\/"]}]},{"@type":"ImageObject","inLanguage":"en-US","@id":"https:\/\/baterii-stivuitor.ro\/produs\/transpalet-cu-cantar\/#primaryimage","url":"https:\/\/baterii-stivuitor.ro\/wp-content\/uploads\/2024\/05\/VFZIQ0RhJE0hcgHCI9AAApPPN3SZTYM3ZpwFxTPiYL2Yr5O0MA8gA-VqJzQxIOCnGdc.png","contentUrl":"https:\/\/baterii-stivuitor.ro\/wp-content\/uploads\/2024\/05\/VFZIQ0RhJE0hcgHCI9AAApPPN3SZTYM3ZpwFxTPiYL2Yr5O0MA8gA-VqJzQxIOCnGdc.png","width":450,"height":450},{"@type":"BreadcrumbList","@id":"https:\/\/baterii-stivuitor.ro\/produs\/transpalet-cu-cantar\/#breadcrumb","itemListElement":[{"@type":"ListItem","position":1,"name":"Prima pagin\u0103","item":"https:\/\/baterii-stivuitor.ro\/"},{"@type":"ListItem","position":2,"name":"Magazin","item":"https:\/\/baterii-stivuitor.ro\/shop\/"},{"@type":"ListItem","position":3,"name":"Transpalet cu cantar"}]},{"@type":"WebSite","@id":"https:\/\/baterii-stivuitor.ro\/#website","url":"https:\/\/baterii-stivuitor.ro\/","name":"Baterii stivuitor","description":"","potentialAction":[{"@type":"SearchAction","target":{"@type":"EntryPoint","urlTemplate":"https:\/\/baterii-stivuitor.ro\/?s={search_term_string}"},"query-input":{"@type":"PropertyValueSpecification","valueRequired":true,"valueName":"search_term_string"}}],"inLanguage":"en-US"}]}},"_links":{"self":[{"href":"https:\/\/baterii-stivuitor.ro\/en\/wp-json\/wp\/v2\/product\/8274","targetHints":{"allow":["GET"]}}],"collection":[{"href":"https:\/\/baterii-stivuitor.ro\/en\/wp-json\/wp\/v2\/product"}],"about":[{"href":"https:\/\/baterii-stivuitor.ro\/en\/wp-json\/wp\/v2\/types\/product"}],"replies":[{"embeddable":true,"href":"https:\/\/baterii-stivuitor.ro\/en\/wp-json\/wp\/v2\/comments?post=8274"}],"wp:featuredmedia":[{"embeddable":true,"href":"https:\/\/baterii-stivuitor.ro\/en\/wp-json\/wp\/v2\/media\/8275"}],"wp:attachment":[{"href":"https:\/\/baterii-stivuitor.ro\/en\/wp-json\/wp\/v2\/media?parent=8274"}],"wp:term":[{"taxonomy":"product_cat","embeddable":true,"href":"https:\/\/baterii-stivuitor.ro\/en\/wp-json\/wp\/v2\/product_cat?post=8274"},{"taxonomy":"product_tag","embeddable":true,"href":"https:\/\/baterii-stivuitor.ro\/en\/wp-json\/wp\/v2\/product_tag?post=8274"}],"curies":[{"name":"wp","href":"https:\/\/api.w.org\/{rel}","templated":true}]}}