{"id":8185,"date":"2024-04-29T15:28:52","date_gmt":"2024-04-29T15:28:52","guid":{"rendered":"https:\/\/baterii-stivuitor.ro\/?post_type=product&#038;p=8185"},"modified":"2026-02-06T11:10:53","modified_gmt":"2026-02-06T11:10:53","slug":"mufa-rema-80a-25mm%c2%b2-baterie","status":"publish","type":"product","link":"https:\/\/baterii-stivuitor.ro\/en\/product\/mufa-rema-80a-25mm%c2%b2-baterie\/","title":{"rendered":"Mufa Rema 80A &#8211; 25mm\u00b2 baterie"},"content":{"rendered":"<p id=\"tw-target-text\" class=\"tw-data-text tw-text-large tw-ta\" dir=\"ltr\" data-placeholder=\"Ford\u00edt\u00e1s\" aria-label=\"Leford\u00edtott sz\u00f6veg\" data-ved=\"2ahUKEwjwk8OC3eeFAxXR9wIHHTgXDaAQ3ewLegQIBRAU\"><span class=\"Y2IQFc\" lang=\"ro\">Conector de curent ridicat Un sistem de conectori conceput special pentru opera\u021biunile de \u00eenc\u0103rcare \u0219i baterii de vehicule industriale ac\u021bionate electric.<br \/>\nConectorii vin complet cu contacte de lipit, clem\u0103 de cablu, \u0219uruburi de montare \u0219i cheie de polarizare.<br \/>\nCheia de polarizare poate fi utilizat\u0103 \u00een 6 orient\u0103ri diferite, \u00een func\u021bie de cerin\u021ba dvs. de tensiune.<br \/>\nTensiunea este apoi afi\u0219at\u0103 prin carcasa conectorului, (24 V, 36 V, 48 V, 72 V, 80 V, 96 V).<br \/>\nToate modelele sunt extrem de fiabile \u0219i de calitate excelent\u0103. <\/span><\/p>\n<p class=\"tw-data-text tw-text-large tw-ta\" dir=\"ltr\" data-placeholder=\"Ford\u00edt\u00e1s\" aria-label=\"Leford\u00edtott sz\u00f6veg\" data-ved=\"2ahUKEwjwk8OC3eeFAxXR9wIHHTgXDaAQ3ewLegQIBRAU\"><span class=\"Y2IQFc\" lang=\"ro\">Standarde EN 1175-1; DIN 43589, 150V Curent mare \u2013 DIN43589-1 Rema<\/span><\/p>","protected":false},"excerpt":{"rendered":"<p>Tensiune pana la 150V<\/p>\n<p>Grosime cablu \u00d8 25<\/p>","protected":false},"featured_media":8191,"comment_status":"open","ping_status":"closed","template":"","meta":[],"product_cat":[199,168],"product_tag":[182],"class_list":{"0":"post-8185","1":"product","2":"type-product","3":"status-publish","4":"has-post-thumbnail","6":"product_cat-accesorii-baterii","7":"product_cat-baterii-stivuitor","8":"product_tag-rema","9":"product_brand-rema","11":"first","12":"instock","13":"shipping-taxable","14":"purchasable","15":"product-type-simple"},"yoast_head":"<!-- This site is optimized with the Yoast SEO plugin v24.7 - https:\/\/yoast.com\/wordpress\/plugins\/seo\/ -->\n<title>Mufa Rema 80A - 25mm\u00b2 baterie - Baterii stivuitor<\/title>\n<meta name=\"robots\" content=\"index, follow, max-snippet:-1, max-image-preview:large, max-video-preview:-1\" \/>\n<link rel=\"canonical\" href=\"https:\/\/baterii-stivuitor.ro\/en\/product\/mufa-rema-80a-25mm\u00b2-baterie\/\" \/>\n<meta property=\"og:locale\" content=\"en_US\" \/>\n<meta property=\"og:type\" content=\"article\" \/>\n<meta property=\"og:title\" content=\"Mufa Rema 80A - 25mm\u00b2 baterie - Baterii stivuitor\" \/>\n<meta property=\"og:description\" content=\"Tensiune pana la 150V  Grosime cablu \u00d8 25\" \/>\n<meta property=\"og:url\" content=\"https:\/\/baterii-stivuitor.ro\/en\/product\/mufa-rema-80a-25mm\u00b2-baterie\/\" \/>\n<meta property=\"og:site_name\" content=\"Baterii stivuitor\" \/>\n<meta property=\"article:modified_time\" content=\"2026-02-06T11:10:53+00:00\" \/>\n<meta property=\"og:image\" content=\"https:\/\/baterii-stivuitor.ro\/wp-content\/uploads\/2024\/04\/F3826186-01.webp\" \/>\n\t<meta property=\"og:image:width\" content=\"2494\" \/>\n\t<meta property=\"og:image:height\" content=\"1404\" \/>\n\t<meta property=\"og:image:type\" content=\"image\/webp\" \/>\n<meta name=\"twitter:card\" content=\"summary_large_image\" \/>\n<meta name=\"twitter:label1\" content=\"Est. reading time\" \/>\n\t<meta name=\"twitter:data1\" content=\"1 minute\" \/>\n<script type=\"application\/ld+json\" class=\"yoast-schema-graph\">{\"@context\":\"https:\/\/schema.org\",\"@graph\":[{\"@type\":\"WebPage\",\"@id\":\"https:\/\/baterii-stivuitor.ro\/produs\/mufa-rema-80a-25mm%c2%b2-baterie\/\",\"url\":\"https:\/\/baterii-stivuitor.ro\/produs\/mufa-rema-80a-25mm%c2%b2-baterie\/\",\"name\":\"Mufa Rema 80A - 25mm\u00b2 baterie - Baterii stivuitor\",\"isPartOf\":{\"@id\":\"https:\/\/baterii-stivuitor.ro\/#website\"},\"primaryImageOfPage\":{\"@id\":\"https:\/\/baterii-stivuitor.ro\/produs\/mufa-rema-80a-25mm%c2%b2-baterie\/#primaryimage\"},\"image\":{\"@id\":\"https:\/\/baterii-stivuitor.ro\/produs\/mufa-rema-80a-25mm%c2%b2-baterie\/#primaryimage\"},\"thumbnailUrl\":\"https:\/\/baterii-stivuitor.ro\/wp-content\/uploads\/2024\/04\/F3826186-01.webp\",\"datePublished\":\"2024-04-29T15:28:52+00:00\",\"dateModified\":\"2026-02-06T11:10:53+00:00\",\"breadcrumb\":{\"@id\":\"https:\/\/baterii-stivuitor.ro\/produs\/mufa-rema-80a-25mm%c2%b2-baterie\/#breadcrumb\"},\"inLanguage\":\"en-US\",\"potentialAction\":[{\"@type\":\"ReadAction\",\"target\":[\"https:\/\/baterii-stivuitor.ro\/produs\/mufa-rema-80a-25mm%c2%b2-baterie\/\"]}]},{\"@type\":\"ImageObject\",\"inLanguage\":\"en-US\",\"@id\":\"https:\/\/baterii-stivuitor.ro\/produs\/mufa-rema-80a-25mm%c2%b2-baterie\/#primaryimage\",\"url\":\"https:\/\/baterii-stivuitor.ro\/wp-content\/uploads\/2024\/04\/F3826186-01.webp\",\"contentUrl\":\"https:\/\/baterii-stivuitor.ro\/wp-content\/uploads\/2024\/04\/F3826186-01.webp\",\"width\":2494,\"height\":1404},{\"@type\":\"BreadcrumbList\",\"@id\":\"https:\/\/baterii-stivuitor.ro\/produs\/mufa-rema-80a-25mm%c2%b2-baterie\/#breadcrumb\",\"itemListElement\":[{\"@type\":\"ListItem\",\"position\":1,\"name\":\"Prima pagin\u0103\",\"item\":\"https:\/\/baterii-stivuitor.ro\/\"},{\"@type\":\"ListItem\",\"position\":2,\"name\":\"Magazin\",\"item\":\"https:\/\/baterii-stivuitor.ro\/shop\/\"},{\"@type\":\"ListItem\",\"position\":3,\"name\":\"Mufa Rema 80A &#8211; 25mm\u00b2 baterie\"}]},{\"@type\":\"WebSite\",\"@id\":\"https:\/\/baterii-stivuitor.ro\/#website\",\"url\":\"https:\/\/baterii-stivuitor.ro\/\",\"name\":\"Baterii stivuitor\",\"description\":\"\",\"potentialAction\":[{\"@type\":\"SearchAction\",\"target\":{\"@type\":\"EntryPoint\",\"urlTemplate\":\"https:\/\/baterii-stivuitor.ro\/?s={search_term_string}\"},\"query-input\":{\"@type\":\"PropertyValueSpecification\",\"valueRequired\":true,\"valueName\":\"search_term_string\"}}],\"inLanguage\":\"en-US\"}]}<\/script>\n<!-- \/ Yoast SEO plugin. -->","yoast_head_json":{"title":"Mufa Rema 80A - 25mm\u00b2 baterie - Baterii stivuitor","robots":{"index":"index","follow":"follow","max-snippet":"max-snippet:-1","max-image-preview":"max-image-preview:large","max-video-preview":"max-video-preview:-1"},"canonical":"https:\/\/baterii-stivuitor.ro\/en\/product\/mufa-rema-80a-25mm\u00b2-baterie\/","og_locale":"en_US","og_type":"article","og_title":"Mufa Rema 80A - 25mm\u00b2 baterie - Baterii stivuitor","og_description":"Tensiune pana la 150V  Grosime cablu \u00d8 25","og_url":"https:\/\/baterii-stivuitor.ro\/en\/product\/mufa-rema-80a-25mm\u00b2-baterie\/","og_site_name":"Baterii stivuitor","article_modified_time":"2026-02-06T11:10:53+00:00","og_image":[{"width":2494,"height":1404,"url":"https:\/\/baterii-stivuitor.ro\/wp-content\/uploads\/2024\/04\/F3826186-01.webp","type":"image\/webp"}],"twitter_card":"summary_large_image","twitter_misc":{"Est. reading time":"1 minute"},"schema":{"@context":"https:\/\/schema.org","@graph":[{"@type":"WebPage","@id":"https:\/\/baterii-stivuitor.ro\/produs\/mufa-rema-80a-25mm%c2%b2-baterie\/","url":"https:\/\/baterii-stivuitor.ro\/produs\/mufa-rema-80a-25mm%c2%b2-baterie\/","name":"Mufa Rema 80A - 25mm\u00b2 baterie - Baterii stivuitor","isPartOf":{"@id":"https:\/\/baterii-stivuitor.ro\/#website"},"primaryImageOfPage":{"@id":"https:\/\/baterii-stivuitor.ro\/produs\/mufa-rema-80a-25mm%c2%b2-baterie\/#primaryimage"},"image":{"@id":"https:\/\/baterii-stivuitor.ro\/produs\/mufa-rema-80a-25mm%c2%b2-baterie\/#primaryimage"},"thumbnailUrl":"https:\/\/baterii-stivuitor.ro\/wp-content\/uploads\/2024\/04\/F3826186-01.webp","datePublished":"2024-04-29T15:28:52+00:00","dateModified":"2026-02-06T11:10:53+00:00","breadcrumb":{"@id":"https:\/\/baterii-stivuitor.ro\/produs\/mufa-rema-80a-25mm%c2%b2-baterie\/#breadcrumb"},"inLanguage":"en-US","potentialAction":[{"@type":"ReadAction","target":["https:\/\/baterii-stivuitor.ro\/produs\/mufa-rema-80a-25mm%c2%b2-baterie\/"]}]},{"@type":"ImageObject","inLanguage":"en-US","@id":"https:\/\/baterii-stivuitor.ro\/produs\/mufa-rema-80a-25mm%c2%b2-baterie\/#primaryimage","url":"https:\/\/baterii-stivuitor.ro\/wp-content\/uploads\/2024\/04\/F3826186-01.webp","contentUrl":"https:\/\/baterii-stivuitor.ro\/wp-content\/uploads\/2024\/04\/F3826186-01.webp","width":2494,"height":1404},{"@type":"BreadcrumbList","@id":"https:\/\/baterii-stivuitor.ro\/produs\/mufa-rema-80a-25mm%c2%b2-baterie\/#breadcrumb","itemListElement":[{"@type":"ListItem","position":1,"name":"Prima pagin\u0103","item":"https:\/\/baterii-stivuitor.ro\/"},{"@type":"ListItem","position":2,"name":"Magazin","item":"https:\/\/baterii-stivuitor.ro\/shop\/"},{"@type":"ListItem","position":3,"name":"Mufa Rema 80A &#8211; 25mm\u00b2 baterie"}]},{"@type":"WebSite","@id":"https:\/\/baterii-stivuitor.ro\/#website","url":"https:\/\/baterii-stivuitor.ro\/","name":"Baterii stivuitor","description":"","potentialAction":[{"@type":"SearchAction","target":{"@type":"EntryPoint","urlTemplate":"https:\/\/baterii-stivuitor.ro\/?s={search_term_string}"},"query-input":{"@type":"PropertyValueSpecification","valueRequired":true,"valueName":"search_term_string"}}],"inLanguage":"en-US"}]}},"_links":{"self":[{"href":"https:\/\/baterii-stivuitor.ro\/en\/wp-json\/wp\/v2\/product\/8185","targetHints":{"allow":["GET"]}}],"collection":[{"href":"https:\/\/baterii-stivuitor.ro\/en\/wp-json\/wp\/v2\/product"}],"about":[{"href":"https:\/\/baterii-stivuitor.ro\/en\/wp-json\/wp\/v2\/types\/product"}],"replies":[{"embeddable":true,"href":"https:\/\/baterii-stivuitor.ro\/en\/wp-json\/wp\/v2\/comments?post=8185"}],"wp:featuredmedia":[{"embeddable":true,"href":"https:\/\/baterii-stivuitor.ro\/en\/wp-json\/wp\/v2\/media\/8191"}],"wp:attachment":[{"href":"https:\/\/baterii-stivuitor.ro\/en\/wp-json\/wp\/v2\/media?parent=8185"}],"wp:term":[{"taxonomy":"product_cat","embeddable":true,"href":"https:\/\/baterii-stivuitor.ro\/en\/wp-json\/wp\/v2\/product_cat?post=8185"},{"taxonomy":"product_tag","embeddable":true,"href":"https:\/\/baterii-stivuitor.ro\/en\/wp-json\/wp\/v2\/product_tag?post=8185"}],"curies":[{"name":"wp","href":"https:\/\/api.w.org\/{rel}","templated":true}]}}