{"id":10921,"date":"2026-02-16T09:27:42","date_gmt":"2026-02-16T09:27:42","guid":{"rendered":"https:\/\/baterii-stivuitor.ro\/?post_type=product&#038;p=10921"},"modified":"2026-02-16T09:27:42","modified_gmt":"2026-02-16T09:27:42","slug":"electrostivuitor-still-rx-60-25","status":"publish","type":"product","link":"https:\/\/baterii-stivuitor.ro\/en\/product\/electrostivuitor-still-rx-60-25\/","title":{"rendered":"ElectroStivuitor Still RX-60-25"},"content":{"rendered":"<table class=\"product-detail__property-table mb-3\" style=\"height: 492px;\" width=\"936\">\n<tbody>\n<tr>\n<th scope=\"row\">Capacitate<\/th>\n<td>2.500 kg<\/td>\n<\/tr>\n<tr>\n<th scope=\"row\">Motor<\/th>\n<td>Electric<\/td>\n<\/tr>\n<tr>\n<th scope=\"row\">An fabrica\u021bie<\/th>\n<td>2015<\/td>\n<\/tr>\n<tr>\n<th scope=\"row\">Ore \u00eenregistrate<\/th>\n<td>11.033<\/td>\n<\/tr>\n<tr>\n<th scope=\"row\">Catarg<\/th>\n<td>Triplex freelift<\/td>\n<\/tr>\n<tr>\n<th scope=\"row\">Ridicare<\/th>\n<td>664 cm<\/td>\n<\/tr>\n<tr>\n<th scope=\"row\">\u00cen\u0103l\u021bime minim\u0103 (cm)<\/th>\n<td>295 cm<\/td>\n<\/tr>\n<tr>\n<th scope=\"row\">Tip control<\/th>\n<td>Handles<\/td>\n<\/tr>\n<tr>\n<th scope=\"row\">Pedala<\/th>\n<td>pedal\u0103 unic\u0103<\/td>\n<\/tr>\n<tr>\n<th scope=\"row\">Baterie V<\/th>\n<td>80<\/td>\n<\/tr>\n<tr>\n<th scope=\"row\">Ro\u021bi (spate)<\/th>\n<td>Superelastice duble<\/td>\n<\/tr>\n<tr>\n<th scope=\"row\">Ro\u021bi (fa\u021ba)<\/th>\n<td>Superelastice<\/td>\n<\/tr>\n<tr>\n<th scope=\"row\">Ro\u021bi (fa\u021ba)<\/th>\n<td>225&#215;75-10<\/td>\n<\/tr>\n<tr>\n<th scope=\"row\">Ro\u021bi (spate)<\/th>\n<td>200&#215;50-10<\/td>\n<\/tr>\n<tr>\n<th scope=\"row\">Greutate<\/th>\n<td>5.302 kg<\/td>\n<\/tr>\n<tr>\n<th scope=\"row\">Details<\/th>\n<td>cu cabin\u0103, cu \u00eenc\u0103lzire, 3 valve hidraulice, cauciucuri spate noi<\/td>\n<\/tr>\n<tr>\n<th scope=\"row\">Tip ata\u0219ament<\/th>\n<td>Sideshift<\/td>\n<\/tr>\n<\/tbody>\n<\/table>","protected":false},"excerpt":{"rendered":"<p>Capacitate 2.500 kg Motor Electric An fabrica\u021bie 2015 Ore \u00eenregistrate 11.033 Catarg Triplex freelift Ridicare 664 cm \u00cen\u0103l\u021bime minim\u0103 (cm) 295 cm Tip control Handles Pedala pedal\u0103 unic\u0103 Baterie V 80 Ro\u021bi (spate) Superelastice duble Ro\u021bi (fa\u021ba) Superelastice Ro\u021bi (fa\u021ba) 225&#215;75-10 Ro\u021bi (spate) 200&#215;50-10 Greutate 5.302 kg Details cu cabin\u0103, cu \u00eenc\u0103lzire, 3 valve hidraulice, [&hellip;]<\/p>","protected":false},"featured_media":10922,"comment_status":"open","ping_status":"closed","template":"","meta":[],"product_cat":[169],"product_tag":[],"class_list":{"0":"post-10921","1":"product","2":"type-product","3":"status-publish","4":"has-post-thumbnail","6":"product_cat-motostivuitor","8":"first","9":"onbackorder","10":"shipping-taxable","11":"purchasable","12":"product-type-simple"},"yoast_head":"<!-- This site is optimized with the Yoast SEO plugin v24.7 - https:\/\/yoast.com\/wordpress\/plugins\/seo\/ -->\n<title>ElectroStivuitor Still RX-60-25 - Baterii stivuitor<\/title>\n<meta name=\"robots\" content=\"index, follow, max-snippet:-1, max-image-preview:large, max-video-preview:-1\" \/>\n<link rel=\"canonical\" href=\"https:\/\/baterii-stivuitor.ro\/en\/product\/electrostivuitor-still-rx-60-25\/\" \/>\n<meta property=\"og:locale\" content=\"en_US\" \/>\n<meta property=\"og:type\" content=\"article\" \/>\n<meta property=\"og:title\" content=\"ElectroStivuitor Still RX-60-25 - Baterii stivuitor\" \/>\n<meta property=\"og:description\" content=\"Capacitate 2.500 kg Motor Electric An fabrica\u021bie 2015 Ore \u00eenregistrate 11.033 Catarg Triplex freelift Ridicare 664 cm \u00cen\u0103l\u021bime minim\u0103 (cm) 295 cm Tip control Handles Pedala pedal\u0103 unic\u0103 Baterie V 80 Ro\u021bi (spate) Superelastice duble Ro\u021bi (fa\u021ba) Superelastice Ro\u021bi (fa\u021ba) 225&#215;75-10 Ro\u021bi (spate) 200&#215;50-10 Greutate 5.302 kg Details cu cabin\u0103, cu \u00eenc\u0103lzire, 3 valve hidraulice, [&hellip;]\" \/>\n<meta property=\"og:url\" content=\"https:\/\/baterii-stivuitor.ro\/en\/product\/electrostivuitor-still-rx-60-25\/\" \/>\n<meta property=\"og:site_name\" content=\"Baterii stivuitor\" \/>\n<meta property=\"og:image\" content=\"https:\/\/baterii-stivuitor.ro\/wp-content\/uploads\/2026\/02\/0648113dc23b629a0a3320977c1361d4-scaled.jpg\" \/>\n\t<meta property=\"og:image:width\" content=\"2560\" \/>\n\t<meta property=\"og:image:height\" content=\"1707\" \/>\n\t<meta property=\"og:image:type\" content=\"image\/jpeg\" \/>\n<meta name=\"twitter:card\" content=\"summary_large_image\" \/>\n<meta name=\"twitter:label1\" content=\"Est. reading time\" \/>\n\t<meta name=\"twitter:data1\" content=\"1 minute\" \/>\n<script type=\"application\/ld+json\" class=\"yoast-schema-graph\">{\"@context\":\"https:\/\/schema.org\",\"@graph\":[{\"@type\":\"WebPage\",\"@id\":\"https:\/\/baterii-stivuitor.ro\/produs\/electrostivuitor-still-rx-60-25\/\",\"url\":\"https:\/\/baterii-stivuitor.ro\/produs\/electrostivuitor-still-rx-60-25\/\",\"name\":\"ElectroStivuitor Still RX-60-25 - Baterii stivuitor\",\"isPartOf\":{\"@id\":\"https:\/\/baterii-stivuitor.ro\/#website\"},\"primaryImageOfPage\":{\"@id\":\"https:\/\/baterii-stivuitor.ro\/produs\/electrostivuitor-still-rx-60-25\/#primaryimage\"},\"image\":{\"@id\":\"https:\/\/baterii-stivuitor.ro\/produs\/electrostivuitor-still-rx-60-25\/#primaryimage\"},\"thumbnailUrl\":\"https:\/\/baterii-stivuitor.ro\/wp-content\/uploads\/2026\/02\/0648113dc23b629a0a3320977c1361d4-scaled.jpg\",\"datePublished\":\"2026-02-16T09:27:42+00:00\",\"breadcrumb\":{\"@id\":\"https:\/\/baterii-stivuitor.ro\/produs\/electrostivuitor-still-rx-60-25\/#breadcrumb\"},\"inLanguage\":\"en-US\",\"potentialAction\":[{\"@type\":\"ReadAction\",\"target\":[\"https:\/\/baterii-stivuitor.ro\/produs\/electrostivuitor-still-rx-60-25\/\"]}]},{\"@type\":\"ImageObject\",\"inLanguage\":\"en-US\",\"@id\":\"https:\/\/baterii-stivuitor.ro\/produs\/electrostivuitor-still-rx-60-25\/#primaryimage\",\"url\":\"https:\/\/baterii-stivuitor.ro\/wp-content\/uploads\/2026\/02\/0648113dc23b629a0a3320977c1361d4-scaled.jpg\",\"contentUrl\":\"https:\/\/baterii-stivuitor.ro\/wp-content\/uploads\/2026\/02\/0648113dc23b629a0a3320977c1361d4-scaled.jpg\",\"width\":2560,\"height\":1707},{\"@type\":\"BreadcrumbList\",\"@id\":\"https:\/\/baterii-stivuitor.ro\/produs\/electrostivuitor-still-rx-60-25\/#breadcrumb\",\"itemListElement\":[{\"@type\":\"ListItem\",\"position\":1,\"name\":\"Prima pagin\u0103\",\"item\":\"https:\/\/baterii-stivuitor.ro\/\"},{\"@type\":\"ListItem\",\"position\":2,\"name\":\"Magazin\",\"item\":\"https:\/\/baterii-stivuitor.ro\/shop\/\"},{\"@type\":\"ListItem\",\"position\":3,\"name\":\"ElectroStivuitor Still RX-60-25\"}]},{\"@type\":\"WebSite\",\"@id\":\"https:\/\/baterii-stivuitor.ro\/#website\",\"url\":\"https:\/\/baterii-stivuitor.ro\/\",\"name\":\"Baterii stivuitor\",\"description\":\"\",\"potentialAction\":[{\"@type\":\"SearchAction\",\"target\":{\"@type\":\"EntryPoint\",\"urlTemplate\":\"https:\/\/baterii-stivuitor.ro\/?s={search_term_string}\"},\"query-input\":{\"@type\":\"PropertyValueSpecification\",\"valueRequired\":true,\"valueName\":\"search_term_string\"}}],\"inLanguage\":\"en-US\"}]}<\/script>\n<!-- \/ Yoast SEO plugin. -->","yoast_head_json":{"title":"ElectroStivuitor Still RX-60-25 - Baterii stivuitor","robots":{"index":"index","follow":"follow","max-snippet":"max-snippet:-1","max-image-preview":"max-image-preview:large","max-video-preview":"max-video-preview:-1"},"canonical":"https:\/\/baterii-stivuitor.ro\/en\/product\/electrostivuitor-still-rx-60-25\/","og_locale":"en_US","og_type":"article","og_title":"ElectroStivuitor Still RX-60-25 - Baterii stivuitor","og_description":"Capacitate 2.500 kg Motor Electric An fabrica\u021bie 2015 Ore \u00eenregistrate 11.033 Catarg Triplex freelift Ridicare 664 cm \u00cen\u0103l\u021bime minim\u0103 (cm) 295 cm Tip control Handles Pedala pedal\u0103 unic\u0103 Baterie V 80 Ro\u021bi (spate) Superelastice duble Ro\u021bi (fa\u021ba) Superelastice Ro\u021bi (fa\u021ba) 225&#215;75-10 Ro\u021bi (spate) 200&#215;50-10 Greutate 5.302 kg Details cu cabin\u0103, cu \u00eenc\u0103lzire, 3 valve hidraulice, [&hellip;]","og_url":"https:\/\/baterii-stivuitor.ro\/en\/product\/electrostivuitor-still-rx-60-25\/","og_site_name":"Baterii stivuitor","og_image":[{"width":2560,"height":1707,"url":"https:\/\/baterii-stivuitor.ro\/wp-content\/uploads\/2026\/02\/0648113dc23b629a0a3320977c1361d4-scaled.jpg","type":"image\/jpeg"}],"twitter_card":"summary_large_image","twitter_misc":{"Est. reading time":"1 minute"},"schema":{"@context":"https:\/\/schema.org","@graph":[{"@type":"WebPage","@id":"https:\/\/baterii-stivuitor.ro\/produs\/electrostivuitor-still-rx-60-25\/","url":"https:\/\/baterii-stivuitor.ro\/produs\/electrostivuitor-still-rx-60-25\/","name":"ElectroStivuitor Still RX-60-25 - Baterii stivuitor","isPartOf":{"@id":"https:\/\/baterii-stivuitor.ro\/#website"},"primaryImageOfPage":{"@id":"https:\/\/baterii-stivuitor.ro\/produs\/electrostivuitor-still-rx-60-25\/#primaryimage"},"image":{"@id":"https:\/\/baterii-stivuitor.ro\/produs\/electrostivuitor-still-rx-60-25\/#primaryimage"},"thumbnailUrl":"https:\/\/baterii-stivuitor.ro\/wp-content\/uploads\/2026\/02\/0648113dc23b629a0a3320977c1361d4-scaled.jpg","datePublished":"2026-02-16T09:27:42+00:00","breadcrumb":{"@id":"https:\/\/baterii-stivuitor.ro\/produs\/electrostivuitor-still-rx-60-25\/#breadcrumb"},"inLanguage":"en-US","potentialAction":[{"@type":"ReadAction","target":["https:\/\/baterii-stivuitor.ro\/produs\/electrostivuitor-still-rx-60-25\/"]}]},{"@type":"ImageObject","inLanguage":"en-US","@id":"https:\/\/baterii-stivuitor.ro\/produs\/electrostivuitor-still-rx-60-25\/#primaryimage","url":"https:\/\/baterii-stivuitor.ro\/wp-content\/uploads\/2026\/02\/0648113dc23b629a0a3320977c1361d4-scaled.jpg","contentUrl":"https:\/\/baterii-stivuitor.ro\/wp-content\/uploads\/2026\/02\/0648113dc23b629a0a3320977c1361d4-scaled.jpg","width":2560,"height":1707},{"@type":"BreadcrumbList","@id":"https:\/\/baterii-stivuitor.ro\/produs\/electrostivuitor-still-rx-60-25\/#breadcrumb","itemListElement":[{"@type":"ListItem","position":1,"name":"Prima pagin\u0103","item":"https:\/\/baterii-stivuitor.ro\/"},{"@type":"ListItem","position":2,"name":"Magazin","item":"https:\/\/baterii-stivuitor.ro\/shop\/"},{"@type":"ListItem","position":3,"name":"ElectroStivuitor Still RX-60-25"}]},{"@type":"WebSite","@id":"https:\/\/baterii-stivuitor.ro\/#website","url":"https:\/\/baterii-stivuitor.ro\/","name":"Baterii stivuitor","description":"","potentialAction":[{"@type":"SearchAction","target":{"@type":"EntryPoint","urlTemplate":"https:\/\/baterii-stivuitor.ro\/?s={search_term_string}"},"query-input":{"@type":"PropertyValueSpecification","valueRequired":true,"valueName":"search_term_string"}}],"inLanguage":"en-US"}]}},"_links":{"self":[{"href":"https:\/\/baterii-stivuitor.ro\/en\/wp-json\/wp\/v2\/product\/10921","targetHints":{"allow":["GET"]}}],"collection":[{"href":"https:\/\/baterii-stivuitor.ro\/en\/wp-json\/wp\/v2\/product"}],"about":[{"href":"https:\/\/baterii-stivuitor.ro\/en\/wp-json\/wp\/v2\/types\/product"}],"replies":[{"embeddable":true,"href":"https:\/\/baterii-stivuitor.ro\/en\/wp-json\/wp\/v2\/comments?post=10921"}],"wp:featuredmedia":[{"embeddable":true,"href":"https:\/\/baterii-stivuitor.ro\/en\/wp-json\/wp\/v2\/media\/10922"}],"wp:attachment":[{"href":"https:\/\/baterii-stivuitor.ro\/en\/wp-json\/wp\/v2\/media?parent=10921"}],"wp:term":[{"taxonomy":"product_cat","embeddable":true,"href":"https:\/\/baterii-stivuitor.ro\/en\/wp-json\/wp\/v2\/product_cat?post=10921"},{"taxonomy":"product_tag","embeddable":true,"href":"https:\/\/baterii-stivuitor.ro\/en\/wp-json\/wp\/v2\/product_tag?post=10921"}],"curies":[{"name":"wp","href":"https:\/\/api.w.org\/{rel}","templated":true}]}}