{"id":10914,"date":"2026-02-16T09:22:00","date_gmt":"2026-02-16T09:22:00","guid":{"rendered":"https:\/\/baterii-stivuitor.ro\/?post_type=product&#038;p=10914"},"modified":"2026-02-16T09:22:00","modified_gmt":"2026-02-16T09:22:00","slug":"electro-stivuitor-toyota-8-fbmt-25","status":"publish","type":"product","link":"https:\/\/baterii-stivuitor.ro\/en\/product\/electro-stivuitor-toyota-8-fbmt-25\/","title":{"rendered":"Electro Stivuitor Toyota 8-FBMT-25"},"content":{"rendered":"<table class=\"product-detail__property-table mb-3\" style=\"height: 487px;\" width=\"678\">\n<tbody>\n<tr>\n<th scope=\"row\">Capacitate<\/th>\n<td>2.500 kg<\/td>\n<\/tr>\n<tr>\n<th scope=\"row\">Motor<\/th>\n<td>Electric<\/td>\n<\/tr>\n<tr>\n<th scope=\"row\">An fabrica\u021bie<\/th>\n<td>2014<\/td>\n<\/tr>\n<tr>\n<th scope=\"row\">Ore \u00eenregistrate<\/th>\n<td>10.473<\/td>\n<\/tr>\n<tr>\n<th scope=\"row\">Catarg<\/th>\n<td>Triplex freelift<\/td>\n<\/tr>\n<tr>\n<th scope=\"row\">Ridicare<\/th>\n<td>430 cm<\/td>\n<\/tr>\n<tr>\n<th scope=\"row\">\u00cen\u0103l\u021bime minim\u0103 (cm)<\/th>\n<td>215 cm<\/td>\n<\/tr>\n<tr>\n<th scope=\"row\">Tip control<\/th>\n<td>Fingertip joystick<\/td>\n<\/tr>\n<tr>\n<th scope=\"row\">Pedala<\/th>\n<td>pedal\u0103 unic\u0103<\/td>\n<\/tr>\n<tr>\n<th scope=\"row\">Baterie V<\/th>\n<td>80<\/td>\n<\/tr>\n<tr>\n<th scope=\"row\">Baterie Ah<\/th>\n<td>775<\/td>\n<\/tr>\n<tr>\n<th scope=\"row\">Ro\u021bi (spate)<\/th>\n<td>Superelastice<\/td>\n<\/tr>\n<tr>\n<th scope=\"row\">Ro\u021bi (fa\u021ba)<\/th>\n<td>Superelastice<\/td>\n<\/tr>\n<tr>\n<th scope=\"row\">Ro\u021bi (fa\u021ba)<\/th>\n<td>23&#215;9-10<\/td>\n<\/tr>\n<tr>\n<th scope=\"row\">Ro\u021bi (spate)<\/th>\n<td>18&#215;7-8<\/td>\n<\/tr>\n<tr>\n<th scope=\"row\">Greutate<\/th>\n<td>5.271 kg<\/td>\n<\/tr>\n<tr>\n<th scope=\"row\">Details<\/th>\n<td>3 valve hidraulice<\/td>\n<\/tr>\n<tr>\n<th scope=\"row\">Tip ata\u0219ament<\/th>\n<td>Sideshift<\/td>\n<\/tr>\n<\/tbody>\n<\/table>","protected":false},"excerpt":{"rendered":"<p>Capacitate 2.500 kg Motor Electric An fabrica\u021bie 2014 Ore \u00eenregistrate 10.473 Catarg Triplex freelift Ridicare 430 cm \u00cen\u0103l\u021bime minim\u0103 (cm) 215 cm Tip control Fingertip joystick Pedala pedal\u0103 unic\u0103 Baterie V 80 Baterie Ah 775 Ro\u021bi (spate) Superelastice Ro\u021bi (fa\u021ba) Superelastice Ro\u021bi (fa\u021ba) 23&#215;9-10 Ro\u021bi (spate) 18&#215;7-8 Greutate 5.271 kg Details 3 valve hidraulice Tip [&hellip;]<\/p>","protected":false},"featured_media":10915,"comment_status":"open","ping_status":"closed","template":"","meta":[],"product_cat":[169],"product_tag":[],"class_list":{"0":"post-10914","1":"product","2":"type-product","3":"status-publish","4":"has-post-thumbnail","6":"product_cat-motostivuitor","8":"first","9":"instock","10":"shipping-taxable","11":"purchasable","12":"product-type-simple"},"yoast_head":"<!-- This site is optimized with the Yoast SEO plugin v24.7 - https:\/\/yoast.com\/wordpress\/plugins\/seo\/ -->\n<title>Electro Stivuitor Toyota 8-FBMT-25 - Baterii stivuitor<\/title>\n<meta name=\"robots\" content=\"index, follow, max-snippet:-1, max-image-preview:large, max-video-preview:-1\" \/>\n<link rel=\"canonical\" href=\"https:\/\/baterii-stivuitor.ro\/en\/product\/electro-stivuitor-toyota-8-fbmt-25\/\" \/>\n<meta property=\"og:locale\" content=\"en_US\" \/>\n<meta property=\"og:type\" content=\"article\" \/>\n<meta property=\"og:title\" content=\"Electro Stivuitor Toyota 8-FBMT-25 - Baterii stivuitor\" \/>\n<meta property=\"og:description\" content=\"Capacitate 2.500 kg Motor Electric An fabrica\u021bie 2014 Ore \u00eenregistrate 10.473 Catarg Triplex freelift Ridicare 430 cm \u00cen\u0103l\u021bime minim\u0103 (cm) 215 cm Tip control Fingertip joystick Pedala pedal\u0103 unic\u0103 Baterie V 80 Baterie Ah 775 Ro\u021bi (spate) Superelastice Ro\u021bi (fa\u021ba) Superelastice Ro\u021bi (fa\u021ba) 23&#215;9-10 Ro\u021bi (spate) 18&#215;7-8 Greutate 5.271 kg Details 3 valve hidraulice Tip [&hellip;]\" \/>\n<meta property=\"og:url\" content=\"https:\/\/baterii-stivuitor.ro\/en\/product\/electro-stivuitor-toyota-8-fbmt-25\/\" \/>\n<meta property=\"og:site_name\" content=\"Baterii stivuitor\" \/>\n<meta property=\"og:image\" content=\"https:\/\/baterii-stivuitor.ro\/wp-content\/uploads\/2026\/02\/20997adfe70d9f060f105fb66c92dc13-scaled.jpg\" \/>\n\t<meta property=\"og:image:width\" content=\"2560\" \/>\n\t<meta property=\"og:image:height\" content=\"1707\" \/>\n\t<meta property=\"og:image:type\" content=\"image\/jpeg\" \/>\n<meta name=\"twitter:card\" content=\"summary_large_image\" \/>\n<meta name=\"twitter:label1\" content=\"Est. reading time\" \/>\n\t<meta name=\"twitter:data1\" content=\"1 minute\" \/>\n<script type=\"application\/ld+json\" class=\"yoast-schema-graph\">{\"@context\":\"https:\/\/schema.org\",\"@graph\":[{\"@type\":\"WebPage\",\"@id\":\"https:\/\/baterii-stivuitor.ro\/produs\/electro-stivuitor-toyota-8-fbmt-25\/\",\"url\":\"https:\/\/baterii-stivuitor.ro\/produs\/electro-stivuitor-toyota-8-fbmt-25\/\",\"name\":\"Electro Stivuitor Toyota 8-FBMT-25 - Baterii stivuitor\",\"isPartOf\":{\"@id\":\"https:\/\/baterii-stivuitor.ro\/#website\"},\"primaryImageOfPage\":{\"@id\":\"https:\/\/baterii-stivuitor.ro\/produs\/electro-stivuitor-toyota-8-fbmt-25\/#primaryimage\"},\"image\":{\"@id\":\"https:\/\/baterii-stivuitor.ro\/produs\/electro-stivuitor-toyota-8-fbmt-25\/#primaryimage\"},\"thumbnailUrl\":\"https:\/\/baterii-stivuitor.ro\/wp-content\/uploads\/2026\/02\/20997adfe70d9f060f105fb66c92dc13-scaled.jpg\",\"datePublished\":\"2026-02-16T09:22:00+00:00\",\"breadcrumb\":{\"@id\":\"https:\/\/baterii-stivuitor.ro\/produs\/electro-stivuitor-toyota-8-fbmt-25\/#breadcrumb\"},\"inLanguage\":\"en-US\",\"potentialAction\":[{\"@type\":\"ReadAction\",\"target\":[\"https:\/\/baterii-stivuitor.ro\/produs\/electro-stivuitor-toyota-8-fbmt-25\/\"]}]},{\"@type\":\"ImageObject\",\"inLanguage\":\"en-US\",\"@id\":\"https:\/\/baterii-stivuitor.ro\/produs\/electro-stivuitor-toyota-8-fbmt-25\/#primaryimage\",\"url\":\"https:\/\/baterii-stivuitor.ro\/wp-content\/uploads\/2026\/02\/20997adfe70d9f060f105fb66c92dc13-scaled.jpg\",\"contentUrl\":\"https:\/\/baterii-stivuitor.ro\/wp-content\/uploads\/2026\/02\/20997adfe70d9f060f105fb66c92dc13-scaled.jpg\",\"width\":2560,\"height\":1707},{\"@type\":\"BreadcrumbList\",\"@id\":\"https:\/\/baterii-stivuitor.ro\/produs\/electro-stivuitor-toyota-8-fbmt-25\/#breadcrumb\",\"itemListElement\":[{\"@type\":\"ListItem\",\"position\":1,\"name\":\"Prima pagin\u0103\",\"item\":\"https:\/\/baterii-stivuitor.ro\/\"},{\"@type\":\"ListItem\",\"position\":2,\"name\":\"Magazin\",\"item\":\"https:\/\/baterii-stivuitor.ro\/shop\/\"},{\"@type\":\"ListItem\",\"position\":3,\"name\":\"Electro Stivuitor Toyota 8-FBMT-25\"}]},{\"@type\":\"WebSite\",\"@id\":\"https:\/\/baterii-stivuitor.ro\/#website\",\"url\":\"https:\/\/baterii-stivuitor.ro\/\",\"name\":\"Baterii stivuitor\",\"description\":\"\",\"potentialAction\":[{\"@type\":\"SearchAction\",\"target\":{\"@type\":\"EntryPoint\",\"urlTemplate\":\"https:\/\/baterii-stivuitor.ro\/?s={search_term_string}\"},\"query-input\":{\"@type\":\"PropertyValueSpecification\",\"valueRequired\":true,\"valueName\":\"search_term_string\"}}],\"inLanguage\":\"en-US\"}]}<\/script>\n<!-- \/ Yoast SEO plugin. -->","yoast_head_json":{"title":"Electro Stivuitor Toyota 8-FBMT-25 - Baterii stivuitor","robots":{"index":"index","follow":"follow","max-snippet":"max-snippet:-1","max-image-preview":"max-image-preview:large","max-video-preview":"max-video-preview:-1"},"canonical":"https:\/\/baterii-stivuitor.ro\/en\/product\/electro-stivuitor-toyota-8-fbmt-25\/","og_locale":"en_US","og_type":"article","og_title":"Electro Stivuitor Toyota 8-FBMT-25 - Baterii stivuitor","og_description":"Capacitate 2.500 kg Motor Electric An fabrica\u021bie 2014 Ore \u00eenregistrate 10.473 Catarg Triplex freelift Ridicare 430 cm \u00cen\u0103l\u021bime minim\u0103 (cm) 215 cm Tip control Fingertip joystick Pedala pedal\u0103 unic\u0103 Baterie V 80 Baterie Ah 775 Ro\u021bi (spate) Superelastice Ro\u021bi (fa\u021ba) Superelastice Ro\u021bi (fa\u021ba) 23&#215;9-10 Ro\u021bi (spate) 18&#215;7-8 Greutate 5.271 kg Details 3 valve hidraulice Tip [&hellip;]","og_url":"https:\/\/baterii-stivuitor.ro\/en\/product\/electro-stivuitor-toyota-8-fbmt-25\/","og_site_name":"Baterii stivuitor","og_image":[{"width":2560,"height":1707,"url":"https:\/\/baterii-stivuitor.ro\/wp-content\/uploads\/2026\/02\/20997adfe70d9f060f105fb66c92dc13-scaled.jpg","type":"image\/jpeg"}],"twitter_card":"summary_large_image","twitter_misc":{"Est. reading time":"1 minute"},"schema":{"@context":"https:\/\/schema.org","@graph":[{"@type":"WebPage","@id":"https:\/\/baterii-stivuitor.ro\/produs\/electro-stivuitor-toyota-8-fbmt-25\/","url":"https:\/\/baterii-stivuitor.ro\/produs\/electro-stivuitor-toyota-8-fbmt-25\/","name":"Electro Stivuitor Toyota 8-FBMT-25 - Baterii stivuitor","isPartOf":{"@id":"https:\/\/baterii-stivuitor.ro\/#website"},"primaryImageOfPage":{"@id":"https:\/\/baterii-stivuitor.ro\/produs\/electro-stivuitor-toyota-8-fbmt-25\/#primaryimage"},"image":{"@id":"https:\/\/baterii-stivuitor.ro\/produs\/electro-stivuitor-toyota-8-fbmt-25\/#primaryimage"},"thumbnailUrl":"https:\/\/baterii-stivuitor.ro\/wp-content\/uploads\/2026\/02\/20997adfe70d9f060f105fb66c92dc13-scaled.jpg","datePublished":"2026-02-16T09:22:00+00:00","breadcrumb":{"@id":"https:\/\/baterii-stivuitor.ro\/produs\/electro-stivuitor-toyota-8-fbmt-25\/#breadcrumb"},"inLanguage":"en-US","potentialAction":[{"@type":"ReadAction","target":["https:\/\/baterii-stivuitor.ro\/produs\/electro-stivuitor-toyota-8-fbmt-25\/"]}]},{"@type":"ImageObject","inLanguage":"en-US","@id":"https:\/\/baterii-stivuitor.ro\/produs\/electro-stivuitor-toyota-8-fbmt-25\/#primaryimage","url":"https:\/\/baterii-stivuitor.ro\/wp-content\/uploads\/2026\/02\/20997adfe70d9f060f105fb66c92dc13-scaled.jpg","contentUrl":"https:\/\/baterii-stivuitor.ro\/wp-content\/uploads\/2026\/02\/20997adfe70d9f060f105fb66c92dc13-scaled.jpg","width":2560,"height":1707},{"@type":"BreadcrumbList","@id":"https:\/\/baterii-stivuitor.ro\/produs\/electro-stivuitor-toyota-8-fbmt-25\/#breadcrumb","itemListElement":[{"@type":"ListItem","position":1,"name":"Prima pagin\u0103","item":"https:\/\/baterii-stivuitor.ro\/"},{"@type":"ListItem","position":2,"name":"Magazin","item":"https:\/\/baterii-stivuitor.ro\/shop\/"},{"@type":"ListItem","position":3,"name":"Electro Stivuitor Toyota 8-FBMT-25"}]},{"@type":"WebSite","@id":"https:\/\/baterii-stivuitor.ro\/#website","url":"https:\/\/baterii-stivuitor.ro\/","name":"Baterii stivuitor","description":"","potentialAction":[{"@type":"SearchAction","target":{"@type":"EntryPoint","urlTemplate":"https:\/\/baterii-stivuitor.ro\/?s={search_term_string}"},"query-input":{"@type":"PropertyValueSpecification","valueRequired":true,"valueName":"search_term_string"}}],"inLanguage":"en-US"}]}},"_links":{"self":[{"href":"https:\/\/baterii-stivuitor.ro\/en\/wp-json\/wp\/v2\/product\/10914","targetHints":{"allow":["GET"]}}],"collection":[{"href":"https:\/\/baterii-stivuitor.ro\/en\/wp-json\/wp\/v2\/product"}],"about":[{"href":"https:\/\/baterii-stivuitor.ro\/en\/wp-json\/wp\/v2\/types\/product"}],"replies":[{"embeddable":true,"href":"https:\/\/baterii-stivuitor.ro\/en\/wp-json\/wp\/v2\/comments?post=10914"}],"wp:featuredmedia":[{"embeddable":true,"href":"https:\/\/baterii-stivuitor.ro\/en\/wp-json\/wp\/v2\/media\/10915"}],"wp:attachment":[{"href":"https:\/\/baterii-stivuitor.ro\/en\/wp-json\/wp\/v2\/media?parent=10914"}],"wp:term":[{"taxonomy":"product_cat","embeddable":true,"href":"https:\/\/baterii-stivuitor.ro\/en\/wp-json\/wp\/v2\/product_cat?post=10914"},{"taxonomy":"product_tag","embeddable":true,"href":"https:\/\/baterii-stivuitor.ro\/en\/wp-json\/wp\/v2\/product_tag?post=10914"}],"curies":[{"name":"wp","href":"https:\/\/api.w.org\/{rel}","templated":true}]}}