{"id":10835,"date":"2026-01-06T15:39:11","date_gmt":"2026-01-06T15:39:11","guid":{"rendered":"https:\/\/baterii-stivuitor.ro\/produs\/microintrerupator-maner-51239402-compatibil-cu-stivuitorul-jungheinrich-51170270-51239402-50314420-51093075\/"},"modified":"2026-01-06T15:39:12","modified_gmt":"2026-01-06T15:39:12","slug":"microintrerupator-maner-51239402-compatibil-cu-stivuitorul-jungheinrich-51170270-51239402-50314420-51093075","status":"publish","type":"product","link":"https:\/\/baterii-stivuitor.ro\/en\/product\/microintrerupator-maner-51239402-compatibil-cu-stivuitorul-jungheinrich-51170270-51239402-50314420-51093075\/","title":{"rendered":"Micro\u00eentrerup\u0103tor m\u00e2ner 51239402 compatibil cu stivuitorul Jungheinrich 51170270 51239402 50314420 51093075"},"content":{"rendered":"","protected":false},"excerpt":{"rendered":"","protected":false},"featured_media":10834,"comment_status":"open","ping_status":"closed","template":"","meta":[],"product_cat":[141],"product_tag":[],"class_list":{"0":"post-10835","1":"product","2":"type-product","3":"status-publish","4":"has-post-thumbnail","6":"product_cat-alte-piese-electrice","8":"first","9":"instock","10":"shipping-taxable","11":"purchasable","12":"product-type-simple"},"yoast_head":"<!-- This site is optimized with the Yoast SEO plugin v24.7 - https:\/\/yoast.com\/wordpress\/plugins\/seo\/ -->\n<title>Micro\u00eentrerup\u0103tor m\u00e2ner 51239402 compatibil cu stivuitorul Jungheinrich 51170270 51239402 50314420 51093075 - Baterii stivuitor<\/title>\n<meta name=\"robots\" content=\"index, follow, max-snippet:-1, max-image-preview:large, max-video-preview:-1\" \/>\n<link rel=\"canonical\" href=\"https:\/\/baterii-stivuitor.ro\/en\/product\/microintrerupator-maner-51239402-compatibil-cu-stivuitorul-jungheinrich-51170270-51239402-50314420-51093075\/\" \/>\n<meta property=\"og:locale\" content=\"en_US\" \/>\n<meta property=\"og:type\" content=\"article\" \/>\n<meta property=\"og:title\" content=\"Micro\u00eentrerup\u0103tor m\u00e2ner 51239402 compatibil cu stivuitorul Jungheinrich 51170270 51239402 50314420 51093075 - Baterii stivuitor\" \/>\n<meta property=\"og:url\" content=\"https:\/\/baterii-stivuitor.ro\/en\/product\/microintrerupator-maner-51239402-compatibil-cu-stivuitorul-jungheinrich-51170270-51239402-50314420-51093075\/\" \/>\n<meta property=\"og:site_name\" content=\"Baterii stivuitor\" \/>\n<meta property=\"article:modified_time\" content=\"2026-01-06T15:39:12+00:00\" \/>\n<meta name=\"twitter:card\" content=\"summary_large_image\" \/>\n<script type=\"application\/ld+json\" class=\"yoast-schema-graph\">{\"@context\":\"https:\/\/schema.org\",\"@graph\":[{\"@type\":\"WebPage\",\"@id\":\"https:\/\/baterii-stivuitor.ro\/produs\/microintrerupator-maner-51239402-compatibil-cu-stivuitorul-jungheinrich-51170270-51239402-50314420-51093075\/\",\"url\":\"https:\/\/baterii-stivuitor.ro\/produs\/microintrerupator-maner-51239402-compatibil-cu-stivuitorul-jungheinrich-51170270-51239402-50314420-51093075\/\",\"name\":\"Micro\u00eentrerup\u0103tor m\u00e2ner 51239402 compatibil cu stivuitorul Jungheinrich 51170270 51239402 50314420 51093075 - Baterii stivuitor\",\"isPartOf\":{\"@id\":\"https:\/\/baterii-stivuitor.ro\/#website\"},\"primaryImageOfPage\":{\"@id\":\"https:\/\/baterii-stivuitor.ro\/produs\/microintrerupator-maner-51239402-compatibil-cu-stivuitorul-jungheinrich-51170270-51239402-50314420-51093075\/#primaryimage\"},\"image\":{\"@id\":\"https:\/\/baterii-stivuitor.ro\/produs\/microintrerupator-maner-51239402-compatibil-cu-stivuitorul-jungheinrich-51170270-51239402-50314420-51093075\/#primaryimage\"},\"thumbnailUrl\":\"https:\/\/baterii-stivuitor.ro\/wp-content\/uploads\/2026\/01\/img_8915.jpeg\",\"datePublished\":\"2026-01-06T15:39:11+00:00\",\"dateModified\":\"2026-01-06T15:39:12+00:00\",\"breadcrumb\":{\"@id\":\"https:\/\/baterii-stivuitor.ro\/produs\/microintrerupator-maner-51239402-compatibil-cu-stivuitorul-jungheinrich-51170270-51239402-50314420-51093075\/#breadcrumb\"},\"inLanguage\":\"en-US\",\"potentialAction\":[{\"@type\":\"ReadAction\",\"target\":[\"https:\/\/baterii-stivuitor.ro\/produs\/microintrerupator-maner-51239402-compatibil-cu-stivuitorul-jungheinrich-51170270-51239402-50314420-51093075\/\"]}]},{\"@type\":\"ImageObject\",\"inLanguage\":\"en-US\",\"@id\":\"https:\/\/baterii-stivuitor.ro\/produs\/microintrerupator-maner-51239402-compatibil-cu-stivuitorul-jungheinrich-51170270-51239402-50314420-51093075\/#primaryimage\",\"url\":\"https:\/\/baterii-stivuitor.ro\/wp-content\/uploads\/2026\/01\/img_8915.jpeg\",\"contentUrl\":\"https:\/\/baterii-stivuitor.ro\/wp-content\/uploads\/2026\/01\/img_8915.jpeg\",\"width\":1080,\"height\":1113},{\"@type\":\"BreadcrumbList\",\"@id\":\"https:\/\/baterii-stivuitor.ro\/produs\/microintrerupator-maner-51239402-compatibil-cu-stivuitorul-jungheinrich-51170270-51239402-50314420-51093075\/#breadcrumb\",\"itemListElement\":[{\"@type\":\"ListItem\",\"position\":1,\"name\":\"Prima pagin\u0103\",\"item\":\"https:\/\/baterii-stivuitor.ro\/\"},{\"@type\":\"ListItem\",\"position\":2,\"name\":\"Magazin\",\"item\":\"https:\/\/baterii-stivuitor.ro\/shop\/\"},{\"@type\":\"ListItem\",\"position\":3,\"name\":\"Micro\u00eentrerup\u0103tor m\u00e2ner 51239402 compatibil cu stivuitorul Jungheinrich 51170270 51239402 50314420 51093075\"}]},{\"@type\":\"WebSite\",\"@id\":\"https:\/\/baterii-stivuitor.ro\/#website\",\"url\":\"https:\/\/baterii-stivuitor.ro\/\",\"name\":\"Baterii stivuitor\",\"description\":\"\",\"potentialAction\":[{\"@type\":\"SearchAction\",\"target\":{\"@type\":\"EntryPoint\",\"urlTemplate\":\"https:\/\/baterii-stivuitor.ro\/?s={search_term_string}\"},\"query-input\":{\"@type\":\"PropertyValueSpecification\",\"valueRequired\":true,\"valueName\":\"search_term_string\"}}],\"inLanguage\":\"en-US\"}]}<\/script>\n<!-- \/ Yoast SEO plugin. -->","yoast_head_json":{"title":"Micro\u00eentrerup\u0103tor m\u00e2ner 51239402 compatibil cu stivuitorul Jungheinrich 51170270 51239402 50314420 51093075 - Baterii stivuitor","robots":{"index":"index","follow":"follow","max-snippet":"max-snippet:-1","max-image-preview":"max-image-preview:large","max-video-preview":"max-video-preview:-1"},"canonical":"https:\/\/baterii-stivuitor.ro\/en\/product\/microintrerupator-maner-51239402-compatibil-cu-stivuitorul-jungheinrich-51170270-51239402-50314420-51093075\/","og_locale":"en_US","og_type":"article","og_title":"Micro\u00eentrerup\u0103tor m\u00e2ner 51239402 compatibil cu stivuitorul Jungheinrich 51170270 51239402 50314420 51093075 - Baterii stivuitor","og_url":"https:\/\/baterii-stivuitor.ro\/en\/product\/microintrerupator-maner-51239402-compatibil-cu-stivuitorul-jungheinrich-51170270-51239402-50314420-51093075\/","og_site_name":"Baterii stivuitor","article_modified_time":"2026-01-06T15:39:12+00:00","twitter_card":"summary_large_image","schema":{"@context":"https:\/\/schema.org","@graph":[{"@type":"WebPage","@id":"https:\/\/baterii-stivuitor.ro\/produs\/microintrerupator-maner-51239402-compatibil-cu-stivuitorul-jungheinrich-51170270-51239402-50314420-51093075\/","url":"https:\/\/baterii-stivuitor.ro\/produs\/microintrerupator-maner-51239402-compatibil-cu-stivuitorul-jungheinrich-51170270-51239402-50314420-51093075\/","name":"Micro\u00eentrerup\u0103tor m\u00e2ner 51239402 compatibil cu stivuitorul Jungheinrich 51170270 51239402 50314420 51093075 - Baterii stivuitor","isPartOf":{"@id":"https:\/\/baterii-stivuitor.ro\/#website"},"primaryImageOfPage":{"@id":"https:\/\/baterii-stivuitor.ro\/produs\/microintrerupator-maner-51239402-compatibil-cu-stivuitorul-jungheinrich-51170270-51239402-50314420-51093075\/#primaryimage"},"image":{"@id":"https:\/\/baterii-stivuitor.ro\/produs\/microintrerupator-maner-51239402-compatibil-cu-stivuitorul-jungheinrich-51170270-51239402-50314420-51093075\/#primaryimage"},"thumbnailUrl":"https:\/\/baterii-stivuitor.ro\/wp-content\/uploads\/2026\/01\/img_8915.jpeg","datePublished":"2026-01-06T15:39:11+00:00","dateModified":"2026-01-06T15:39:12+00:00","breadcrumb":{"@id":"https:\/\/baterii-stivuitor.ro\/produs\/microintrerupator-maner-51239402-compatibil-cu-stivuitorul-jungheinrich-51170270-51239402-50314420-51093075\/#breadcrumb"},"inLanguage":"en-US","potentialAction":[{"@type":"ReadAction","target":["https:\/\/baterii-stivuitor.ro\/produs\/microintrerupator-maner-51239402-compatibil-cu-stivuitorul-jungheinrich-51170270-51239402-50314420-51093075\/"]}]},{"@type":"ImageObject","inLanguage":"en-US","@id":"https:\/\/baterii-stivuitor.ro\/produs\/microintrerupator-maner-51239402-compatibil-cu-stivuitorul-jungheinrich-51170270-51239402-50314420-51093075\/#primaryimage","url":"https:\/\/baterii-stivuitor.ro\/wp-content\/uploads\/2026\/01\/img_8915.jpeg","contentUrl":"https:\/\/baterii-stivuitor.ro\/wp-content\/uploads\/2026\/01\/img_8915.jpeg","width":1080,"height":1113},{"@type":"BreadcrumbList","@id":"https:\/\/baterii-stivuitor.ro\/produs\/microintrerupator-maner-51239402-compatibil-cu-stivuitorul-jungheinrich-51170270-51239402-50314420-51093075\/#breadcrumb","itemListElement":[{"@type":"ListItem","position":1,"name":"Prima pagin\u0103","item":"https:\/\/baterii-stivuitor.ro\/"},{"@type":"ListItem","position":2,"name":"Magazin","item":"https:\/\/baterii-stivuitor.ro\/shop\/"},{"@type":"ListItem","position":3,"name":"Micro\u00eentrerup\u0103tor m\u00e2ner 51239402 compatibil cu stivuitorul Jungheinrich 51170270 51239402 50314420 51093075"}]},{"@type":"WebSite","@id":"https:\/\/baterii-stivuitor.ro\/#website","url":"https:\/\/baterii-stivuitor.ro\/","name":"Baterii stivuitor","description":"","potentialAction":[{"@type":"SearchAction","target":{"@type":"EntryPoint","urlTemplate":"https:\/\/baterii-stivuitor.ro\/?s={search_term_string}"},"query-input":{"@type":"PropertyValueSpecification","valueRequired":true,"valueName":"search_term_string"}}],"inLanguage":"en-US"}]}},"_links":{"self":[{"href":"https:\/\/baterii-stivuitor.ro\/en\/wp-json\/wp\/v2\/product\/10835","targetHints":{"allow":["GET"]}}],"collection":[{"href":"https:\/\/baterii-stivuitor.ro\/en\/wp-json\/wp\/v2\/product"}],"about":[{"href":"https:\/\/baterii-stivuitor.ro\/en\/wp-json\/wp\/v2\/types\/product"}],"replies":[{"embeddable":true,"href":"https:\/\/baterii-stivuitor.ro\/en\/wp-json\/wp\/v2\/comments?post=10835"}],"wp:featuredmedia":[{"embeddable":true,"href":"https:\/\/baterii-stivuitor.ro\/en\/wp-json\/wp\/v2\/media\/10834"}],"wp:attachment":[{"href":"https:\/\/baterii-stivuitor.ro\/en\/wp-json\/wp\/v2\/media?parent=10835"}],"wp:term":[{"taxonomy":"product_cat","embeddable":true,"href":"https:\/\/baterii-stivuitor.ro\/en\/wp-json\/wp\/v2\/product_cat?post=10835"},{"taxonomy":"product_tag","embeddable":true,"href":"https:\/\/baterii-stivuitor.ro\/en\/wp-json\/wp\/v2\/product_tag?post=10835"}],"curies":[{"name":"wp","href":"https:\/\/api.w.org\/{rel}","templated":true}]}}