{"id":10342,"date":"2025-03-24T08:50:37","date_gmt":"2025-03-24T08:50:37","guid":{"rendered":"https:\/\/baterii-stivuitor.ro\/?post_type=product&#038;p=10342"},"modified":"2025-03-24T08:50:37","modified_gmt":"2025-03-24T08:50:37","slug":"transpalet-electric-cu-catarg-still-egv-s14","status":"publish","type":"product","link":"https:\/\/baterii-stivuitor.ro\/en\/product\/transpalet-electric-cu-catarg-still-egv-s14\/","title":{"rendered":"Transpalet Electric cu catarg  Still EGV S14"},"content":{"rendered":"<table class=\"product-detail__property-table mb-3\">\n<tbody>\n<tr>\n<th scope=\"row\">Capacitate<\/th>\n<td>1.400 kg<\/td>\n<\/tr>\n<tr>\n<th scope=\"row\">Motor<\/th>\n<td>Electric<\/td>\n<\/tr>\n<tr>\n<th scope=\"row\">An fabrica\u021bie<\/th>\n<td>2014<\/td>\n<\/tr>\n<tr>\n<th scope=\"row\">Ore \u00eenregistrate<\/th>\n<td>1.300<\/td>\n<\/tr>\n<tr>\n<th scope=\"row\">Catarg<\/th>\n<td>Triplex<\/td>\n<\/tr>\n<tr>\n<th scope=\"row\">Ridicare<\/th>\n<td>5475mm<\/td>\n<\/tr>\n<tr>\n<th scope=\"row\">\u00cen\u0103l\u021bime minim\u0103 (cm)<\/th>\n<td>2330mm<\/td>\n<\/tr>\n<tr>\n<th scope=\"row\">Baterie V<\/th>\n<td>24<\/td>\n<\/tr>\n<tr>\n<th scope=\"row\"><\/th>\n<td><\/td>\n<\/tr>\n<tr>\n<th scope=\"row\"><\/th>\n<td><\/td>\n<\/tr>\n<tr>\n<th scope=\"row\">Greutate<\/th>\n<td>1.440 kg<\/td>\n<\/tr>\n<tr>\n<th scope=\"row\">L\u0103\u021bimea furcii<\/th>\n<td>56 cm<\/td>\n<\/tr>\n<tr>\n<th scope=\"row\">Lungime furci<\/th>\n<td>115 cm<\/td>\n<\/tr>\n<tr>\n<th scope=\"row\">Details<\/th>\n<td>servodirec\u021bie<\/td>\n<\/tr>\n<\/tbody>\n<\/table>\n<p>&nbsp;<\/p>\n<p>V\u0103 putem ajuta cu transport !!<\/p>\n<p>Garan\u021bie 6 luni sau 300 ore de func\u021bionare.<\/p>\n<p>Utilajele se pot achizi\u021biona \u00een sistem de leasing sau rate.<\/p>\n<p>Dac\u0103 nu g\u0103sit \u00een Rom\u00e2nia stivuitorul dorit v\u0103 putem aduce la comand\u0103 din stocul extern in maxim 10 zile. Utilajele se v\u00e2nd cu service \u0219i revizii la zii.<\/p>\n<p>Pentru orice informa\u021bii v\u0103 st\u0103m la dispozi\u021bie la numereler de telefon: 0784198498 \/ 0766455960<\/p>\n<p>&nbsp;<\/p>","protected":false},"excerpt":{"rendered":"<p>Transpalet \/ Lize electrice cu catarg Still<\/p>","protected":false},"featured_media":10343,"comment_status":"open","ping_status":"closed","template":"","meta":[],"product_cat":[186,195],"product_tag":[],"class_list":{"0":"post-10342","1":"product","2":"type-product","3":"status-publish","4":"has-post-thumbnail","6":"product_cat-liza-transpalet","7":"product_cat-transpaleti-electrici","8":"product_brand-still","10":"first","11":"instock","12":"shipping-taxable","13":"purchasable","14":"product-type-simple"},"yoast_head":"<!-- This site is optimized with the Yoast SEO plugin v24.7 - https:\/\/yoast.com\/wordpress\/plugins\/seo\/ -->\n<title>Transpalet Electric cu catarg Still EGV S14 - Baterii stivuitor<\/title>\n<meta name=\"robots\" content=\"index, follow, max-snippet:-1, max-image-preview:large, max-video-preview:-1\" \/>\n<link rel=\"canonical\" href=\"https:\/\/baterii-stivuitor.ro\/en\/product\/transpalet-electric-cu-catarg-still-egv-s14\/\" \/>\n<meta property=\"og:locale\" content=\"en_US\" \/>\n<meta property=\"og:type\" content=\"article\" \/>\n<meta property=\"og:title\" content=\"Transpalet Electric cu catarg Still EGV S14 - Baterii stivuitor\" \/>\n<meta property=\"og:description\" content=\"Transpalet \/ Lize electrice cu catarg Still\" \/>\n<meta property=\"og:url\" content=\"https:\/\/baterii-stivuitor.ro\/en\/product\/transpalet-electric-cu-catarg-still-egv-s14\/\" \/>\n<meta property=\"og:site_name\" content=\"Baterii stivuitor\" \/>\n<meta property=\"og:image\" content=\"https:\/\/baterii-stivuitor.ro\/wp-content\/uploads\/2025\/03\/WhatsApp-Image-2025-03-24-at-08.45.08_0e749411.jpg\" \/>\n\t<meta property=\"og:image:width\" content=\"739\" \/>\n\t<meta property=\"og:image:height\" content=\"1600\" \/>\n\t<meta property=\"og:image:type\" content=\"image\/jpeg\" \/>\n<meta name=\"twitter:card\" content=\"summary_large_image\" \/>\n<meta name=\"twitter:label1\" content=\"Est. reading time\" \/>\n\t<meta name=\"twitter:data1\" content=\"1 minute\" \/>\n<script type=\"application\/ld+json\" class=\"yoast-schema-graph\">{\"@context\":\"https:\/\/schema.org\",\"@graph\":[{\"@type\":\"WebPage\",\"@id\":\"https:\/\/baterii-stivuitor.ro\/produs\/transpalet-electric-cu-catarg-still-egv-s14\/\",\"url\":\"https:\/\/baterii-stivuitor.ro\/produs\/transpalet-electric-cu-catarg-still-egv-s14\/\",\"name\":\"Transpalet Electric cu catarg Still EGV S14 - Baterii stivuitor\",\"isPartOf\":{\"@id\":\"https:\/\/baterii-stivuitor.ro\/#website\"},\"primaryImageOfPage\":{\"@id\":\"https:\/\/baterii-stivuitor.ro\/produs\/transpalet-electric-cu-catarg-still-egv-s14\/#primaryimage\"},\"image\":{\"@id\":\"https:\/\/baterii-stivuitor.ro\/produs\/transpalet-electric-cu-catarg-still-egv-s14\/#primaryimage\"},\"thumbnailUrl\":\"https:\/\/baterii-stivuitor.ro\/wp-content\/uploads\/2025\/03\/WhatsApp-Image-2025-03-24-at-08.45.08_0e749411.jpg\",\"datePublished\":\"2025-03-24T08:50:37+00:00\",\"breadcrumb\":{\"@id\":\"https:\/\/baterii-stivuitor.ro\/produs\/transpalet-electric-cu-catarg-still-egv-s14\/#breadcrumb\"},\"inLanguage\":\"en-US\",\"potentialAction\":[{\"@type\":\"ReadAction\",\"target\":[\"https:\/\/baterii-stivuitor.ro\/produs\/transpalet-electric-cu-catarg-still-egv-s14\/\"]}]},{\"@type\":\"ImageObject\",\"inLanguage\":\"en-US\",\"@id\":\"https:\/\/baterii-stivuitor.ro\/produs\/transpalet-electric-cu-catarg-still-egv-s14\/#primaryimage\",\"url\":\"https:\/\/baterii-stivuitor.ro\/wp-content\/uploads\/2025\/03\/WhatsApp-Image-2025-03-24-at-08.45.08_0e749411.jpg\",\"contentUrl\":\"https:\/\/baterii-stivuitor.ro\/wp-content\/uploads\/2025\/03\/WhatsApp-Image-2025-03-24-at-08.45.08_0e749411.jpg\",\"width\":739,\"height\":1600},{\"@type\":\"BreadcrumbList\",\"@id\":\"https:\/\/baterii-stivuitor.ro\/produs\/transpalet-electric-cu-catarg-still-egv-s14\/#breadcrumb\",\"itemListElement\":[{\"@type\":\"ListItem\",\"position\":1,\"name\":\"Prima pagin\u0103\",\"item\":\"https:\/\/baterii-stivuitor.ro\/\"},{\"@type\":\"ListItem\",\"position\":2,\"name\":\"Magazin\",\"item\":\"https:\/\/baterii-stivuitor.ro\/shop\/\"},{\"@type\":\"ListItem\",\"position\":3,\"name\":\"Transpalet Electric cu catarg Still EGV S14\"}]},{\"@type\":\"WebSite\",\"@id\":\"https:\/\/baterii-stivuitor.ro\/#website\",\"url\":\"https:\/\/baterii-stivuitor.ro\/\",\"name\":\"Baterii stivuitor\",\"description\":\"\",\"potentialAction\":[{\"@type\":\"SearchAction\",\"target\":{\"@type\":\"EntryPoint\",\"urlTemplate\":\"https:\/\/baterii-stivuitor.ro\/?s={search_term_string}\"},\"query-input\":{\"@type\":\"PropertyValueSpecification\",\"valueRequired\":true,\"valueName\":\"search_term_string\"}}],\"inLanguage\":\"en-US\"}]}<\/script>\n<!-- \/ Yoast SEO plugin. -->","yoast_head_json":{"title":"Transpalet Electric cu catarg Still EGV S14 - Baterii stivuitor","robots":{"index":"index","follow":"follow","max-snippet":"max-snippet:-1","max-image-preview":"max-image-preview:large","max-video-preview":"max-video-preview:-1"},"canonical":"https:\/\/baterii-stivuitor.ro\/en\/product\/transpalet-electric-cu-catarg-still-egv-s14\/","og_locale":"en_US","og_type":"article","og_title":"Transpalet Electric cu catarg Still EGV S14 - Baterii stivuitor","og_description":"Transpalet \/ Lize electrice cu catarg Still","og_url":"https:\/\/baterii-stivuitor.ro\/en\/product\/transpalet-electric-cu-catarg-still-egv-s14\/","og_site_name":"Baterii stivuitor","og_image":[{"width":739,"height":1600,"url":"https:\/\/baterii-stivuitor.ro\/wp-content\/uploads\/2025\/03\/WhatsApp-Image-2025-03-24-at-08.45.08_0e749411.jpg","type":"image\/jpeg"}],"twitter_card":"summary_large_image","twitter_misc":{"Est. reading time":"1 minute"},"schema":{"@context":"https:\/\/schema.org","@graph":[{"@type":"WebPage","@id":"https:\/\/baterii-stivuitor.ro\/produs\/transpalet-electric-cu-catarg-still-egv-s14\/","url":"https:\/\/baterii-stivuitor.ro\/produs\/transpalet-electric-cu-catarg-still-egv-s14\/","name":"Transpalet Electric cu catarg Still EGV S14 - Baterii stivuitor","isPartOf":{"@id":"https:\/\/baterii-stivuitor.ro\/#website"},"primaryImageOfPage":{"@id":"https:\/\/baterii-stivuitor.ro\/produs\/transpalet-electric-cu-catarg-still-egv-s14\/#primaryimage"},"image":{"@id":"https:\/\/baterii-stivuitor.ro\/produs\/transpalet-electric-cu-catarg-still-egv-s14\/#primaryimage"},"thumbnailUrl":"https:\/\/baterii-stivuitor.ro\/wp-content\/uploads\/2025\/03\/WhatsApp-Image-2025-03-24-at-08.45.08_0e749411.jpg","datePublished":"2025-03-24T08:50:37+00:00","breadcrumb":{"@id":"https:\/\/baterii-stivuitor.ro\/produs\/transpalet-electric-cu-catarg-still-egv-s14\/#breadcrumb"},"inLanguage":"en-US","potentialAction":[{"@type":"ReadAction","target":["https:\/\/baterii-stivuitor.ro\/produs\/transpalet-electric-cu-catarg-still-egv-s14\/"]}]},{"@type":"ImageObject","inLanguage":"en-US","@id":"https:\/\/baterii-stivuitor.ro\/produs\/transpalet-electric-cu-catarg-still-egv-s14\/#primaryimage","url":"https:\/\/baterii-stivuitor.ro\/wp-content\/uploads\/2025\/03\/WhatsApp-Image-2025-03-24-at-08.45.08_0e749411.jpg","contentUrl":"https:\/\/baterii-stivuitor.ro\/wp-content\/uploads\/2025\/03\/WhatsApp-Image-2025-03-24-at-08.45.08_0e749411.jpg","width":739,"height":1600},{"@type":"BreadcrumbList","@id":"https:\/\/baterii-stivuitor.ro\/produs\/transpalet-electric-cu-catarg-still-egv-s14\/#breadcrumb","itemListElement":[{"@type":"ListItem","position":1,"name":"Prima pagin\u0103","item":"https:\/\/baterii-stivuitor.ro\/"},{"@type":"ListItem","position":2,"name":"Magazin","item":"https:\/\/baterii-stivuitor.ro\/shop\/"},{"@type":"ListItem","position":3,"name":"Transpalet Electric cu catarg Still EGV S14"}]},{"@type":"WebSite","@id":"https:\/\/baterii-stivuitor.ro\/#website","url":"https:\/\/baterii-stivuitor.ro\/","name":"Baterii stivuitor","description":"","potentialAction":[{"@type":"SearchAction","target":{"@type":"EntryPoint","urlTemplate":"https:\/\/baterii-stivuitor.ro\/?s={search_term_string}"},"query-input":{"@type":"PropertyValueSpecification","valueRequired":true,"valueName":"search_term_string"}}],"inLanguage":"en-US"}]}},"_links":{"self":[{"href":"https:\/\/baterii-stivuitor.ro\/en\/wp-json\/wp\/v2\/product\/10342","targetHints":{"allow":["GET"]}}],"collection":[{"href":"https:\/\/baterii-stivuitor.ro\/en\/wp-json\/wp\/v2\/product"}],"about":[{"href":"https:\/\/baterii-stivuitor.ro\/en\/wp-json\/wp\/v2\/types\/product"}],"replies":[{"embeddable":true,"href":"https:\/\/baterii-stivuitor.ro\/en\/wp-json\/wp\/v2\/comments?post=10342"}],"wp:featuredmedia":[{"embeddable":true,"href":"https:\/\/baterii-stivuitor.ro\/en\/wp-json\/wp\/v2\/media\/10343"}],"wp:attachment":[{"href":"https:\/\/baterii-stivuitor.ro\/en\/wp-json\/wp\/v2\/media?parent=10342"}],"wp:term":[{"taxonomy":"product_cat","embeddable":true,"href":"https:\/\/baterii-stivuitor.ro\/en\/wp-json\/wp\/v2\/product_cat?post=10342"},{"taxonomy":"product_tag","embeddable":true,"href":"https:\/\/baterii-stivuitor.ro\/en\/wp-json\/wp\/v2\/product_tag?post=10342"}],"curies":[{"name":"wp","href":"https:\/\/api.w.org\/{rel}","templated":true}]}}