{"id":10339,"date":"2025-03-24T08:13:38","date_gmt":"2025-03-24T08:13:38","guid":{"rendered":"https:\/\/baterii-stivuitor.ro\/?post_type=product&#038;p=10339"},"modified":"2025-05-06T08:18:56","modified_gmt":"2025-05-06T08:18:56","slug":"transpalet-electric-cu-catarg-still-exv-sf-16","status":"publish","type":"product","link":"https:\/\/baterii-stivuitor.ro\/en\/product\/transpalet-electric-cu-catarg-still-exv-sf-16\/","title":{"rendered":"Transpalet electric cu Catarg Still EXV-SF 16"},"content":{"rendered":"<div class=\"item\"><span class=\"field\">Marca : Still\u00a0<\/span><\/div>\n<div class=\"item\"><span class=\"field\">Modelul: EXV &#8211; SF 1.6 tone\u00a0<\/span><\/div>\n<div class=\"item\"><span class=\"field\">Tip : Transpalet electric\u00a0<\/span><\/div>\n<div class=\"item\"><span class=\"field\">Anul:<\/span><span class=\"value\">2019<\/span><\/div>\n<div class=\"item\"><span class=\"field\">Durat\u0103 de func\u0163ionare: 3500<\/span><\/div>\n<div class=\"item\"><span class=\"field\">Capacitatea de \u00eenc\u0103rcare:<\/span><span class=\"value\">1.600 kg<\/span><\/div>\n<div class=\"item\"><span class=\"field\">Montant tip:<\/span><span class=\"value\">triplex<\/span><\/div>\n<div class=\"item\"><span class=\"field\">\u00cen\u0103l\u0163imea de ridicare:<\/span><span class=\"value\">4.266 m<\/span><\/div>\n<div><\/div>\n<div>\n<p>V\u0103 putem ajuta cu transport !!<\/p>\n<p>Posibilitate de emitere factura extern\u0103 f\u0103r\u0103 TVA.<\/p>\n<p>Garan\u021bie 6 luni sau 300 ore de func\u021bionare.<\/p>\n<p>Utilajele se pot achizi\u021biona \u00een sistem de leasing sau rate.<\/p>\n<p>Dac\u0103 nu g\u0103sit \u00een Rom\u00e2nia stivuitorul dorit v\u0103 putem aduce la comand\u0103 din stocul extern in maxim 10 zile. Utilajele se v\u00e2nd cu service \u0219i revizii la zii.<\/p>\n<p>Pentru orice informa\u021bii v\u0103 st\u0103m la dispozi\u021bie la numereler de telefon: 0784198498 \/ 0766455960<\/p>\n<\/div>","protected":false},"excerpt":{"rendered":"<div class=\"item\"><span class=\"field\">Marca : Still\u00a0<\/span><\/div>\n<div class=\"item\"><span class=\"field\">Modelul: EXV &#8211; SF 1.6 tone\u00a0<\/span><\/div>","protected":false},"featured_media":10340,"comment_status":"open","ping_status":"closed","template":"","meta":[],"product_cat":[186,196],"product_tag":[],"class_list":{"0":"post-10339","1":"product","2":"type-product","3":"status-publish","4":"has-post-thumbnail","6":"product_cat-liza-transpalet","7":"product_cat-transpaleti-second-hand","8":"product_brand-still","10":"first","11":"outofstock","12":"shipping-taxable","13":"purchasable","14":"product-type-simple"},"yoast_head":"<!-- This site is optimized with the Yoast SEO plugin v24.7 - https:\/\/yoast.com\/wordpress\/plugins\/seo\/ -->\n<title>Transpalet electric cu Catarg Still EXV-SF 16 - Baterii stivuitor<\/title>\n<meta name=\"robots\" content=\"index, follow, max-snippet:-1, max-image-preview:large, max-video-preview:-1\" \/>\n<link rel=\"canonical\" href=\"https:\/\/baterii-stivuitor.ro\/en\/product\/transpalet-electric-cu-catarg-still-exv-sf-16\/\" \/>\n<meta property=\"og:locale\" content=\"en_US\" \/>\n<meta property=\"og:type\" content=\"article\" \/>\n<meta property=\"og:title\" content=\"Transpalet electric cu Catarg Still EXV-SF 16 - Baterii stivuitor\" \/>\n<meta property=\"og:description\" content=\"Marca : Still\u00a0 Modelul: EXV - SF 1.6 tone\u00a0\" \/>\n<meta property=\"og:url\" content=\"https:\/\/baterii-stivuitor.ro\/en\/product\/transpalet-electric-cu-catarg-still-exv-sf-16\/\" \/>\n<meta property=\"og:site_name\" content=\"Baterii stivuitor\" \/>\n<meta property=\"article:modified_time\" content=\"2025-05-06T08:18:56+00:00\" \/>\n<meta property=\"og:image\" content=\"https:\/\/baterii-stivuitor.ro\/wp-content\/uploads\/2025\/03\/WhatsApp-Image-2025-03-24-at-08.44.43_8f0e34d8.jpg\" \/>\n\t<meta property=\"og:image:width\" content=\"739\" \/>\n\t<meta property=\"og:image:height\" content=\"1600\" \/>\n\t<meta property=\"og:image:type\" content=\"image\/jpeg\" \/>\n<meta name=\"twitter:card\" content=\"summary_large_image\" \/>\n<meta name=\"twitter:label1\" content=\"Est. reading time\" \/>\n\t<meta name=\"twitter:data1\" content=\"1 minute\" \/>\n<script type=\"application\/ld+json\" class=\"yoast-schema-graph\">{\"@context\":\"https:\/\/schema.org\",\"@graph\":[{\"@type\":\"WebPage\",\"@id\":\"https:\/\/baterii-stivuitor.ro\/produs\/transpalet-electric-cu-catarg-still-exv-sf-16\/\",\"url\":\"https:\/\/baterii-stivuitor.ro\/produs\/transpalet-electric-cu-catarg-still-exv-sf-16\/\",\"name\":\"Transpalet electric cu Catarg Still EXV-SF 16 - Baterii stivuitor\",\"isPartOf\":{\"@id\":\"https:\/\/baterii-stivuitor.ro\/#website\"},\"primaryImageOfPage\":{\"@id\":\"https:\/\/baterii-stivuitor.ro\/produs\/transpalet-electric-cu-catarg-still-exv-sf-16\/#primaryimage\"},\"image\":{\"@id\":\"https:\/\/baterii-stivuitor.ro\/produs\/transpalet-electric-cu-catarg-still-exv-sf-16\/#primaryimage\"},\"thumbnailUrl\":\"https:\/\/baterii-stivuitor.ro\/wp-content\/uploads\/2025\/03\/WhatsApp-Image-2025-03-24-at-08.44.43_8f0e34d8.jpg\",\"datePublished\":\"2025-03-24T08:13:38+00:00\",\"dateModified\":\"2025-05-06T08:18:56+00:00\",\"breadcrumb\":{\"@id\":\"https:\/\/baterii-stivuitor.ro\/produs\/transpalet-electric-cu-catarg-still-exv-sf-16\/#breadcrumb\"},\"inLanguage\":\"en-US\",\"potentialAction\":[{\"@type\":\"ReadAction\",\"target\":[\"https:\/\/baterii-stivuitor.ro\/produs\/transpalet-electric-cu-catarg-still-exv-sf-16\/\"]}]},{\"@type\":\"ImageObject\",\"inLanguage\":\"en-US\",\"@id\":\"https:\/\/baterii-stivuitor.ro\/produs\/transpalet-electric-cu-catarg-still-exv-sf-16\/#primaryimage\",\"url\":\"https:\/\/baterii-stivuitor.ro\/wp-content\/uploads\/2025\/03\/WhatsApp-Image-2025-03-24-at-08.44.43_8f0e34d8.jpg\",\"contentUrl\":\"https:\/\/baterii-stivuitor.ro\/wp-content\/uploads\/2025\/03\/WhatsApp-Image-2025-03-24-at-08.44.43_8f0e34d8.jpg\",\"width\":739,\"height\":1600},{\"@type\":\"BreadcrumbList\",\"@id\":\"https:\/\/baterii-stivuitor.ro\/produs\/transpalet-electric-cu-catarg-still-exv-sf-16\/#breadcrumb\",\"itemListElement\":[{\"@type\":\"ListItem\",\"position\":1,\"name\":\"Prima pagin\u0103\",\"item\":\"https:\/\/baterii-stivuitor.ro\/\"},{\"@type\":\"ListItem\",\"position\":2,\"name\":\"Magazin\",\"item\":\"https:\/\/baterii-stivuitor.ro\/shop\/\"},{\"@type\":\"ListItem\",\"position\":3,\"name\":\"Transpalet electric cu Catarg Still EXV-SF 16\"}]},{\"@type\":\"WebSite\",\"@id\":\"https:\/\/baterii-stivuitor.ro\/#website\",\"url\":\"https:\/\/baterii-stivuitor.ro\/\",\"name\":\"Baterii stivuitor\",\"description\":\"\",\"potentialAction\":[{\"@type\":\"SearchAction\",\"target\":{\"@type\":\"EntryPoint\",\"urlTemplate\":\"https:\/\/baterii-stivuitor.ro\/?s={search_term_string}\"},\"query-input\":{\"@type\":\"PropertyValueSpecification\",\"valueRequired\":true,\"valueName\":\"search_term_string\"}}],\"inLanguage\":\"en-US\"}]}<\/script>\n<!-- \/ Yoast SEO plugin. -->","yoast_head_json":{"title":"Transpalet electric cu Catarg Still EXV-SF 16 - Baterii stivuitor","robots":{"index":"index","follow":"follow","max-snippet":"max-snippet:-1","max-image-preview":"max-image-preview:large","max-video-preview":"max-video-preview:-1"},"canonical":"https:\/\/baterii-stivuitor.ro\/en\/product\/transpalet-electric-cu-catarg-still-exv-sf-16\/","og_locale":"en_US","og_type":"article","og_title":"Transpalet electric cu Catarg Still EXV-SF 16 - Baterii stivuitor","og_description":"Marca : Still\u00a0 Modelul: EXV - SF 1.6 tone\u00a0","og_url":"https:\/\/baterii-stivuitor.ro\/en\/product\/transpalet-electric-cu-catarg-still-exv-sf-16\/","og_site_name":"Baterii stivuitor","article_modified_time":"2025-05-06T08:18:56+00:00","og_image":[{"width":739,"height":1600,"url":"https:\/\/baterii-stivuitor.ro\/wp-content\/uploads\/2025\/03\/WhatsApp-Image-2025-03-24-at-08.44.43_8f0e34d8.jpg","type":"image\/jpeg"}],"twitter_card":"summary_large_image","twitter_misc":{"Est. reading time":"1 minute"},"schema":{"@context":"https:\/\/schema.org","@graph":[{"@type":"WebPage","@id":"https:\/\/baterii-stivuitor.ro\/produs\/transpalet-electric-cu-catarg-still-exv-sf-16\/","url":"https:\/\/baterii-stivuitor.ro\/produs\/transpalet-electric-cu-catarg-still-exv-sf-16\/","name":"Transpalet electric cu Catarg Still EXV-SF 16 - Baterii stivuitor","isPartOf":{"@id":"https:\/\/baterii-stivuitor.ro\/#website"},"primaryImageOfPage":{"@id":"https:\/\/baterii-stivuitor.ro\/produs\/transpalet-electric-cu-catarg-still-exv-sf-16\/#primaryimage"},"image":{"@id":"https:\/\/baterii-stivuitor.ro\/produs\/transpalet-electric-cu-catarg-still-exv-sf-16\/#primaryimage"},"thumbnailUrl":"https:\/\/baterii-stivuitor.ro\/wp-content\/uploads\/2025\/03\/WhatsApp-Image-2025-03-24-at-08.44.43_8f0e34d8.jpg","datePublished":"2025-03-24T08:13:38+00:00","dateModified":"2025-05-06T08:18:56+00:00","breadcrumb":{"@id":"https:\/\/baterii-stivuitor.ro\/produs\/transpalet-electric-cu-catarg-still-exv-sf-16\/#breadcrumb"},"inLanguage":"en-US","potentialAction":[{"@type":"ReadAction","target":["https:\/\/baterii-stivuitor.ro\/produs\/transpalet-electric-cu-catarg-still-exv-sf-16\/"]}]},{"@type":"ImageObject","inLanguage":"en-US","@id":"https:\/\/baterii-stivuitor.ro\/produs\/transpalet-electric-cu-catarg-still-exv-sf-16\/#primaryimage","url":"https:\/\/baterii-stivuitor.ro\/wp-content\/uploads\/2025\/03\/WhatsApp-Image-2025-03-24-at-08.44.43_8f0e34d8.jpg","contentUrl":"https:\/\/baterii-stivuitor.ro\/wp-content\/uploads\/2025\/03\/WhatsApp-Image-2025-03-24-at-08.44.43_8f0e34d8.jpg","width":739,"height":1600},{"@type":"BreadcrumbList","@id":"https:\/\/baterii-stivuitor.ro\/produs\/transpalet-electric-cu-catarg-still-exv-sf-16\/#breadcrumb","itemListElement":[{"@type":"ListItem","position":1,"name":"Prima pagin\u0103","item":"https:\/\/baterii-stivuitor.ro\/"},{"@type":"ListItem","position":2,"name":"Magazin","item":"https:\/\/baterii-stivuitor.ro\/shop\/"},{"@type":"ListItem","position":3,"name":"Transpalet electric cu Catarg Still EXV-SF 16"}]},{"@type":"WebSite","@id":"https:\/\/baterii-stivuitor.ro\/#website","url":"https:\/\/baterii-stivuitor.ro\/","name":"Baterii stivuitor","description":"","potentialAction":[{"@type":"SearchAction","target":{"@type":"EntryPoint","urlTemplate":"https:\/\/baterii-stivuitor.ro\/?s={search_term_string}"},"query-input":{"@type":"PropertyValueSpecification","valueRequired":true,"valueName":"search_term_string"}}],"inLanguage":"en-US"}]}},"_links":{"self":[{"href":"https:\/\/baterii-stivuitor.ro\/en\/wp-json\/wp\/v2\/product\/10339","targetHints":{"allow":["GET"]}}],"collection":[{"href":"https:\/\/baterii-stivuitor.ro\/en\/wp-json\/wp\/v2\/product"}],"about":[{"href":"https:\/\/baterii-stivuitor.ro\/en\/wp-json\/wp\/v2\/types\/product"}],"replies":[{"embeddable":true,"href":"https:\/\/baterii-stivuitor.ro\/en\/wp-json\/wp\/v2\/comments?post=10339"}],"wp:featuredmedia":[{"embeddable":true,"href":"https:\/\/baterii-stivuitor.ro\/en\/wp-json\/wp\/v2\/media\/10340"}],"wp:attachment":[{"href":"https:\/\/baterii-stivuitor.ro\/en\/wp-json\/wp\/v2\/media?parent=10339"}],"wp:term":[{"taxonomy":"product_cat","embeddable":true,"href":"https:\/\/baterii-stivuitor.ro\/en\/wp-json\/wp\/v2\/product_cat?post=10339"},{"taxonomy":"product_tag","embeddable":true,"href":"https:\/\/baterii-stivuitor.ro\/en\/wp-json\/wp\/v2\/product_tag?post=10339"}],"curies":[{"name":"wp","href":"https:\/\/api.w.org\/{rel}","templated":true}]}}