{"id":10330,"date":"2025-03-24T07:35:29","date_gmt":"2025-03-24T07:35:29","guid":{"rendered":"https:\/\/baterii-stivuitor.ro\/?post_type=product&#038;p=10330"},"modified":"2025-03-24T07:35:29","modified_gmt":"2025-03-24T07:35:29","slug":"transpaleta-electrica-linde-t16","status":"publish","type":"product","link":"https:\/\/baterii-stivuitor.ro\/en\/product\/transpaleta-electrica-linde-t16\/","title":{"rendered":"Transpaleta Electrica Linde T16"},"content":{"rendered":"<div class=\"c-term @lg:basis-1\/2 @lg:max-w-1\/2\">\n<dl class=\"c-term__item\">\n<dt>\n<table class=\"product-detail__property-table mb-3\">\n<tbody>\n<tr>\n<th scope=\"row\">Capacitate<\/th>\n<td>1.600 kg<\/td>\n<\/tr>\n<tr>\n<th scope=\"row\">Motor<\/th>\n<td>Electric<\/td>\n<\/tr>\n<tr>\n<th scope=\"row\">An fabrica\u021bie<\/th>\n<td>2017<\/td>\n<\/tr>\n<tr>\n<th scope=\"row\">Ore \u00eenregistrate<\/th>\n<td>&#8212;&#8211;<\/td>\n<\/tr>\n<tr>\n<th scope=\"row\">Baterie V<\/th>\n<td>24<\/td>\n<\/tr>\n<tr>\n<th scope=\"row\">Baterie Ah<\/th>\n<td>250<\/td>\n<\/tr>\n<tr>\n<th scope=\"row\">Anul de fabrica\u021bie al bateriei<\/th>\n<td>2017<\/td>\n<\/tr>\n<tr>\n<th scope=\"row\">Greutate<\/th>\n<td>515 kg<\/td>\n<\/tr>\n<tr>\n<th scope=\"row\">L\u0103\u021bimea furcii<\/th>\n<td>52 cm<\/td>\n<\/tr>\n<tr>\n<th scope=\"row\">Lungime furci<\/th>\n<td>115 cm<\/td>\n<\/tr>\n<\/tbody>\n<\/table>\n<\/dt>\n<\/dl>\n<\/div>\n<div class=\"c-term @lg:basis-1\/2 @lg:max-w-1\/2\"><\/div>\n<div class=\"c-term @lg:basis-1\/2 @lg:max-w-1\/2\">\n<p>V\u0103 putem ajuta cu transport !!<\/p>\n<p>Posibilitate de emitere factura extern\u0103 f\u0103r\u0103 TVA.<\/p>\n<p>Garan\u021bie 6 luni sau 300 ore de func\u021bionare.<\/p>\n<p>Utilajele se pot achizi\u021biona \u00een sistem de leasing sau rate.<\/p>\n<p>Pentru orice informa\u021bii v\u0103 st\u0103m la dispozi\u021bie la numereler de telefon: 0784198498 \/ 0766455960<\/p>\n<\/div>","protected":false},"excerpt":{"rendered":"<p class=\"h2 text-white mb-4\">Linde T-16 Transpalet<\/p>","protected":false},"featured_media":10331,"comment_status":"open","ping_status":"closed","template":"","meta":[],"product_cat":[186,195],"product_tag":[],"class_list":{"0":"post-10330","1":"product","2":"type-product","3":"status-publish","4":"has-post-thumbnail","6":"product_cat-liza-transpalet","7":"product_cat-transpaleti-electrici","8":"product_brand-linde","10":"first","11":"instock","12":"shipping-taxable","13":"purchasable","14":"product-type-simple"},"yoast_head":"<!-- This site is optimized with the Yoast SEO plugin v24.7 - https:\/\/yoast.com\/wordpress\/plugins\/seo\/ -->\n<title>Transpaleta Electrica Linde T16 - Baterii stivuitor<\/title>\n<meta name=\"robots\" content=\"index, follow, max-snippet:-1, max-image-preview:large, max-video-preview:-1\" \/>\n<link rel=\"canonical\" href=\"https:\/\/baterii-stivuitor.ro\/en\/product\/transpaleta-electrica-linde-t16\/\" \/>\n<meta property=\"og:locale\" content=\"en_US\" \/>\n<meta property=\"og:type\" content=\"article\" \/>\n<meta property=\"og:title\" content=\"Transpaleta Electrica Linde T16 - Baterii stivuitor\" \/>\n<meta property=\"og:description\" content=\"Linde T-16 Transpalet\" \/>\n<meta property=\"og:url\" content=\"https:\/\/baterii-stivuitor.ro\/en\/product\/transpaleta-electrica-linde-t16\/\" \/>\n<meta property=\"og:site_name\" content=\"Baterii stivuitor\" \/>\n<meta property=\"og:image\" content=\"https:\/\/baterii-stivuitor.ro\/wp-content\/uploads\/2025\/03\/WhatsApp-Image-2025-03-24-at-08.42.43_fe5c0d8e.jpg\" \/>\n\t<meta property=\"og:image:width\" content=\"739\" \/>\n\t<meta property=\"og:image:height\" content=\"1600\" \/>\n\t<meta property=\"og:image:type\" content=\"image\/jpeg\" \/>\n<meta name=\"twitter:card\" content=\"summary_large_image\" \/>\n<meta name=\"twitter:label1\" content=\"Est. reading time\" \/>\n\t<meta name=\"twitter:data1\" content=\"1 minute\" \/>\n<script type=\"application\/ld+json\" class=\"yoast-schema-graph\">{\"@context\":\"https:\/\/schema.org\",\"@graph\":[{\"@type\":\"WebPage\",\"@id\":\"https:\/\/baterii-stivuitor.ro\/produs\/transpaleta-electrica-linde-t16\/\",\"url\":\"https:\/\/baterii-stivuitor.ro\/produs\/transpaleta-electrica-linde-t16\/\",\"name\":\"Transpaleta Electrica Linde T16 - Baterii stivuitor\",\"isPartOf\":{\"@id\":\"https:\/\/baterii-stivuitor.ro\/#website\"},\"primaryImageOfPage\":{\"@id\":\"https:\/\/baterii-stivuitor.ro\/produs\/transpaleta-electrica-linde-t16\/#primaryimage\"},\"image\":{\"@id\":\"https:\/\/baterii-stivuitor.ro\/produs\/transpaleta-electrica-linde-t16\/#primaryimage\"},\"thumbnailUrl\":\"https:\/\/baterii-stivuitor.ro\/wp-content\/uploads\/2025\/03\/WhatsApp-Image-2025-03-24-at-08.42.43_fe5c0d8e.jpg\",\"datePublished\":\"2025-03-24T07:35:29+00:00\",\"breadcrumb\":{\"@id\":\"https:\/\/baterii-stivuitor.ro\/produs\/transpaleta-electrica-linde-t16\/#breadcrumb\"},\"inLanguage\":\"en-US\",\"potentialAction\":[{\"@type\":\"ReadAction\",\"target\":[\"https:\/\/baterii-stivuitor.ro\/produs\/transpaleta-electrica-linde-t16\/\"]}]},{\"@type\":\"ImageObject\",\"inLanguage\":\"en-US\",\"@id\":\"https:\/\/baterii-stivuitor.ro\/produs\/transpaleta-electrica-linde-t16\/#primaryimage\",\"url\":\"https:\/\/baterii-stivuitor.ro\/wp-content\/uploads\/2025\/03\/WhatsApp-Image-2025-03-24-at-08.42.43_fe5c0d8e.jpg\",\"contentUrl\":\"https:\/\/baterii-stivuitor.ro\/wp-content\/uploads\/2025\/03\/WhatsApp-Image-2025-03-24-at-08.42.43_fe5c0d8e.jpg\",\"width\":739,\"height\":1600},{\"@type\":\"BreadcrumbList\",\"@id\":\"https:\/\/baterii-stivuitor.ro\/produs\/transpaleta-electrica-linde-t16\/#breadcrumb\",\"itemListElement\":[{\"@type\":\"ListItem\",\"position\":1,\"name\":\"Prima pagin\u0103\",\"item\":\"https:\/\/baterii-stivuitor.ro\/\"},{\"@type\":\"ListItem\",\"position\":2,\"name\":\"Magazin\",\"item\":\"https:\/\/baterii-stivuitor.ro\/shop\/\"},{\"@type\":\"ListItem\",\"position\":3,\"name\":\"Transpaleta Electrica Linde T16\"}]},{\"@type\":\"WebSite\",\"@id\":\"https:\/\/baterii-stivuitor.ro\/#website\",\"url\":\"https:\/\/baterii-stivuitor.ro\/\",\"name\":\"Baterii stivuitor\",\"description\":\"\",\"potentialAction\":[{\"@type\":\"SearchAction\",\"target\":{\"@type\":\"EntryPoint\",\"urlTemplate\":\"https:\/\/baterii-stivuitor.ro\/?s={search_term_string}\"},\"query-input\":{\"@type\":\"PropertyValueSpecification\",\"valueRequired\":true,\"valueName\":\"search_term_string\"}}],\"inLanguage\":\"en-US\"}]}<\/script>\n<!-- \/ Yoast SEO plugin. -->","yoast_head_json":{"title":"Transpaleta Electrica Linde T16 - Baterii stivuitor","robots":{"index":"index","follow":"follow","max-snippet":"max-snippet:-1","max-image-preview":"max-image-preview:large","max-video-preview":"max-video-preview:-1"},"canonical":"https:\/\/baterii-stivuitor.ro\/en\/product\/transpaleta-electrica-linde-t16\/","og_locale":"en_US","og_type":"article","og_title":"Transpaleta Electrica Linde T16 - Baterii stivuitor","og_description":"Linde T-16 Transpalet","og_url":"https:\/\/baterii-stivuitor.ro\/en\/product\/transpaleta-electrica-linde-t16\/","og_site_name":"Baterii stivuitor","og_image":[{"width":739,"height":1600,"url":"https:\/\/baterii-stivuitor.ro\/wp-content\/uploads\/2025\/03\/WhatsApp-Image-2025-03-24-at-08.42.43_fe5c0d8e.jpg","type":"image\/jpeg"}],"twitter_card":"summary_large_image","twitter_misc":{"Est. reading time":"1 minute"},"schema":{"@context":"https:\/\/schema.org","@graph":[{"@type":"WebPage","@id":"https:\/\/baterii-stivuitor.ro\/produs\/transpaleta-electrica-linde-t16\/","url":"https:\/\/baterii-stivuitor.ro\/produs\/transpaleta-electrica-linde-t16\/","name":"Transpaleta Electrica Linde T16 - Baterii stivuitor","isPartOf":{"@id":"https:\/\/baterii-stivuitor.ro\/#website"},"primaryImageOfPage":{"@id":"https:\/\/baterii-stivuitor.ro\/produs\/transpaleta-electrica-linde-t16\/#primaryimage"},"image":{"@id":"https:\/\/baterii-stivuitor.ro\/produs\/transpaleta-electrica-linde-t16\/#primaryimage"},"thumbnailUrl":"https:\/\/baterii-stivuitor.ro\/wp-content\/uploads\/2025\/03\/WhatsApp-Image-2025-03-24-at-08.42.43_fe5c0d8e.jpg","datePublished":"2025-03-24T07:35:29+00:00","breadcrumb":{"@id":"https:\/\/baterii-stivuitor.ro\/produs\/transpaleta-electrica-linde-t16\/#breadcrumb"},"inLanguage":"en-US","potentialAction":[{"@type":"ReadAction","target":["https:\/\/baterii-stivuitor.ro\/produs\/transpaleta-electrica-linde-t16\/"]}]},{"@type":"ImageObject","inLanguage":"en-US","@id":"https:\/\/baterii-stivuitor.ro\/produs\/transpaleta-electrica-linde-t16\/#primaryimage","url":"https:\/\/baterii-stivuitor.ro\/wp-content\/uploads\/2025\/03\/WhatsApp-Image-2025-03-24-at-08.42.43_fe5c0d8e.jpg","contentUrl":"https:\/\/baterii-stivuitor.ro\/wp-content\/uploads\/2025\/03\/WhatsApp-Image-2025-03-24-at-08.42.43_fe5c0d8e.jpg","width":739,"height":1600},{"@type":"BreadcrumbList","@id":"https:\/\/baterii-stivuitor.ro\/produs\/transpaleta-electrica-linde-t16\/#breadcrumb","itemListElement":[{"@type":"ListItem","position":1,"name":"Prima pagin\u0103","item":"https:\/\/baterii-stivuitor.ro\/"},{"@type":"ListItem","position":2,"name":"Magazin","item":"https:\/\/baterii-stivuitor.ro\/shop\/"},{"@type":"ListItem","position":3,"name":"Transpaleta Electrica Linde T16"}]},{"@type":"WebSite","@id":"https:\/\/baterii-stivuitor.ro\/#website","url":"https:\/\/baterii-stivuitor.ro\/","name":"Baterii stivuitor","description":"","potentialAction":[{"@type":"SearchAction","target":{"@type":"EntryPoint","urlTemplate":"https:\/\/baterii-stivuitor.ro\/?s={search_term_string}"},"query-input":{"@type":"PropertyValueSpecification","valueRequired":true,"valueName":"search_term_string"}}],"inLanguage":"en-US"}]}},"_links":{"self":[{"href":"https:\/\/baterii-stivuitor.ro\/en\/wp-json\/wp\/v2\/product\/10330","targetHints":{"allow":["GET"]}}],"collection":[{"href":"https:\/\/baterii-stivuitor.ro\/en\/wp-json\/wp\/v2\/product"}],"about":[{"href":"https:\/\/baterii-stivuitor.ro\/en\/wp-json\/wp\/v2\/types\/product"}],"replies":[{"embeddable":true,"href":"https:\/\/baterii-stivuitor.ro\/en\/wp-json\/wp\/v2\/comments?post=10330"}],"wp:featuredmedia":[{"embeddable":true,"href":"https:\/\/baterii-stivuitor.ro\/en\/wp-json\/wp\/v2\/media\/10331"}],"wp:attachment":[{"href":"https:\/\/baterii-stivuitor.ro\/en\/wp-json\/wp\/v2\/media?parent=10330"}],"wp:term":[{"taxonomy":"product_cat","embeddable":true,"href":"https:\/\/baterii-stivuitor.ro\/en\/wp-json\/wp\/v2\/product_cat?post=10330"},{"taxonomy":"product_tag","embeddable":true,"href":"https:\/\/baterii-stivuitor.ro\/en\/wp-json\/wp\/v2\/product_tag?post=10330"}],"curies":[{"name":"wp","href":"https:\/\/api.w.org\/{rel}","templated":true}]}}