{"id":10321,"date":"2025-03-24T07:26:40","date_gmt":"2025-03-24T07:26:40","guid":{"rendered":"https:\/\/baterii-stivuitor.ro\/?post_type=product&#038;p=10321"},"modified":"2025-03-24T07:26:40","modified_gmt":"2025-03-24T07:26:40","slug":"motostivuitor-still-rx-70-20","status":"publish","type":"product","link":"https:\/\/baterii-stivuitor.ro\/en\/product\/motostivuitor-still-rx-70-20\/","title":{"rendered":"MotoStivuitor Still RX-70-20"},"content":{"rendered":"<table class=\"product-detail__property-table mb-3\">\n<tbody>\n<tr>\n<th scope=\"row\">Capacitate<\/th>\n<td>2.000 kg<\/td>\n<\/tr>\n<tr>\n<th scope=\"row\">Motor<\/th>\n<td>GPL<\/td>\n<\/tr>\n<tr>\n<th scope=\"row\">Transmisie<\/th>\n<td>Automatic<\/td>\n<\/tr>\n<tr>\n<th scope=\"row\">An fabrica\u021bie<\/th>\n<td>2015<\/td>\n<\/tr>\n<tr>\n<th scope=\"row\">Ore \u00eenregistrate<\/th>\n<td>5.500<\/td>\n<\/tr>\n<tr>\n<th scope=\"row\">Catarg<\/th>\n<td>Triplex freelift<\/td>\n<\/tr>\n<tr>\n<th scope=\"row\">Ridicare<\/th>\n<td>447 cm<\/td>\n<\/tr>\n<tr>\n<th scope=\"row\">\u00cen\u0103l\u021bime minim\u0103 (cm)<\/th>\n<td>205 cm<\/td>\n<\/tr>\n<tr>\n<th scope=\"row\">Tip control<\/th>\n<td>Standard joystick<\/td>\n<\/tr>\n<tr>\n<th scope=\"row\">Ro\u021bi (spate)<\/th>\n<td>Superelastice<\/td>\n<\/tr>\n<tr>\n<th scope=\"row\">Ro\u021bi (fa\u021ba)<\/th>\n<td>Superelastice<\/td>\n<\/tr>\n<tr>\n<th scope=\"row\">Ro\u021bi (fa\u021ba)<\/th>\n<td>200&#215;50-10<\/td>\n<\/tr>\n<tr>\n<th scope=\"row\">Ro\u021bi (spate)<\/th>\n<td>18&#215;7-8<\/td>\n<\/tr>\n<tr>\n<th scope=\"row\">Greutate<\/th>\n<td>3.414 kg<\/td>\n<\/tr>\n<tr>\n<th scope=\"row\">Details<\/th>\n<td>3 valve hidraulice<\/td>\n<\/tr>\n<tr>\n<th scope=\"row\">Tip ata\u0219ament<\/th>\n<td>Sideshift<\/td>\n<\/tr>\n<\/tbody>\n<\/table>\n<p>V\u0103 putem ajuta cu transport !!<\/p>\n<p>Posibilitate de emitere factura extern\u0103 f\u0103r\u0103 TVA.<\/p>\n<p>Garan\u021bie 6 luni sau 300 ore de func\u021bionare.<\/p>\n<p>Utilajele se pot achizi\u021biona \u00een sistem de leasing sau rate.<\/p>\n<p>Dac\u0103 nu g\u0103sit \u00een Rom\u00e2nia stivuitorul dorit v\u0103 putem aduce la comand\u0103 din stocul extern in maxim 10 zile. Utilajele se v\u00e2nd cu service \u0219i revizii la zii.<\/p>\n<p>Pentru orice informa\u021bii v\u0103 st\u0103m la dispozi\u021bie la numereler de telefon: 0784198498 \/ 0766455960<\/p>","protected":false},"excerpt":{"rendered":"<p>MotoStivuitor Still RX-70-20<\/p>","protected":false},"featured_media":10322,"comment_status":"open","ping_status":"closed","template":"","meta":[],"product_cat":[169],"product_tag":[],"class_list":{"0":"post-10321","1":"product","2":"type-product","3":"status-publish","4":"has-post-thumbnail","6":"product_cat-motostivuitor","8":"first","9":"instock","10":"shipping-taxable","11":"purchasable","12":"product-type-simple"},"yoast_head":"<!-- This site is optimized with the Yoast SEO plugin v24.7 - https:\/\/yoast.com\/wordpress\/plugins\/seo\/ -->\n<title>MotoStivuitor Still RX-70-20 - Baterii stivuitor<\/title>\n<meta name=\"robots\" content=\"index, follow, max-snippet:-1, max-image-preview:large, max-video-preview:-1\" \/>\n<link rel=\"canonical\" href=\"https:\/\/baterii-stivuitor.ro\/en\/product\/motostivuitor-still-rx-70-20\/\" \/>\n<meta property=\"og:locale\" content=\"en_US\" \/>\n<meta property=\"og:type\" content=\"article\" \/>\n<meta property=\"og:title\" content=\"MotoStivuitor Still RX-70-20 - Baterii stivuitor\" \/>\n<meta property=\"og:description\" content=\"MotoStivuitor Still RX-70-20\" \/>\n<meta property=\"og:url\" content=\"https:\/\/baterii-stivuitor.ro\/en\/product\/motostivuitor-still-rx-70-20\/\" \/>\n<meta property=\"og:site_name\" content=\"Baterii stivuitor\" \/>\n<meta property=\"og:image\" content=\"https:\/\/baterii-stivuitor.ro\/wp-content\/uploads\/2025\/03\/IMG-20250324-WA0002.jpg\" \/>\n\t<meta property=\"og:image:width\" content=\"924\" \/>\n\t<meta property=\"og:image:height\" content=\"2000\" \/>\n\t<meta property=\"og:image:type\" content=\"image\/jpeg\" \/>\n<meta name=\"twitter:card\" content=\"summary_large_image\" \/>\n<meta name=\"twitter:label1\" content=\"Est. reading time\" \/>\n\t<meta name=\"twitter:data1\" content=\"1 minute\" \/>\n<script type=\"application\/ld+json\" class=\"yoast-schema-graph\">{\"@context\":\"https:\/\/schema.org\",\"@graph\":[{\"@type\":\"WebPage\",\"@id\":\"https:\/\/baterii-stivuitor.ro\/produs\/motostivuitor-still-rx-70-20\/\",\"url\":\"https:\/\/baterii-stivuitor.ro\/produs\/motostivuitor-still-rx-70-20\/\",\"name\":\"MotoStivuitor Still RX-70-20 - Baterii stivuitor\",\"isPartOf\":{\"@id\":\"https:\/\/baterii-stivuitor.ro\/#website\"},\"primaryImageOfPage\":{\"@id\":\"https:\/\/baterii-stivuitor.ro\/produs\/motostivuitor-still-rx-70-20\/#primaryimage\"},\"image\":{\"@id\":\"https:\/\/baterii-stivuitor.ro\/produs\/motostivuitor-still-rx-70-20\/#primaryimage\"},\"thumbnailUrl\":\"https:\/\/baterii-stivuitor.ro\/wp-content\/uploads\/2025\/03\/IMG-20250324-WA0002.jpg\",\"datePublished\":\"2025-03-24T07:26:40+00:00\",\"breadcrumb\":{\"@id\":\"https:\/\/baterii-stivuitor.ro\/produs\/motostivuitor-still-rx-70-20\/#breadcrumb\"},\"inLanguage\":\"en-US\",\"potentialAction\":[{\"@type\":\"ReadAction\",\"target\":[\"https:\/\/baterii-stivuitor.ro\/produs\/motostivuitor-still-rx-70-20\/\"]}]},{\"@type\":\"ImageObject\",\"inLanguage\":\"en-US\",\"@id\":\"https:\/\/baterii-stivuitor.ro\/produs\/motostivuitor-still-rx-70-20\/#primaryimage\",\"url\":\"https:\/\/baterii-stivuitor.ro\/wp-content\/uploads\/2025\/03\/IMG-20250324-WA0002.jpg\",\"contentUrl\":\"https:\/\/baterii-stivuitor.ro\/wp-content\/uploads\/2025\/03\/IMG-20250324-WA0002.jpg\",\"width\":924,\"height\":2000},{\"@type\":\"BreadcrumbList\",\"@id\":\"https:\/\/baterii-stivuitor.ro\/produs\/motostivuitor-still-rx-70-20\/#breadcrumb\",\"itemListElement\":[{\"@type\":\"ListItem\",\"position\":1,\"name\":\"Prima pagin\u0103\",\"item\":\"https:\/\/baterii-stivuitor.ro\/\"},{\"@type\":\"ListItem\",\"position\":2,\"name\":\"Magazin\",\"item\":\"https:\/\/baterii-stivuitor.ro\/shop\/\"},{\"@type\":\"ListItem\",\"position\":3,\"name\":\"MotoStivuitor Still RX-70-20\"}]},{\"@type\":\"WebSite\",\"@id\":\"https:\/\/baterii-stivuitor.ro\/#website\",\"url\":\"https:\/\/baterii-stivuitor.ro\/\",\"name\":\"Baterii stivuitor\",\"description\":\"\",\"potentialAction\":[{\"@type\":\"SearchAction\",\"target\":{\"@type\":\"EntryPoint\",\"urlTemplate\":\"https:\/\/baterii-stivuitor.ro\/?s={search_term_string}\"},\"query-input\":{\"@type\":\"PropertyValueSpecification\",\"valueRequired\":true,\"valueName\":\"search_term_string\"}}],\"inLanguage\":\"en-US\"}]}<\/script>\n<!-- \/ Yoast SEO plugin. -->","yoast_head_json":{"title":"MotoStivuitor Still RX-70-20 - Baterii stivuitor","robots":{"index":"index","follow":"follow","max-snippet":"max-snippet:-1","max-image-preview":"max-image-preview:large","max-video-preview":"max-video-preview:-1"},"canonical":"https:\/\/baterii-stivuitor.ro\/en\/product\/motostivuitor-still-rx-70-20\/","og_locale":"en_US","og_type":"article","og_title":"MotoStivuitor Still RX-70-20 - Baterii stivuitor","og_description":"MotoStivuitor Still RX-70-20","og_url":"https:\/\/baterii-stivuitor.ro\/en\/product\/motostivuitor-still-rx-70-20\/","og_site_name":"Baterii stivuitor","og_image":[{"width":924,"height":2000,"url":"https:\/\/baterii-stivuitor.ro\/wp-content\/uploads\/2025\/03\/IMG-20250324-WA0002.jpg","type":"image\/jpeg"}],"twitter_card":"summary_large_image","twitter_misc":{"Est. reading time":"1 minute"},"schema":{"@context":"https:\/\/schema.org","@graph":[{"@type":"WebPage","@id":"https:\/\/baterii-stivuitor.ro\/produs\/motostivuitor-still-rx-70-20\/","url":"https:\/\/baterii-stivuitor.ro\/produs\/motostivuitor-still-rx-70-20\/","name":"MotoStivuitor Still RX-70-20 - Baterii stivuitor","isPartOf":{"@id":"https:\/\/baterii-stivuitor.ro\/#website"},"primaryImageOfPage":{"@id":"https:\/\/baterii-stivuitor.ro\/produs\/motostivuitor-still-rx-70-20\/#primaryimage"},"image":{"@id":"https:\/\/baterii-stivuitor.ro\/produs\/motostivuitor-still-rx-70-20\/#primaryimage"},"thumbnailUrl":"https:\/\/baterii-stivuitor.ro\/wp-content\/uploads\/2025\/03\/IMG-20250324-WA0002.jpg","datePublished":"2025-03-24T07:26:40+00:00","breadcrumb":{"@id":"https:\/\/baterii-stivuitor.ro\/produs\/motostivuitor-still-rx-70-20\/#breadcrumb"},"inLanguage":"en-US","potentialAction":[{"@type":"ReadAction","target":["https:\/\/baterii-stivuitor.ro\/produs\/motostivuitor-still-rx-70-20\/"]}]},{"@type":"ImageObject","inLanguage":"en-US","@id":"https:\/\/baterii-stivuitor.ro\/produs\/motostivuitor-still-rx-70-20\/#primaryimage","url":"https:\/\/baterii-stivuitor.ro\/wp-content\/uploads\/2025\/03\/IMG-20250324-WA0002.jpg","contentUrl":"https:\/\/baterii-stivuitor.ro\/wp-content\/uploads\/2025\/03\/IMG-20250324-WA0002.jpg","width":924,"height":2000},{"@type":"BreadcrumbList","@id":"https:\/\/baterii-stivuitor.ro\/produs\/motostivuitor-still-rx-70-20\/#breadcrumb","itemListElement":[{"@type":"ListItem","position":1,"name":"Prima pagin\u0103","item":"https:\/\/baterii-stivuitor.ro\/"},{"@type":"ListItem","position":2,"name":"Magazin","item":"https:\/\/baterii-stivuitor.ro\/shop\/"},{"@type":"ListItem","position":3,"name":"MotoStivuitor Still RX-70-20"}]},{"@type":"WebSite","@id":"https:\/\/baterii-stivuitor.ro\/#website","url":"https:\/\/baterii-stivuitor.ro\/","name":"Baterii stivuitor","description":"","potentialAction":[{"@type":"SearchAction","target":{"@type":"EntryPoint","urlTemplate":"https:\/\/baterii-stivuitor.ro\/?s={search_term_string}"},"query-input":{"@type":"PropertyValueSpecification","valueRequired":true,"valueName":"search_term_string"}}],"inLanguage":"en-US"}]}},"_links":{"self":[{"href":"https:\/\/baterii-stivuitor.ro\/en\/wp-json\/wp\/v2\/product\/10321","targetHints":{"allow":["GET"]}}],"collection":[{"href":"https:\/\/baterii-stivuitor.ro\/en\/wp-json\/wp\/v2\/product"}],"about":[{"href":"https:\/\/baterii-stivuitor.ro\/en\/wp-json\/wp\/v2\/types\/product"}],"replies":[{"embeddable":true,"href":"https:\/\/baterii-stivuitor.ro\/en\/wp-json\/wp\/v2\/comments?post=10321"}],"wp:featuredmedia":[{"embeddable":true,"href":"https:\/\/baterii-stivuitor.ro\/en\/wp-json\/wp\/v2\/media\/10322"}],"wp:attachment":[{"href":"https:\/\/baterii-stivuitor.ro\/en\/wp-json\/wp\/v2\/media?parent=10321"}],"wp:term":[{"taxonomy":"product_cat","embeddable":true,"href":"https:\/\/baterii-stivuitor.ro\/en\/wp-json\/wp\/v2\/product_cat?post=10321"},{"taxonomy":"product_tag","embeddable":true,"href":"https:\/\/baterii-stivuitor.ro\/en\/wp-json\/wp\/v2\/product_tag?post=10321"}],"curies":[{"name":"wp","href":"https:\/\/api.w.org\/{rel}","templated":true}]}}