{"id":7656,"date":"2024-03-20T12:14:25","date_gmt":"2024-03-20T12:14:25","guid":{"rendered":"https:\/\/baterii-stivuitor.ro\/?page_id=7656"},"modified":"2024-03-28T15:54:33","modified_gmt":"2024-03-28T15:54:33","slug":"regenerare-baterie-auto","status":"publish","type":"page","link":"https:\/\/baterii-stivuitor.ro\/en\/regenerare-baterie-auto\/","title":{"rendered":"Regenerare baterii"},"content":{"rendered":"<div data-elementor-type=\"wp-page\" data-elementor-id=\"7656\" class=\"elementor elementor-7656\">\n\t\t\t\t<div class=\"elementor-element elementor-element-4ef9144 e-flex e-con-boxed e-con e-parent\" data-id=\"4ef9144\" data-element_type=\"container\" data-core-v316-plus=\"true\">\n\t\t\t\t\t<div class=\"e-con-inner\">\n\t\t\t\t<div class=\"elementor-element elementor-element-fea5710 elementor-widget elementor-widget-text-editor\" data-id=\"fea5710\" data-element_type=\"widget\" data-widget_type=\"text-editor.default\">\n\t\t\t\t<div class=\"elementor-widget-container\">\n\t\t\t<style>\/*! elementor - v3.20.0 - 13-03-2024 *\/\n.elementor-widget-text-editor.elementor-drop-cap-view-stacked .elementor-drop-cap{background-color:#69727d;color:#fff}.elementor-widget-text-editor.elementor-drop-cap-view-framed .elementor-drop-cap{color:#69727d;border:3px solid;background-color:transparent}.elementor-widget-text-editor:not(.elementor-drop-cap-view-default) .elementor-drop-cap{margin-top:8px}.elementor-widget-text-editor:not(.elementor-drop-cap-view-default) .elementor-drop-cap-letter{width:1em;height:1em}.elementor-widget-text-editor .elementor-drop-cap{float:left;text-align:center;line-height:1;font-size:50px}.elementor-widget-text-editor .elementor-drop-cap-letter{display:inline-block}<\/style>\t\t\t\t<h1><span style=\"font-weight: 400;\">Regenerare baterie auto stivuitor<\/span><\/h1><p><span style=\"font-weight: 400;\">Descoper\u0103 la Hakuservice serviciile noastre de regenerare baterie auto stivuitor, solu\u021bia ideal\u0103 pentru revigorarea bateriilor tale industriale. Cu experien\u021b\u0103 vast\u0103 \u00een domeniu, echipa noastr\u0103 ofer\u0103 o gam\u0103 complet\u0103 de servicii de regenerare pentru a prelungi durata de via\u021b\u0103 a bateriilor \u0219i a reduce costurile de \u00eenlocuire. Beneficiaz\u0103 de tehnologia de ultim\u0103 genera\u021bie \u0219i de expertiza noastr\u0103 pentru a-\u021bi asigura func\u021bionarea optim\u0103 a stivuitoarelor tale. Alege Hakuservice pentru regenerare baterie auto stivuitor \u0219i bucur\u0103-te de performan\u021b\u0103 \u0219i fiabilitate pe termen lung!<\/span><\/p>\t\t\t\t\t\t<\/div>\n\t\t\t\t<\/div>\n\t\t\t\t\t<\/div>\n\t\t\t\t<\/div>\n\t\t\t\t<\/div>","protected":false},"excerpt":{"rendered":"<p>Regenerare baterie auto stivuitor Descoper\u0103 la Hakuservice serviciile noastre de regenerare baterie auto stivuitor, solu\u021bia ideal\u0103 pentru revigorarea bateriilor tale industriale. Cu experien\u021b\u0103 vast\u0103 \u00een domeniu, echipa noastr\u0103 ofer\u0103 o gam\u0103 complet\u0103 de servicii de regenerare pentru a prelungi durata de via\u021b\u0103 a bateriilor \u0219i a reduce costurile de \u00eenlocuire. Beneficiaz\u0103 de tehnologia de ultim\u0103 [&hellip;]<\/p>","protected":false},"author":1,"featured_media":0,"parent":0,"menu_order":0,"comment_status":"closed","ping_status":"closed","template":"","meta":{"footnotes":""},"class_list":["post-7656","page","type-page","status-publish","hentry"],"yoast_head":"<!-- This site is optimized with the Yoast SEO plugin v24.7 - https:\/\/yoast.com\/wordpress\/plugins\/seo\/ -->\n<title>Regenerare baterii - Baterii stivuitor<\/title>\n<meta name=\"robots\" content=\"index, follow, max-snippet:-1, max-image-preview:large, max-video-preview:-1\" \/>\n<link rel=\"canonical\" href=\"https:\/\/baterii-stivuitor.ro\/en\/regenerare-baterie-auto\/\" \/>\n<meta property=\"og:locale\" content=\"en_US\" \/>\n<meta property=\"og:type\" content=\"article\" \/>\n<meta property=\"og:title\" content=\"Regenerare baterii - Baterii stivuitor\" \/>\n<meta property=\"og:description\" content=\"Regenerare baterie auto stivuitor Descoper\u0103 la Hakuservice serviciile noastre de regenerare baterie auto stivuitor, solu\u021bia ideal\u0103 pentru revigorarea bateriilor tale industriale. Cu experien\u021b\u0103 vast\u0103 \u00een domeniu, echipa noastr\u0103 ofer\u0103 o gam\u0103 complet\u0103 de servicii de regenerare pentru a prelungi durata de via\u021b\u0103 a bateriilor \u0219i a reduce costurile de \u00eenlocuire. Beneficiaz\u0103 de tehnologia de ultim\u0103 [&hellip;]\" \/>\n<meta property=\"og:url\" content=\"https:\/\/baterii-stivuitor.ro\/en\/regenerare-baterie-auto\/\" \/>\n<meta property=\"og:site_name\" content=\"Baterii stivuitor\" \/>\n<meta property=\"article:modified_time\" content=\"2024-03-28T15:54:33+00:00\" \/>\n<meta name=\"twitter:card\" content=\"summary_large_image\" \/>\n<script type=\"application\/ld+json\" class=\"yoast-schema-graph\">{\"@context\":\"https:\/\/schema.org\",\"@graph\":[{\"@type\":\"WebPage\",\"@id\":\"https:\/\/baterii-stivuitor.ro\/regenerare-baterie-auto\/\",\"url\":\"https:\/\/baterii-stivuitor.ro\/regenerare-baterie-auto\/\",\"name\":\"Regenerare baterii - Baterii stivuitor\",\"isPartOf\":{\"@id\":\"https:\/\/baterii-stivuitor.ro\/#website\"},\"datePublished\":\"2024-03-20T12:14:25+00:00\",\"dateModified\":\"2024-03-28T15:54:33+00:00\",\"breadcrumb\":{\"@id\":\"https:\/\/baterii-stivuitor.ro\/regenerare-baterie-auto\/#breadcrumb\"},\"inLanguage\":\"en-US\",\"potentialAction\":[{\"@type\":\"ReadAction\",\"target\":[\"https:\/\/baterii-stivuitor.ro\/regenerare-baterie-auto\/\"]}]},{\"@type\":\"BreadcrumbList\",\"@id\":\"https:\/\/baterii-stivuitor.ro\/regenerare-baterie-auto\/#breadcrumb\",\"itemListElement\":[{\"@type\":\"ListItem\",\"position\":1,\"name\":\"Prima pagin\u0103\",\"item\":\"https:\/\/baterii-stivuitor.ro\/\"},{\"@type\":\"ListItem\",\"position\":2,\"name\":\"Regenerare baterii\"}]},{\"@type\":\"WebSite\",\"@id\":\"https:\/\/baterii-stivuitor.ro\/#website\",\"url\":\"https:\/\/baterii-stivuitor.ro\/\",\"name\":\"Baterii stivuitor\",\"description\":\"\",\"potentialAction\":[{\"@type\":\"SearchAction\",\"target\":{\"@type\":\"EntryPoint\",\"urlTemplate\":\"https:\/\/baterii-stivuitor.ro\/?s={search_term_string}\"},\"query-input\":{\"@type\":\"PropertyValueSpecification\",\"valueRequired\":true,\"valueName\":\"search_term_string\"}}],\"inLanguage\":\"en-US\"}]}<\/script>\n<!-- \/ Yoast SEO plugin. -->","yoast_head_json":{"title":"Regenerare baterii - Baterii stivuitor","robots":{"index":"index","follow":"follow","max-snippet":"max-snippet:-1","max-image-preview":"max-image-preview:large","max-video-preview":"max-video-preview:-1"},"canonical":"https:\/\/baterii-stivuitor.ro\/en\/regenerare-baterie-auto\/","og_locale":"en_US","og_type":"article","og_title":"Regenerare baterii - Baterii stivuitor","og_description":"Regenerare baterie auto stivuitor Descoper\u0103 la Hakuservice serviciile noastre de regenerare baterie auto stivuitor, solu\u021bia ideal\u0103 pentru revigorarea bateriilor tale industriale. Cu experien\u021b\u0103 vast\u0103 \u00een domeniu, echipa noastr\u0103 ofer\u0103 o gam\u0103 complet\u0103 de servicii de regenerare pentru a prelungi durata de via\u021b\u0103 a bateriilor \u0219i a reduce costurile de \u00eenlocuire. Beneficiaz\u0103 de tehnologia de ultim\u0103 [&hellip;]","og_url":"https:\/\/baterii-stivuitor.ro\/en\/regenerare-baterie-auto\/","og_site_name":"Baterii stivuitor","article_modified_time":"2024-03-28T15:54:33+00:00","twitter_card":"summary_large_image","schema":{"@context":"https:\/\/schema.org","@graph":[{"@type":"WebPage","@id":"https:\/\/baterii-stivuitor.ro\/regenerare-baterie-auto\/","url":"https:\/\/baterii-stivuitor.ro\/regenerare-baterie-auto\/","name":"Regenerare baterii - Baterii stivuitor","isPartOf":{"@id":"https:\/\/baterii-stivuitor.ro\/#website"},"datePublished":"2024-03-20T12:14:25+00:00","dateModified":"2024-03-28T15:54:33+00:00","breadcrumb":{"@id":"https:\/\/baterii-stivuitor.ro\/regenerare-baterie-auto\/#breadcrumb"},"inLanguage":"en-US","potentialAction":[{"@type":"ReadAction","target":["https:\/\/baterii-stivuitor.ro\/regenerare-baterie-auto\/"]}]},{"@type":"BreadcrumbList","@id":"https:\/\/baterii-stivuitor.ro\/regenerare-baterie-auto\/#breadcrumb","itemListElement":[{"@type":"ListItem","position":1,"name":"Prima pagin\u0103","item":"https:\/\/baterii-stivuitor.ro\/"},{"@type":"ListItem","position":2,"name":"Regenerare baterii"}]},{"@type":"WebSite","@id":"https:\/\/baterii-stivuitor.ro\/#website","url":"https:\/\/baterii-stivuitor.ro\/","name":"Baterii stivuitor","description":"","potentialAction":[{"@type":"SearchAction","target":{"@type":"EntryPoint","urlTemplate":"https:\/\/baterii-stivuitor.ro\/?s={search_term_string}"},"query-input":{"@type":"PropertyValueSpecification","valueRequired":true,"valueName":"search_term_string"}}],"inLanguage":"en-US"}]}},"_links":{"self":[{"href":"https:\/\/baterii-stivuitor.ro\/en\/wp-json\/wp\/v2\/pages\/7656","targetHints":{"allow":["GET"]}}],"collection":[{"href":"https:\/\/baterii-stivuitor.ro\/en\/wp-json\/wp\/v2\/pages"}],"about":[{"href":"https:\/\/baterii-stivuitor.ro\/en\/wp-json\/wp\/v2\/types\/page"}],"author":[{"embeddable":true,"href":"https:\/\/baterii-stivuitor.ro\/en\/wp-json\/wp\/v2\/users\/1"}],"replies":[{"embeddable":true,"href":"https:\/\/baterii-stivuitor.ro\/en\/wp-json\/wp\/v2\/comments?post=7656"}],"version-history":[{"count":4,"href":"https:\/\/baterii-stivuitor.ro\/en\/wp-json\/wp\/v2\/pages\/7656\/revisions"}],"predecessor-version":[{"id":7875,"href":"https:\/\/baterii-stivuitor.ro\/en\/wp-json\/wp\/v2\/pages\/7656\/revisions\/7875"}],"wp:attachment":[{"href":"https:\/\/baterii-stivuitor.ro\/en\/wp-json\/wp\/v2\/media?parent=7656"}],"curies":[{"name":"wp","href":"https:\/\/api.w.org\/{rel}","templated":true}]}}