{"id":7611,"date":"2024-03-20T09:35:37","date_gmt":"2024-03-20T09:35:37","guid":{"rendered":"https:\/\/baterii-stivuitor.ro\/?page_id=7611"},"modified":"2025-02-14T08:59:33","modified_gmt":"2025-02-14T08:59:33","slug":"gdpr","status":"publish","type":"page","link":"https:\/\/baterii-stivuitor.ro\/en\/gdpr\/","title":{"rendered":"GDPR"},"content":{"rendered":"<div data-elementor-type=\"wp-page\" data-elementor-id=\"7611\" class=\"elementor elementor-7611\">\n\t\t\t\t\t\t<section class=\"elementor-section elementor-top-section elementor-element elementor-element-6ce498a top-banner mb-6 elementor-section-boxed elementor-section-height-default elementor-section-height-default\" data-id=\"6ce498a\" data-element_type=\"section\">\r\n\t\t\t\t\t\t<div class=\"elementor-container elementor-column-gap-default\">\r\n\t\t\t\t\t\t\t\t\r\n\t\t\t\t\r\n\t\t\t\t\t\t\t\t<div class=\"elementor-column elementor-col-100 elementor-top-column elementor-element elementor-element-ac27e9b\" data-id=\"ac27e9b\" data-element_type=\"column\">\n\t\t\t<div class=\"elementor-widget-wrap elementor-element-populated\">\n\t\t\t\t\t\t<section class=\"background-image-none background-color-none elementor-section elementor-inner-section elementor-element elementor-element-92bf6c9 elementor-section-boxed elementor-section-height-default elementor-section-height-default\" data-id=\"92bf6c9\" data-element_type=\"section\" data-settings=\"{&quot;background_background&quot;:&quot;classic&quot;}\">\r\n\t\t\t\t\t\t<div class=\"elementor-container banner elementor-column-gap-no\">\r\n\t\t\t\t\t\t\t\t\t\t\t\t\t\t\t\t\t\t\t\t\t\t\t\t\t\t\t\t\t<figure class=\"banner-img\">\r\n\t\t\t\t\t\t\t<img fetchpriority=\"high\" decoding=\"async\" width=\"1689\" height=\"617\" src=\"https:\/\/baterii-stivuitor.ro\/wp-content\/uploads\/2024\/04\/slide-11.jpg\" class=\"attachment-full size-full wp-image-8095\" alt=\"\" srcset=\"https:\/\/baterii-stivuitor.ro\/wp-content\/uploads\/2024\/04\/slide-11.jpg 1689w, https:\/\/baterii-stivuitor.ro\/wp-content\/uploads\/2024\/04\/slide-11-300x110.jpg 300w, https:\/\/baterii-stivuitor.ro\/wp-content\/uploads\/2024\/04\/slide-11-1024x374.jpg 1024w, https:\/\/baterii-stivuitor.ro\/wp-content\/uploads\/2024\/04\/slide-11-768x281.jpg 768w, https:\/\/baterii-stivuitor.ro\/wp-content\/uploads\/2024\/04\/slide-11-1536x561.jpg 1536w, https:\/\/baterii-stivuitor.ro\/wp-content\/uploads\/2024\/04\/slide-11-600x219.jpg 600w\" sizes=\"(max-width: 1689px) 100vw, 1689px\" \/>\t\t\t\t\t\t<\/figure>\r\n\t\t\t\t\t\t\t\t\t\r\n\t\t\t\t\r\n\t\t\t\t\t\t\t\t<div class=\"banner-content elementor-column elementor-col-100 elementor-inner-column elementor-element elementor-element-e0281c9\" data-id=\"e0281c9\" data-element_type=\"column\">\n\t\t\t<div class=\"molla-elementor-column-wrap t-x-center t-y-center elementor-widget-wrap elementor-element-populated\">\n\t\t\t\t\t\t<div class=\"elementor-element elementor-element-9732836 heading-title mb-0 elementor-widget elementor-widget-heading\" data-id=\"9732836\" data-element_type=\"widget\" data-widget_type=\"heading.default\">\n\t\t\t\t<div class=\"elementor-widget-container\">\n\t\t\t<style>\/*! elementor - v3.20.0 - 13-03-2024 *\/\n.elementor-heading-title{padding:0;margin:0;line-height:1}.elementor-widget-heading .elementor-heading-title[class*=elementor-size-]>a{color:inherit;font-size:inherit;line-height:inherit}.elementor-widget-heading .elementor-heading-title.elementor-size-small{font-size:15px}.elementor-widget-heading .elementor-heading-title.elementor-size-medium{font-size:19px}.elementor-widget-heading .elementor-heading-title.elementor-size-large{font-size:29px}.elementor-widget-heading .elementor-heading-title.elementor-size-xl{font-size:39px}.elementor-widget-heading .elementor-heading-title.elementor-size-xxl{font-size:59px}<\/style><h2 class=\"elementor-heading-title elementor-size-default\">GDPR<\/h2>\t\t<\/div>\n\t\t\t\t<\/div>\n\t\t\t\t<div class=\"elementor-element elementor-element-3b5d50e heading-subtitle elementor-widget elementor-widget-heading\" data-id=\"3b5d50e\" data-element_type=\"widget\" data-widget_type=\"heading.default\">\n\t\t\t\t<div class=\"elementor-widget-container\">\n\t\t\t<h4 class=\"elementor-heading-title elementor-size-default\">Hakuservice<\/h4>\t\t<\/div>\n\t\t\t\t<\/div>\n\t\t\t\t\t<\/div>\n\t\t<\/div>\n\t\t\r\n\t\t\t\t\t\t\t\t\t\t<\/div>\r\n\t\t<\/section>\r\n\t\t\t\t\t<\/div>\n\t\t<\/div>\n\t\t\r\n\t\t\t\t\t\t\t\t\t\t<\/div>\r\n\t\t<\/section>\r\n\t\t<div class=\"elementor-element elementor-element-6d9d865 e-flex e-con-boxed elementor-invisible e-con e-parent\" data-id=\"6d9d865\" data-element_type=\"container\" data-settings=\"{&quot;animation&quot;:&quot;fadeInUp&quot;}\" data-core-v316-plus=\"true\">\n\t\t\t\t\t<div class=\"e-con-inner\">\n\t\t\t\t<div class=\"elementor-element elementor-element-84fffbe elementor-widget elementor-widget-text-editor\" data-id=\"84fffbe\" data-element_type=\"widget\" data-widget_type=\"text-editor.default\">\n\t\t\t\t<div class=\"elementor-widget-container\">\n\t\t\t<style>\/*! elementor - v3.20.0 - 13-03-2024 *\/\n.elementor-widget-text-editor.elementor-drop-cap-view-stacked .elementor-drop-cap{background-color:#69727d;color:#fff}.elementor-widget-text-editor.elementor-drop-cap-view-framed .elementor-drop-cap{color:#69727d;border:3px solid;background-color:transparent}.elementor-widget-text-editor:not(.elementor-drop-cap-view-default) .elementor-drop-cap{margin-top:8px}.elementor-widget-text-editor:not(.elementor-drop-cap-view-default) .elementor-drop-cap-letter{width:1em;height:1em}.elementor-widget-text-editor .elementor-drop-cap{float:left;text-align:center;line-height:1;font-size:50px}.elementor-widget-text-editor .elementor-drop-cap-letter{display:inline-block}<\/style>\t\t\t\t<p><span style=\"font-weight: 400;\">Hakuservice Processing S.R.L., cu sediul social \u00een Carei, str. Gr\u0103dina Viilor nr. 285\/B, \u0219i punct de lucru \u00een jude\u021bul Satu Mare, str. Mihai Viteazu nr. 121, \u00eenregistrat\u0103 la Oficiul Registrului Comer\u021bului sub nr. J30\/157\/2015 \u0219i av\u00e2nd Codul Unic de \u00cenregistrare RO34193410, \u00eendepline\u0219te rolul de operator de date cu caracter personal.<\/span><\/p><p><span style=\"font-weight: 400;\">Datele cu caracter personal sunt colectate \u0219i prelucrate de Hakuservice Processing exclusiv \u00een conformitate cu Regulamentul General (UE) 2016\/679 privind protec\u021bia datelor cu caracter personal (GDPR), care reglementeaz\u0103 protec\u021bia persoanelor fizice \u0219i libera circula\u021bie a acestor date.<\/span><\/p>\t\t\t\t\t\t<\/div>\n\t\t\t\t<\/div>\n\t\t\t\t<div class=\"elementor-element elementor-element-b820b22 mb-0 elementor-widget elementor-widget-heading\" data-id=\"b820b22\" data-element_type=\"widget\" data-widget_type=\"heading.default\">\n\t\t\t\t<div class=\"elementor-widget-container\">\n\t\t\t<h2 class=\"elementor-heading-title elementor-size-default\">Termeni \u00een \u00een\u021belesul Regulamentului General (UE) 2016\/679<\/h2>\t\t<\/div>\n\t\t\t\t<\/div>\n\t\t\t\t<div class=\"elementor-element elementor-element-51f8d2c elementor-widget elementor-widget-text-editor\" data-id=\"51f8d2c\" data-element_type=\"widget\" data-widget_type=\"text-editor.default\">\n\t\t\t\t<div class=\"elementor-widget-container\">\n\t\t\t\t\t\t\t<h2><b>Not\u0103 de informare<\/b><\/h2><p><span style=\"font-weight: 400;\">Hakuservice Processing prelucreaz\u0103 datele personale colectate pe baza:<\/span><\/p><ul><li style=\"font-weight: 400;\" aria-level=\"1\"><span style=\"font-weight: 400;\">\u00cencheierii \u0219i execut\u0103rii contractelor cu clien\u021bii;<\/span><\/li><li style=\"font-weight: 400;\" aria-level=\"1\"><span style=\"font-weight: 400;\">Realiz\u0103rii intereselor legitime \u00een leg\u0103tur\u0103 cu scopurile men\u021bionate anterior;<\/span><\/li><li style=\"font-weight: 400;\" aria-level=\"1\"><span style=\"font-weight: 400;\">Consim\u021b\u0103m\u00e2ntului acordat de clien\u021bi, \u00een situa\u021biile \u00een care acesta este necesar.<\/span><\/li><\/ul><p><b>Scopurile colect\u0103rii datelor includ:<\/b><\/p><ol><li style=\"font-weight: 400;\" aria-level=\"1\"><span style=\"font-weight: 400;\">Informarea utilizatorilor\/clien\u021bilor (cump\u0103r\u0103torilor) privind situa\u021bia contului lor de pe<\/span> <a href=\"https:\/\/baterii-stivuitor.ro\/\"><span style=\"font-weight: 400;\">baterii-stivuitor.ro\/<\/span><\/a><span style=\"font-weight: 400;\">\u00a0<\/span><\/li><li style=\"font-weight: 400;\" aria-level=\"1\"><span style=\"font-weight: 400;\">Informarea utilizatorilor\/clien\u021bilor referitor la evolu\u021bia \u0219i starea comenzilor;<\/span><\/li><li style=\"font-weight: 400;\" aria-level=\"1\"><span style=\"font-weight: 400;\">Evaluarea produselor \u0219i serviciilor oferite;<\/span><\/li><li style=\"font-weight: 400;\" aria-level=\"1\"><span style=\"font-weight: 400;\">Activit\u0103\u021bi comerciale, de promovare, marketing, publicitate \u0219i media;<\/span><\/li><li style=\"font-weight: 400;\" aria-level=\"1\"><span style=\"font-weight: 400;\">Sarcini administrative \u0219i de dezvoltare;<\/span><\/li><li style=\"font-weight: 400;\" aria-level=\"1\"><span style=\"font-weight: 400;\">Cercet\u0103ri de pia\u021b\u0103 \u0219i activit\u0103\u021bi statistice;<\/span><\/li><li style=\"font-weight: 400;\" aria-level=\"1\"><span style=\"font-weight: 400;\">Urm\u0103rirea \u0219i monitorizarea v\u00e2nz\u0103rilor, precum \u0219i a comportamentului consumatorilor.<\/span><\/li><\/ol><p><span style=\"font-weight: 400;\">Prin parcurgerea prezentei Politici de protec\u021bie a datelor cu caracter personal \u0219i a Notei de Informare, confirma\u021bi c\u0103 vi se garanteaz\u0103 drepturile prev\u0103zute \u00een GDPR, \u0219i anume:<\/span><\/p><ul><li style=\"font-weight: 400;\" aria-level=\"1\"><span style=\"font-weight: 400;\">Dreptul la transparen\u021ba informa\u021biilor, a comunic\u0103rilor \u0219i a modalit\u0103\u021bilor de exercitare a drepturilor.<\/span><\/li><li style=\"font-weight: 400;\" aria-level=\"1\"><span style=\"font-weight: 400;\">Dreptul la informare \u0219i acces la datele personale.<\/span><\/li><li style=\"font-weight: 400;\" aria-level=\"1\"><span style=\"font-weight: 400;\">Dreptul la rectificare \u0219i dreptul la \u0219tergerea datelor.<\/span><\/li><li style=\"font-weight: 400;\" aria-level=\"1\"><span style=\"font-weight: 400;\">Dreptul la restric\u021bionarea prelucr\u0103rii.<\/span><\/li><li style=\"font-weight: 400;\" aria-level=\"1\"><span style=\"font-weight: 400;\">Dreptul la portabilitatea datelor.<\/span><\/li><li style=\"font-weight: 400;\" aria-level=\"1\"><span style=\"font-weight: 400;\">Dreptul la opozi\u021bie \u0219i de a nu fi supus unui proces decizional individual automatizat.<\/span><\/li><li style=\"font-weight: 400;\" aria-level=\"1\"><span style=\"font-weight: 400;\">Dreptul de a v\u0103 adresa Autorit\u0103\u021bii de Supraveghere (ANSPDCP) \u00een cazul \u00een care drepturile dvs. garantate de legisla\u021bia privind protec\u021bia datelor cu caracter personal sunt \u00eenc\u0103lcate.<\/span><\/li><\/ul><h2><b>Modalitatea de exercitare a drepturilor \u0219i gestionarea datelor<\/b><\/h2><p><span style=\"font-weight: 400;\">Pentru exercitarea drepturilor men\u021bionate anterior sau pentru orice \u00eentrebare cu privire la modul \u00een care v\u0103 sunt utilizate datele ori dac\u0103 observa\u021bi c\u0103 anumite informa\u021bii despre dumneavoastr\u0103 sunt incorecte, pute\u021bi trimite o cerere scris\u0103, datat\u0103 \u0219i semnat\u0103 c\u0103tre Hakuservice Processing S.R.L. din Carei, str. Gr\u0103dina Viilor nr. 285\/B, P.L.: jude\u021bul Satu Mare, str. Mihai Viteazu nr. 121, \u00een aten\u021bia responsabilului cu protec\u021bia datelor, sau la adresa de e-mail: <\/span><a href=\"mailto:hakuservice@gmail.com\"><span style=\"font-weight: 400;\">hakuservice@gmail.com<\/span><\/a><span style=\"font-weight: 400;\">\u00a0<\/span><\/p><p><span style=\"font-weight: 400;\">V\u0103 rug\u0103m s\u0103 specifica\u021bi \u00een cerere dac\u0103 dori\u021bi ca informa\u021biile s\u0103 v\u0103 fie transmise la o anumit\u0103 adres\u0103 (po\u0219tal\u0103 sau e-mail) ori printr-un serviciu de curierat care s\u0103 garanteze primirea personal\u0103 a r\u0103spunsului. \u021aine\u021bi cont c\u0103, \u00eenainte de a solu\u021biona orice solicitare, ne rezerv\u0103m dreptul de a v\u0103 verifica identitatea pentru a ne asigura c\u0103 cererea provine cu adev\u0103rat de la dumneavoastr\u0103.<\/span><\/p><p><span style=\"font-weight: 400;\">De asemenea, ave\u021bi dreptul de a v\u0103 adresa instan\u021belor judec\u0103tore\u0219ti \u00een cazul oric\u0103rei \u00eenc\u0103lc\u0103ri a drepturilor dumneavoastr\u0103 \u00een ceea ce prive\u0219te prelucrarea datelor cu caracter personal.<\/span><\/p><p><span style=\"font-weight: 400;\">Informa\u021biile pe care ni le furniza\u021bi sunt utilizate \u0219i stocate doar \u00een scopul pentru care ni le-a\u021bi pus la dispozi\u021bie, inclusiv pentru administrarea, sus\u021binerea \u0219i evaluarea serviciilor noastre, prevenirea \u00eenc\u0103lc\u0103rii securit\u0103\u021bii sistemelor, precum \u0219i pentru respectarea legii \u0219i \u00eendeplinirea termenilor contractuali.<\/span><\/p><p><span style=\"font-weight: 400;\">\u00cen acest sens, Hakuservice Processing va stoca datele dumneavoastr\u0103 \u00een conformitate cu Politica de Reten\u021bie a Datelor, care stabile\u0219te termene-limit\u0103 prestabilite \u0219i bine documentate pentru diferite categorii de date cu caracter personal, \u00een func\u021bie de scopurile specifice pentru care acestea sunt necesare. Totodat\u0103, Hakuservice Processing se asigur\u0103 c\u0103 datele cu caracter personal sunt adecvate, relevante \u0219i limitate la ceea ce este necesar \u00een raport cu scopurile pentru care sunt prelucrate, \u0219i c\u0103 perioada de stocare este strict delimitat\u0103. Dup\u0103 expirarea termenelor stabilite, datele nu vor mai fi prelucrate \u00een aceste scopuri.<\/span><\/p><p><span style=\"font-weight: 400;\">Hakuservice Processing poate, \u00een anumite situa\u021bii, s\u0103 transmit\u0103 datele dumneavoastr\u0103 cu caracter personal c\u0103tre alte companii partenere. Acest lucru se realizeaz\u0103 doar \u00een baza unui angajament de confiden\u021bialitate din partea lor, care garanteaz\u0103 siguran\u021ba datelor \u0219i respectarea legisla\u021biei \u00een vigoare. Printre aceste companii se num\u0103r\u0103:<\/span><\/p><ul><li style=\"font-weight: 400;\" aria-level=\"1\"><span style=\"font-weight: 400;\">Furnizori de servicii de curierat,<\/span><\/li><li style=\"font-weight: 400;\" aria-level=\"1\"><span style=\"font-weight: 400;\">Furnizori de servicii bancare,<\/span><\/li><li style=\"font-weight: 400;\" aria-level=\"1\"><span style=\"font-weight: 400;\">Alte companii cu care dezvolt\u0103m programe comune de ofertare pe pia\u021b\u0103 a produselor \u0219i serviciilor noastre,<\/span><\/li><li style=\"font-weight: 400;\" aria-level=\"1\"><span style=\"font-weight: 400;\">Persoane \u00eemputernicite de Hakuservice Processing, care ac\u021bioneaz\u0103 \u00een limitele \u0219i \u00een scopurile stabilite de Hakuservice Processing, \u00een conformitate cu GDPR \u0219i cu prezenta Politic\u0103 privind prelucrarea datelor cu caracter personal \u0219i libera lor circula\u021bie.<\/span><\/li><\/ul>\t\t\t\t\t\t<\/div>\n\t\t\t\t<\/div>\n\t\t\t\t\t<\/div>\n\t\t\t\t<\/div>\n\t\t\t\t<\/div>","protected":false},"excerpt":{"rendered":"<p>GDPR Hakuservice Hakuservice Processing S.R.L., cu sediul social \u00een Carei, str. Gr\u0103dina Viilor nr. 285\/B, \u0219i punct de lucru \u00een jude\u021bul Satu Mare, str. Mihai Viteazu nr. 121, \u00eenregistrat\u0103 la Oficiul Registrului Comer\u021bului sub nr. J30\/157\/2015 \u0219i av\u00e2nd Codul Unic de \u00cenregistrare RO34193410, \u00eendepline\u0219te rolul de operator de date cu caracter personal. Datele cu caracter [&hellip;]<\/p>","protected":false},"author":1,"featured_media":0,"parent":0,"menu_order":0,"comment_status":"closed","ping_status":"closed","template":"","meta":{"footnotes":""},"class_list":["post-7611","page","type-page","status-publish","hentry"],"yoast_head":"<!-- This site is optimized with the Yoast SEO plugin v24.7 - https:\/\/yoast.com\/wordpress\/plugins\/seo\/ -->\n<title>GDPR - Baterii stivuitor<\/title>\n<meta name=\"robots\" content=\"index, follow, max-snippet:-1, max-image-preview:large, max-video-preview:-1\" \/>\n<link rel=\"canonical\" href=\"https:\/\/baterii-stivuitor.ro\/en\/gdpr\/\" \/>\n<meta property=\"og:locale\" content=\"en_US\" \/>\n<meta property=\"og:type\" content=\"article\" \/>\n<meta property=\"og:title\" content=\"GDPR - Baterii stivuitor\" \/>\n<meta property=\"og:description\" content=\"GDPR Hakuservice Hakuservice Processing S.R.L., cu sediul social \u00een Carei, str. Gr\u0103dina Viilor nr. 285\/B, \u0219i punct de lucru \u00een jude\u021bul Satu Mare, str. Mihai Viteazu nr. 121, \u00eenregistrat\u0103 la Oficiul Registrului Comer\u021bului sub nr. J30\/157\/2015 \u0219i av\u00e2nd Codul Unic de \u00cenregistrare RO34193410, \u00eendepline\u0219te rolul de operator de date cu caracter personal. Datele cu caracter [&hellip;]\" \/>\n<meta property=\"og:url\" content=\"https:\/\/baterii-stivuitor.ro\/en\/gdpr\/\" \/>\n<meta property=\"og:site_name\" content=\"Baterii stivuitor\" \/>\n<meta property=\"article:modified_time\" content=\"2025-02-14T08:59:33+00:00\" \/>\n<meta name=\"twitter:card\" content=\"summary_large_image\" \/>\n<meta name=\"twitter:label1\" content=\"Est. reading time\" \/>\n\t<meta name=\"twitter:data1\" content=\"4 minutes\" \/>\n<script type=\"application\/ld+json\" class=\"yoast-schema-graph\">{\"@context\":\"https:\/\/schema.org\",\"@graph\":[{\"@type\":\"WebPage\",\"@id\":\"https:\/\/baterii-stivuitor.ro\/gdpr\/\",\"url\":\"https:\/\/baterii-stivuitor.ro\/gdpr\/\",\"name\":\"GDPR - Baterii stivuitor\",\"isPartOf\":{\"@id\":\"https:\/\/baterii-stivuitor.ro\/#website\"},\"datePublished\":\"2024-03-20T09:35:37+00:00\",\"dateModified\":\"2025-02-14T08:59:33+00:00\",\"breadcrumb\":{\"@id\":\"https:\/\/baterii-stivuitor.ro\/gdpr\/#breadcrumb\"},\"inLanguage\":\"en-US\",\"potentialAction\":[{\"@type\":\"ReadAction\",\"target\":[\"https:\/\/baterii-stivuitor.ro\/gdpr\/\"]}]},{\"@type\":\"BreadcrumbList\",\"@id\":\"https:\/\/baterii-stivuitor.ro\/gdpr\/#breadcrumb\",\"itemListElement\":[{\"@type\":\"ListItem\",\"position\":1,\"name\":\"Prima pagin\u0103\",\"item\":\"https:\/\/baterii-stivuitor.ro\/\"},{\"@type\":\"ListItem\",\"position\":2,\"name\":\"GDPR\"}]},{\"@type\":\"WebSite\",\"@id\":\"https:\/\/baterii-stivuitor.ro\/#website\",\"url\":\"https:\/\/baterii-stivuitor.ro\/\",\"name\":\"Baterii stivuitor\",\"description\":\"\",\"potentialAction\":[{\"@type\":\"SearchAction\",\"target\":{\"@type\":\"EntryPoint\",\"urlTemplate\":\"https:\/\/baterii-stivuitor.ro\/?s={search_term_string}\"},\"query-input\":{\"@type\":\"PropertyValueSpecification\",\"valueRequired\":true,\"valueName\":\"search_term_string\"}}],\"inLanguage\":\"en-US\"}]}<\/script>\n<!-- \/ Yoast SEO plugin. -->","yoast_head_json":{"title":"GDPR - Baterii stivuitor","robots":{"index":"index","follow":"follow","max-snippet":"max-snippet:-1","max-image-preview":"max-image-preview:large","max-video-preview":"max-video-preview:-1"},"canonical":"https:\/\/baterii-stivuitor.ro\/en\/gdpr\/","og_locale":"en_US","og_type":"article","og_title":"GDPR - Baterii stivuitor","og_description":"GDPR Hakuservice Hakuservice Processing S.R.L., cu sediul social \u00een Carei, str. Gr\u0103dina Viilor nr. 285\/B, \u0219i punct de lucru \u00een jude\u021bul Satu Mare, str. Mihai Viteazu nr. 121, \u00eenregistrat\u0103 la Oficiul Registrului Comer\u021bului sub nr. J30\/157\/2015 \u0219i av\u00e2nd Codul Unic de \u00cenregistrare RO34193410, \u00eendepline\u0219te rolul de operator de date cu caracter personal. Datele cu caracter [&hellip;]","og_url":"https:\/\/baterii-stivuitor.ro\/en\/gdpr\/","og_site_name":"Baterii stivuitor","article_modified_time":"2025-02-14T08:59:33+00:00","twitter_card":"summary_large_image","twitter_misc":{"Est. reading time":"4 minutes"},"schema":{"@context":"https:\/\/schema.org","@graph":[{"@type":"WebPage","@id":"https:\/\/baterii-stivuitor.ro\/gdpr\/","url":"https:\/\/baterii-stivuitor.ro\/gdpr\/","name":"GDPR - Baterii stivuitor","isPartOf":{"@id":"https:\/\/baterii-stivuitor.ro\/#website"},"datePublished":"2024-03-20T09:35:37+00:00","dateModified":"2025-02-14T08:59:33+00:00","breadcrumb":{"@id":"https:\/\/baterii-stivuitor.ro\/gdpr\/#breadcrumb"},"inLanguage":"en-US","potentialAction":[{"@type":"ReadAction","target":["https:\/\/baterii-stivuitor.ro\/gdpr\/"]}]},{"@type":"BreadcrumbList","@id":"https:\/\/baterii-stivuitor.ro\/gdpr\/#breadcrumb","itemListElement":[{"@type":"ListItem","position":1,"name":"Prima pagin\u0103","item":"https:\/\/baterii-stivuitor.ro\/"},{"@type":"ListItem","position":2,"name":"GDPR"}]},{"@type":"WebSite","@id":"https:\/\/baterii-stivuitor.ro\/#website","url":"https:\/\/baterii-stivuitor.ro\/","name":"Baterii stivuitor","description":"","potentialAction":[{"@type":"SearchAction","target":{"@type":"EntryPoint","urlTemplate":"https:\/\/baterii-stivuitor.ro\/?s={search_term_string}"},"query-input":{"@type":"PropertyValueSpecification","valueRequired":true,"valueName":"search_term_string"}}],"inLanguage":"en-US"}]}},"_links":{"self":[{"href":"https:\/\/baterii-stivuitor.ro\/en\/wp-json\/wp\/v2\/pages\/7611","targetHints":{"allow":["GET"]}}],"collection":[{"href":"https:\/\/baterii-stivuitor.ro\/en\/wp-json\/wp\/v2\/pages"}],"about":[{"href":"https:\/\/baterii-stivuitor.ro\/en\/wp-json\/wp\/v2\/types\/page"}],"author":[{"embeddable":true,"href":"https:\/\/baterii-stivuitor.ro\/en\/wp-json\/wp\/v2\/users\/1"}],"replies":[{"embeddable":true,"href":"https:\/\/baterii-stivuitor.ro\/en\/wp-json\/wp\/v2\/comments?post=7611"}],"version-history":[{"count":26,"href":"https:\/\/baterii-stivuitor.ro\/en\/wp-json\/wp\/v2\/pages\/7611\/revisions"}],"predecessor-version":[{"id":9938,"href":"https:\/\/baterii-stivuitor.ro\/en\/wp-json\/wp\/v2\/pages\/7611\/revisions\/9938"}],"wp:attachment":[{"href":"https:\/\/baterii-stivuitor.ro\/en\/wp-json\/wp\/v2\/media?parent=7611"}],"curies":[{"name":"wp","href":"https:\/\/api.w.org\/{rel}","templated":true}]}}